{"id":90,"date":"2017-04-28T09:06:40","date_gmt":"2017-04-28T08:06:40","guid":{"rendered":"https:\/\/www.katarinka.sk\/?page_id=90"},"modified":"2023-01-10T17:23:00","modified_gmt":"2023-01-10T16:23:00","slug":"sponzori-granty-a-podporovatelia","status":"publish","type":"page","link":"https:\/\/www.katarinka.sk\/en\/the-project-katarinka\/sponsors-and-supporters\/","title":{"rendered":"Sponsors, partners and similar projects"},"content":{"rendered":"<p><\/p>\n<h2>Sponsors<\/h2>\n<p>Current sponsors are listed at the bottom of the site.<\/p>\n<h2>Partners<\/h2>\n<ul>\n<li><a href=\"http:\/\/www.dechtice.sk\/\">Municipal office of the village of Dechtice<\/a><\/li>\n<li><a href=\"http:\/\/www.obnova.eu\/\">Obnova, s.r.o.<\/a> &#8211; Monuments, crafts and collections<\/li>\n<li>The State Forest Enterprise \u201cForests of the Slovak Republic\u201d, Bansk\u00e1 Bystrica, the forest district of Smolenice<\/li>\n<li><a href=\"http:\/\/www.frantiskani.sk\/\">Order of Friars Minor (Franciscan)<\/a><\/li>\n<li><a href=\"http:\/\/www.leustach.sk\/hrad-hrusov\">Leustach n.g.o. &#8211; Hru\u0161ov castle<\/a><\/li>\n<li><a href=\"http:\/\/www.sopsr.sk\/index.php?page=posobnost&amp;id=12\">Little Carpathians Protected Landscape Area Administration<\/a><\/li>\n<li>Western Slovakian Museum in Trnava and the Homeland Museum in Hlohovec<\/li>\n<li>The Monuments Board of the Slovak Republic (Trnava)<\/li>\n<li>Prodis, Ltd., Bratislava \u2013 designing and diagnostics of buildings<\/li>\n<li><a href=\"http:\/\/www.pokladyslovenska.sk\/\">Skryt\u00e9 poklady Slovenska<\/a><\/li>\n<li><a title=\"Kres\u0165ansk\u00e9 podujatia, chv\u00e1ly, festivaly, plesy, duchovn\u00e9 cvi\u010denia a obnovy, ....\" href=\"http:\/\/www.vyveska.sk\">V\u00fdveska.sk<\/a><\/li>\n<li><a href=\"http:\/\/www.sdetmi.com\" target=\"_blank\" rel=\"noopener noreferrer\">SDETMI.com<\/a><\/li>\n<\/ul>\n<h2>Annual reports (Slovak only)<\/h2>\n<ul>\n<li>Annual reports can be found at the\u00a0 <a href=\"https:\/\/www.katarinka.sk\/en\/the-project-katarinka\/\">About the Project page<\/a><\/li>\n<\/ul>\n<h2>Similar camps<\/h2>\n<ul>\n<li>Our brotherly camp <a href=\"http:\/\/dubovacolonorum.sk\/\" target=\"_blank\" rel=\"noopener noreferrer\"> Dubova Colonorum<\/a><\/li>\n<li>Saving of a monastery in The National Park Slovak Paradise: <a href=\"https:\/\/www.klastorisko.eu\/en\/\" target=\"_blank\" rel=\"noopener noreferrer\">Kl\u00e1\u0161torisko<\/a><\/li>\n<li>Association of Carpathian Environmental Altruists: <a href=\"http:\/\/www.koza.sk\/\" target=\"_blank\" rel=\"noopener noreferrer\">KOZA<\/a><\/li>\n<li><a href=\"http:\/\/stromzivota.sk\/\" target=\"_blank\" rel=\"noopener noreferrer\">Strom \u017eivota (Tree of Life)<\/a><\/li>\n<li>Ideal Teenager Activity: <a href=\"http:\/\/www.ima.sk\/\" target=\"_blank\" rel=\"noopener noreferrer\">IMA<\/a><\/li>\n<li><a href=\"http:\/\/www.brontosaurus.cz\/en\/\" target=\"_blank\" rel=\"noopener noreferrer\">Hnut\u00ed Brontosaurus<\/a><\/li>\n<\/ul>\n<h2>Our patrons<\/h2>\n<ul>\n<li><a href=\"http:\/\/www.zksm.sk\">ZKSM<\/a> (Association of Youth Christian Communities)<img loading=\"lazy\" decoding=\"async\" class=\"size-full wp-image-1288 alignright\" src=\"https:\/\/www.katarinka.sk\/wp-content\/uploads\/2017\/11\/zksm-logo.png\" alt=\"\" width=\"152\" height=\"92\" srcset=\"https:\/\/www.katarinka.sk\/wp-content\/uploads\/2017\/11\/zksm-logo.png 152w, https:\/\/www.katarinka.sk\/wp-content\/uploads\/2017\/11\/zksm-logo-150x92.png 150w\" sizes=\"auto, (max-width: 152px) 100vw, 152px\" \/><\/li>\n<li>Village <a href=\"https:\/\/www.dechtice.sk\/\" target=\"_blank\" rel=\"noopener noreferrer\">Dechtice<\/a><\/li>\n<\/ul>\n<h2>Castles, palaces, monasteries, cultural monuments<\/h2>\n<h2 style=\"padding-left: 60px;\">In Slovakia<\/h2>\n<ul>\n<li><a href=\"http:\/\/www.hrady.sk\/\" target=\"_blank\" rel=\"noopener noreferrer\">www.hrady.sk<\/a> &#8211; all about Slovak castles<\/li>\n<li><img loading=\"lazy\" decoding=\"async\" class=\"size-full wp-image-1289 alignright\" src=\"https:\/\/www.katarinka.sk\/wp-content\/uploads\/2017\/11\/zachranmehrady.gif\" alt=\"\" width=\"118\" height=\"48\" \/><a href=\"http:\/\/www.zachranmehrady.sk\/\" target=\"_blank\" rel=\"noopener noreferrer\">www.zachranmehrady.sk<\/a> &#8211; association of organizations saving Slovak castles<\/li>\n<li><a href=\"http:\/\/www.obnova.sk\/\" target=\"_blank\" rel=\"noopener noreferrer\">www.obnova.sk<\/a> &#8211; web page dedicated to cultural monuments, collections and antiquities<\/li>\n<li><a href=\"http:\/\/www.pamiatky.sk\/en\" target=\"_blank\" rel=\"noopener noreferrer\">www.pamiatky.sk\/en<\/a> &#8211; the main web page of the Monuments Board of the Slovak Republic<\/li>\n<li><a href=\"http:\/\/www.zskosariska.sk\/zeleznica\/\">forest railway Smolenice &#8211; Dobr\u00e1 Voda<\/a> (1899-1961)<\/li>\n<\/ul>\n<h2><\/h2>\n<h2 style=\"padding-left: 60px;\">All around the world<\/h2>\n<ul>\n<li><a href=\"http:\/\/www.hrady.cz\/\" target=\"_blank\" rel=\"noopener noreferrer\">www.hrady.cz<\/a> &#8211; information about Czech castles, palaces and ruins<\/li>\n<li><a href=\"http:\/\/www.castles-of-britain.com\/\" target=\"_blank\" rel=\"noopener noreferrer\">Castles in the Great Britain<\/a><\/li>\n<li>Castles and fortresses in Germany: <a href=\"http:\/\/www.burgenwelt.de\/\">burgenwelt.de<\/a>, <a href=\"http:\/\/www.burgen.de\/\">burgen.de<\/a><\/li>\n<li><a href=\"http:\/\/www.swisscastles.ch\/\" target=\"_blank\" rel=\"noopener noreferrer\">Castles in Switzerland<\/a><\/li>\n<li><a href=\"http:\/\/www.castlesontheweb.com\/\" target=\"_blank\" rel=\"noopener noreferrer\">Castles on the Web<\/a><\/li>\n<\/ul>\n<h2>\u00a0Interesting information<\/h2>\n<ul>\n<li>en.wikipedia.org:\u00a0<a href=\"https:\/\/en.wikipedia.org\/wiki\/Katar%C3%ADnka\">Katar\u00ednka<\/a> (the article is in English)<\/li>\n<li>vitajtevtrnave.sk: <a href=\"http:\/\/www.vitajtevtrnave.sk\/en\/register\/katarinka-nature-trail\">Katar\u00ednka Nature Trail<\/a><\/li>\n<li>slovakia.travel: <a href=\"http:\/\/slovakia.travel\/en\/church-and-monastery-of-st-catherine\">Church and Monastery of St. Catherine <\/a><\/li>\n<li>SDETMI.com: <a href=\"http:\/\/sdetmi.com\/podujatia\/detail\/27259\/katarinka-dechtice\/\" target=\"_blank\" rel=\"noopener noreferrer\">Planning your activities with children<\/a> (the article is in Slovak)<\/li>\n<\/ul>\n<p>&nbsp;<\/p>","protected":false},"excerpt":{"rendered":"<p>Sponsors Current sponsors are listed at the bottom of the site. Partners Municipal office of the village of Dechtice Obnova, s.r.o. &#8211; Monuments, crafts and collections The State Forest Enterprise \u201cForests of the Slovak Republic\u201d, Bansk\u00e1 Bystrica, the forest district of Smolenice Order of Friars Minor (Franciscan) Leustach n.g.o. &#8211; Hru\u0161ov castle Little Carpathians Protected <a class=\"read-more\" href=\"https:\/\/www.katarinka.sk\/en\/the-project-katarinka\/sponsors-and-supporters\/\">Read More<\/a><\/p>\n","protected":false},"author":1,"featured_media":0,"parent":12,"menu_order":0,"comment_status":"closed","ping_status":"closed","template":"","meta":{"footnotes":""},"class_list":["post-90","page","type-page","status-publish","hentry"],"_links":{"self":[{"href":"https:\/\/www.katarinka.sk\/en\/wp-json\/wp\/v2\/pages\/90","targetHints":{"allow":["GET"]}}],"collection":[{"href":"https:\/\/www.katarinka.sk\/en\/wp-json\/wp\/v2\/pages"}],"about":[{"href":"https:\/\/www.katarinka.sk\/en\/wp-json\/wp\/v2\/types\/page"}],"author":[{"embeddable":true,"href":"https:\/\/www.katarinka.sk\/en\/wp-json\/wp\/v2\/users\/1"}],"replies":[{"embeddable":true,"href":"https:\/\/www.katarinka.sk\/en\/wp-json\/wp\/v2\/comments?post=90"}],"version-history":[{"count":15,"href":"https:\/\/www.katarinka.sk\/en\/wp-json\/wp\/v2\/pages\/90\/revisions"}],"predecessor-version":[{"id":5151,"href":"https:\/\/www.katarinka.sk\/en\/wp-json\/wp\/v2\/pages\/90\/revisions\/5151"}],"up":[{"embeddable":true,"href":"https:\/\/www.katarinka.sk\/en\/wp-json\/wp\/v2\/pages\/12"}],"wp:attachment":[{"href":"https:\/\/www.katarinka.sk\/en\/wp-json\/wp\/v2\/media?parent=90"}],"curies":[{"name":"wp","href":"https:\/\/api.w.org\/{rel}","templated":true}]}}