{"id":84,"date":"2017-04-28T09:03:46","date_gmt":"2017-04-28T08:03:46","guid":{"rendered":"https:\/\/www.katarinka.sk\/?page_id=84"},"modified":"2022-12-31T12:31:53","modified_gmt":"2022-12-31T11:31:53","slug":"odborne-prace-a-vyskumy","status":"publish","type":"page","link":"https:\/\/www.katarinka.sk\/en\/katarinka-monastery\/scientific-works-and-research\/","title":{"rendered":"Scientific works and research"},"content":{"rendered":"<p><\/p>\n<h3 class=\"western\" align=\"justify\">What methodology has been used?<\/h3>\n<p class=\"western\" align=\"justify\">We usually use traditional methods, following the way of working in the 17<sup>th<\/sup> century e.g. in the preparation of the mortar based on extinguished lime or in the tower reconstruction using hand-carved beams. Exceptional cases, when we utilize current technologies and materials (like cement mortar), have been always considered and discussed with the expert committee on civil engineering and monuments. The project Katar\u00ednka has contributed to the development of methods for monuments revitalization, e.g. with the biosanation of the wall copings.<\/p>\n<h3 class=\"western\" align=\"justify\">What type of research has been conducted at Katar\u00ednka?<\/h3>\n<p class=\"western\" align=\"justify\">Quite a wide range of the research activities connected to Katar\u00ednka includes above all the archaeological excavations (since the late \u201890ies); related anthropological research deals with excavated skeletal remains. Historical research of Katar\u00ednka and dendrochronological determination of the age of the timber have confirmed that the tower was more recent than the church. The statics of the church and monastery ruin has been verified regularly due to the safety of visitors and effective planning of the works. Since 2000, several geophysical campaigns have revealed subterranean ruins of the architectural structures within the area of Katar\u00ednka.<\/p>\n<h2><a href=\"https:\/\/www.katarinka.sk\/klastor-katarinka\/odborne-prace-a-vyskum\/pamiatkova-obnova-a-technologie\/\">Conservation of monuments and technologies used<\/a><img loading=\"lazy\" decoding=\"async\" class=\"alignright wp-image-1596 size-thumbnail\" src=\"https:\/\/www.katarinka.sk\/wp-content\/uploads\/2017\/11\/P8199863-150x150.jpg\" alt=\"\" width=\"150\" height=\"150\" \/><\/h2>\n<p class=\"western\" align=\"justify\">Methods of conservation and biosanation (i.e. <span lang=\"en-GB\">grassing to protect the walls against humidity<\/span>) of the copings and the walls, restoration and statical treatment of the tower from 2005 to 2017. Materials and technologies that have been used for the conservation and revitalization of St\u00a0Catherine\u2019s Church and Monastery.<\/p>\n<p><a href=\"https:\/\/www.katarinka.sk\/klastor-katarinka\/odborne-prace-a-vyskum\/pamiatkova-obnova-a-technologie\/\">Read more&#8230;<\/a><\/p>\n<hr \/>\n<h2><a href=\"https:\/\/www.katarinka.sk\/klastor-katarinka\/historia\/\">Historic research<\/a><img loading=\"lazy\" decoding=\"async\" class=\"wp-image-821 size-thumbnail alignright\" src=\"https:\/\/www.katarinka.sk\/wp-content\/uploads\/2017\/11\/CB1960CelkPohladZblizsaXX-150x150.jpg\" alt=\"\" width=\"150\" height=\"150\" \/><\/h2>\n<p>Chronologicky zoraden\u00e9, najd\u00f4le\u017eitej\u0161ie udalosti v hist\u00f3rii Katar\u00ednky. Tieto s\u00fa spracovan\u00e9 viacer\u00fdmi autormi \u010dl\u00e1nkov, dipomov\u00fdch pr\u00e1c. Rovnako s\u00fa spracovan\u00e9 aj \u017eivotopisy osobnost\u00ed J\u00e1na Aponyiho, Benignusa Smrtn\u00edka a sv. Katar\u00edny Alexandr\u00edjskej, ktor\u00e9 sa via\u017eu k tomuto miestu.<\/p>\n<p><a href=\"https:\/\/www.katarinka.sk\/klastor-katarinka\/historia\/\">Read more about Katar\u00ednka history&#8230;<\/a><\/p>\n<hr \/>\n<h2><a href=\"https:\/\/www.katarinka.sk\/klastor-katarinka\/odborne-prace-a-vyskum\/antropologicky-vyskum\/\">Anthropological research<\/a><img loading=\"lazy\" decoding=\"async\" class=\"alignright wp-image-759 size-thumbnail\" src=\"https:\/\/www.katarinka.sk\/wp-content\/uploads\/2017\/11\/20140827_09.46_IMG_7436_Katarinka_6.druzina_buracka-150x150.jpg\" alt=\"\" width=\"150\" height=\"150\" \/><\/h2>\n<p class=\"western\" align=\"justify\">Anthropologic research at Katar\u00ednka has dealt with skeletal remains of about 27\u00a0individuals that were found in the crypt in the northeastern part of the aisle of St\u00a0Catherine\u2018s Church by archaeological research between 2000 and 2011.<\/p>\n<p><a href=\"https:\/\/www.katarinka.sk\/klastor-katarinka\/odborne-prace-a-vyskum\/antropologicky-vyskum\/\">Read more&#8230;<\/a><\/p>\n<hr \/>\n<h2><a href=\"https:\/\/www.katarinka.sk\/klastor-katarinka\/odborne-prace-a-vyskum\/geofyzikalny-vyskum\/\">Geophysical research<\/a><img loading=\"lazy\" decoding=\"async\" class=\"alignright wp-image-1759 size-thumbnail\" src=\"https:\/\/www.katarinka.sk\/wp-content\/uploads\/2017\/04\/geofyzika1-150x150.jpg\" alt=\"\" width=\"150\" height=\"150\" \/><\/h2>\n<p>Na Katar\u00ednke prebehol 27. (pr\u00edprava) a 28.7.2009 (merania) intenz\u00edvny geofyzik\u00e1lny v\u00fdskum v r\u00e1mci podujatia Letn\u00e1 \u0161kola geofyziky &#8211; INCA 2009 (International Course on ArchaeoGeophysics). Toto podujatie je organizovan\u00e9 Univerzitou Komensk\u00e9ho v Bratislave, Christian-Albrechts-Universit\u00e4t v Kieli v Nemecku a Kocaeli \u00dcniversitesi v Turecku.<\/p>\n<p><a href=\"https:\/\/www.katarinka.sk\/klastor-katarinka\/odborne-prace-a-vyskum\/geofyzikalny-vyskum\/\">Read more&#8230;<\/a><\/p>\n<hr \/>\n<h2><a href=\"https:\/\/www.katarinka.sk\/klastor-katarinka\/odborne-prace-a-vyskum\/archeologicky-vyskum\/\">Archaeological research<\/a><img loading=\"lazy\" decoding=\"async\" class=\"alignright wp-image-763 size-thumbnail\" src=\"https:\/\/www.katarinka.sk\/wp-content\/uploads\/2017\/11\/IMG_1841-150x150.jpg\" alt=\"\" width=\"150\" height=\"150\" \/><\/h2>\n<p class=\"western\" align=\"justify\">In the last years, the research of Franciscan St\u00a0Catherine\u2018s Church and Monastery near the village of Dechtice has been aimed to the history of the site before the arrival of the Franciscan monks who were invited by Cristopher Erd<span style=\"font-family: Liberation Serif, Times New Roman, serif;\">\u00f6<\/span>dy at the beginning of the 17<sup>th<\/sup>\u00a0century.<\/p>\n<p><a href=\"https:\/\/www.katarinka.sk\/klastor-katarinka\/odborne-prace-a-vyskum\/archeologicky-vyskum\/\">Read more&#8230;<\/a><\/p>\n<hr \/>\n<h2><a href=\"https:\/\/www.katarinka.sk\/klastor-katarinka\/odborne-prace-a-vyskum\/publikacie-o-katarinke\/\">Publications about Katar\u00ednka<\/a><img loading=\"lazy\" decoding=\"async\" class=\"alignright size-thumbnail wp-image-1762\" src=\"https:\/\/www.katarinka.sk\/wp-content\/uploads\/2017\/04\/publikacie-150x150.png\" alt=\"\" width=\"150\" height=\"150\" \/><\/h2>\n<p>List of publications where the church and monastery of St. Katarina \/ project Katar\u00ednka is mentioned, and the text itself. Slovak language only!<\/p>\n<p><a href=\"https:\/\/www.katarinka.sk\/klastor-katarinka\/odborne-prace-a-vyskum\/publikacie-o-katarinke\/\">Read more&#8230;<\/a><\/p>","protected":false},"excerpt":{"rendered":"<p>What methodology has been used? We usually use traditional methods, following the way of working in the 17th century e.g. in the preparation of the mortar based on extinguished lime or in the tower reconstruction using hand-carved beams. Exceptional cases, when we utilize current technologies and materials (like cement mortar), have been always considered and <a class=\"read-more\" href=\"https:\/\/www.katarinka.sk\/en\/katarinka-monastery\/scientific-works-and-research\/\">Read More<\/a><\/p>\n","protected":false},"author":1,"featured_media":0,"parent":2,"menu_order":0,"comment_status":"closed","ping_status":"closed","template":"","meta":{"footnotes":""},"class_list":["post-84","page","type-page","status-publish","hentry"],"_links":{"self":[{"href":"https:\/\/www.katarinka.sk\/en\/wp-json\/wp\/v2\/pages\/84","targetHints":{"allow":["GET"]}}],"collection":[{"href":"https:\/\/www.katarinka.sk\/en\/wp-json\/wp\/v2\/pages"}],"about":[{"href":"https:\/\/www.katarinka.sk\/en\/wp-json\/wp\/v2\/types\/page"}],"author":[{"embeddable":true,"href":"https:\/\/www.katarinka.sk\/en\/wp-json\/wp\/v2\/users\/1"}],"replies":[{"embeddable":true,"href":"https:\/\/www.katarinka.sk\/en\/wp-json\/wp\/v2\/comments?post=84"}],"version-history":[{"count":15,"href":"https:\/\/www.katarinka.sk\/en\/wp-json\/wp\/v2\/pages\/84\/revisions"}],"predecessor-version":[{"id":5093,"href":"https:\/\/www.katarinka.sk\/en\/wp-json\/wp\/v2\/pages\/84\/revisions\/5093"}],"up":[{"embeddable":true,"href":"https:\/\/www.katarinka.sk\/en\/wp-json\/wp\/v2\/pages\/2"}],"wp:attachment":[{"href":"https:\/\/www.katarinka.sk\/en\/wp-json\/wp\/v2\/media?parent=84"}],"curies":[{"name":"wp","href":"https:\/\/api.w.org\/{rel}","templated":true}]}}