{"id":7186,"date":"2026-04-27T21:57:59","date_gmt":"2026-04-27T19:57:59","guid":{"rendered":"https:\/\/www.katarinka.sk\/?page_id=7186"},"modified":"2026-04-27T22:20:10","modified_gmt":"2026-04-27T20:20:10","slug":"skolske-exkurzie-na-katarinku","status":"publish","type":"page","link":"https:\/\/www.katarinka.sk\/en\/the-project-katarinka\/slovencina-skolske-exkurzie-na-katarinku\/","title":{"rendered":"(Sloven\u010dina) \u0160kolsk\u00e9 exkurzie na Katar\u00ednku"},"content":{"rendered":"<p class=\"qtranxs-available-languages-message qtranxs-available-languages-message-en\">Sorry, this entry is only available in <a href=\"https:\/\/www.katarinka.sk\/sk\/wp-json\/wp\/v2\/pages\/7186\" class=\"qtranxs-available-language-link qtranxs-available-language-link-sk\" title=\"Sloven\u010dina\">Sloven\u010dina<\/a>.<\/p>","protected":false},"excerpt":{"rendered":"<p>Sorry, this entry is only available in Sloven\u010dina.<\/p>\n","protected":false},"author":63,"featured_media":0,"parent":12,"menu_order":0,"comment_status":"closed","ping_status":"closed","template":"","meta":{"footnotes":""},"class_list":["post-7186","page","type-page","status-publish","hentry"],"_links":{"self":[{"href":"https:\/\/www.katarinka.sk\/en\/wp-json\/wp\/v2\/pages\/7186","targetHints":{"allow":["GET"]}}],"collection":[{"href":"https:\/\/www.katarinka.sk\/en\/wp-json\/wp\/v2\/pages"}],"about":[{"href":"https:\/\/www.katarinka.sk\/en\/wp-json\/wp\/v2\/types\/page"}],"author":[{"embeddable":true,"href":"https:\/\/www.katarinka.sk\/en\/wp-json\/wp\/v2\/users\/63"}],"replies":[{"embeddable":true,"href":"https:\/\/www.katarinka.sk\/en\/wp-json\/wp\/v2\/comments?post=7186"}],"version-history":[{"count":13,"href":"https:\/\/www.katarinka.sk\/en\/wp-json\/wp\/v2\/pages\/7186\/revisions"}],"predecessor-version":[{"id":7202,"href":"https:\/\/www.katarinka.sk\/en\/wp-json\/wp\/v2\/pages\/7186\/revisions\/7202"}],"up":[{"embeddable":true,"href":"https:\/\/www.katarinka.sk\/en\/wp-json\/wp\/v2\/pages\/12"}],"wp:attachment":[{"href":"https:\/\/www.katarinka.sk\/en\/wp-json\/wp\/v2\/media?parent=7186"}],"curies":[{"name":"wp","href":"https:\/\/api.w.org\/{rel}","templated":true}]}}