{"id":6891,"date":"2025-09-05T15:59:45","date_gmt":"2025-09-05T13:59:45","guid":{"rendered":"https:\/\/www.katarinka.sk\/?page_id=6891"},"modified":"2025-09-05T16:00:15","modified_gmt":"2025-09-05T14:00:15","slug":"6891-2","status":"publish","type":"page","link":"https:\/\/www.katarinka.sk\/en\/6891-2\/","title":{"rendered":"(Sloven\u010dina) Zistite o Katar\u00ednke viac od na\u0161ej archeologi\u010dky"},"content":{"rendered":"<p class=\"qtranxs-available-languages-message qtranxs-available-languages-message-en\">Sorry, this entry is only available in <a href=\"https:\/\/www.katarinka.sk\/sk\/wp-json\/wp\/v2\/pages\/6891\" class=\"qtranxs-available-language-link qtranxs-available-language-link-sk\" title=\"Sloven\u010dina\">Sloven\u010dina<\/a>.<\/p>","protected":false},"excerpt":{"rendered":"<p>Sorry, this entry is only available in Sloven\u010dina.<\/p>\n","protected":false},"author":45,"featured_media":0,"parent":0,"menu_order":0,"comment_status":"closed","ping_status":"closed","template":"","meta":{"footnotes":""},"class_list":["post-6891","page","type-page","status-publish","hentry"],"_links":{"self":[{"href":"https:\/\/www.katarinka.sk\/en\/wp-json\/wp\/v2\/pages\/6891","targetHints":{"allow":["GET"]}}],"collection":[{"href":"https:\/\/www.katarinka.sk\/en\/wp-json\/wp\/v2\/pages"}],"about":[{"href":"https:\/\/www.katarinka.sk\/en\/wp-json\/wp\/v2\/types\/page"}],"author":[{"embeddable":true,"href":"https:\/\/www.katarinka.sk\/en\/wp-json\/wp\/v2\/users\/45"}],"replies":[{"embeddable":true,"href":"https:\/\/www.katarinka.sk\/en\/wp-json\/wp\/v2\/comments?post=6891"}],"version-history":[{"count":2,"href":"https:\/\/www.katarinka.sk\/en\/wp-json\/wp\/v2\/pages\/6891\/revisions"}],"predecessor-version":[{"id":6893,"href":"https:\/\/www.katarinka.sk\/en\/wp-json\/wp\/v2\/pages\/6891\/revisions\/6893"}],"wp:attachment":[{"href":"https:\/\/www.katarinka.sk\/en\/wp-json\/wp\/v2\/media?parent=6891"}],"curies":[{"name":"wp","href":"https:\/\/api.w.org\/{rel}","templated":true}]}}