{"id":33,"date":"2017-04-27T09:18:02","date_gmt":"2017-04-27T08:18:02","guid":{"rendered":"https:\/\/www.katarinka.sk\/?page_id=33"},"modified":"2025-05-20T11:39:33","modified_gmt":"2025-05-20T09:39:33","slug":"kontakt","status":"publish","type":"page","link":"https:\/\/www.katarinka.sk\/en\/contact\/","title":{"rendered":"Contact"},"content":{"rendered":"<p><\/p>\n<table class=\"class\" style=\"height: 279px;\">\n<tbody>\n<tr style=\"height: 92px;\">\n<th style=\"height: 92px;\">Postal address:<\/th>\n<td style=\"height: 92px;\">KATAR\u00cdNKA<br \/>\n\u0160\u00e1ndorova 8<br \/>\n821 03 BRATISLAVA 2<br \/>\nSlovakia<\/td>\n<\/tr>\n<tr style=\"height: 92px;\">\n<th style=\"height: 92px;\">Phone:<br \/>\n(password: Katarinka)<\/th>\n<td style=\"height: 92px;\">+421 908 811 033 <small>Peter Herceg (Benignus) &#8211; chairman of the association)<\/small><br \/>\n+421 902 886 628 <small>(Katar\u00edna E\u010deryov\u00e1 (Elpida) &#8211; secretary of the association<\/small><br \/>\n+421 2 43294373 <small>(HQ landline)<\/small><\/td>\n<\/tr>\n<tr style=\"height: 47px;\">\n<th style=\"height: 47px;\"><strong>Bank contact<\/strong><\/th>\n<td style=\"height: 47px;\">(to support project &#8211; Katar\u00ednka NGO):<br \/>\nIBAN: SK14 1100 0000 0026 2076 2742<\/td>\n<\/tr>\n<tr style=\"height: 24px;\">\n<th style=\"height: 24px;\">E-mail:<\/th>\n<td style=\"height: 24px;\"><a href=\"mailto:katarinka@katarinka.sk\">katarinka@katarinka.sk<\/a><\/td>\n<\/tr>\n<tr style=\"height: 69px;\">\n<th style=\"height: 69px;\">Visitors, guided tours:<\/th>\n<td style=\"height: 69px;\"><a href=\"mailto:visitors@katarinka.sk\">visitors@katarinka.sk<\/a><br \/>\nQuestions, feedback and requests regarding visits and guided tours at Katarinka<\/td>\n<\/tr>\n<tr style=\"height: 47px;\">\n<th style=\"height: 47px;\"><strong>Any note regarding website:<\/strong><\/th>\n<td style=\"height: 47px;\"><a href=\"mailto:webmaster@katarinka.sk\">webmaster@katarinka.sk<\/a><\/td>\n<\/tr>\n<tr style=\"height: 24px;\">\n<th style=\"height: 24px;\">Privacy:<strong><br \/>\n<\/strong><\/th>\n<td style=\"height: 24px;\">gdpr@katarinka.sk<\/td>\n<\/tr>\n<\/tbody>\n<\/table>\n<hr \/>\n<h2>Contributing organizations<\/h2>\n<table style=\"height: 142px;\">\n<tbody>\n<tr style=\"height: 46px;\">\n<th style=\"height: 46px;\" width=\"50%\">KATAR\u00cdNKA, n.g.o.<br \/>\n(<a href=\"\/dokumenty\/stanovy\/stanovy_oz_katarinka.pdf\">code of rules | n.g.o. Katar\u00ednka<\/a>)<\/th>\n<th style=\"height: 46px;\" width=\"50%\">Association of the Youth Christian Communities (<a href=\"http:\/\/www.zksm.sk\/\">www.zksm.sk<\/a>)<\/th>\n<\/tr>\n<tr style=\"height: 24px;\">\n<td style=\"height: 24px;\">\u0160\u00e1ndorova 8<\/td>\n<td style=\"height: 24px;\">Doln\u00fd \u0160ianec 1013\/1<\/td>\n<\/tr>\n<tr style=\"height: 24px;\">\n<td style=\"height: 24px;\">821 03 Bratislava, Slovakia<\/td>\n<td style=\"height: 24px;\">911 01 Tren\u010d\u00edn, Slovakia<\/td>\n<\/tr>\n<tr style=\"height: 24px;\">\n<td style=\"height: 24px;\">I\u010cO: 30856841<\/td>\n<td style=\"height: 24px;\">I\u010cO: 00 641 162<\/td>\n<\/tr>\n<tr style=\"height: 24px;\">\n<td style=\"height: 24px;\">DI\u010c: 2021941680<\/td>\n<td style=\"height: 24px;\">DI\u010c: 2020 84 85 22<\/p>\n<p>Post correspondence address:<br \/>\nP.O. BOX 117<br \/>\n080 01 Pre\u0161ov<\/td>\n<\/tr>\n<\/tbody>\n<\/table>\n<p>&nbsp;<\/p>","protected":false},"excerpt":{"rendered":"<p>Postal address: KATAR\u00cdNKA \u0160\u00e1ndorova 8 821 03 BRATISLAVA 2 Slovakia Phone: (password: Katarinka) +421 908 811 033 Peter Herceg (Benignus) &#8211; chairman of the association) +421 902 886 628 (Katar\u00edna E\u010deryov\u00e1 (Elpida) &#8211; secretary of the association +421 2 43294373 (HQ landline) Bank contact (to support project &#8211; Katar\u00ednka NGO): IBAN: SK14 1100 0000 0026 <a class=\"read-more\" href=\"https:\/\/www.katarinka.sk\/en\/contact\/\">Read More<\/a><\/p>\n","protected":false},"author":1,"featured_media":0,"parent":0,"menu_order":0,"comment_status":"closed","ping_status":"closed","template":"","meta":{"footnotes":""},"class_list":["post-33","page","type-page","status-publish","hentry"],"_links":{"self":[{"href":"https:\/\/www.katarinka.sk\/en\/wp-json\/wp\/v2\/pages\/33","targetHints":{"allow":["GET"]}}],"collection":[{"href":"https:\/\/www.katarinka.sk\/en\/wp-json\/wp\/v2\/pages"}],"about":[{"href":"https:\/\/www.katarinka.sk\/en\/wp-json\/wp\/v2\/types\/page"}],"author":[{"embeddable":true,"href":"https:\/\/www.katarinka.sk\/en\/wp-json\/wp\/v2\/users\/1"}],"replies":[{"embeddable":true,"href":"https:\/\/www.katarinka.sk\/en\/wp-json\/wp\/v2\/comments?post=33"}],"version-history":[{"count":30,"href":"https:\/\/www.katarinka.sk\/en\/wp-json\/wp\/v2\/pages\/33\/revisions"}],"predecessor-version":[{"id":6743,"href":"https:\/\/www.katarinka.sk\/en\/wp-json\/wp\/v2\/pages\/33\/revisions\/6743"}],"wp:attachment":[{"href":"https:\/\/www.katarinka.sk\/en\/wp-json\/wp\/v2\/media?parent=33"}],"curies":[{"name":"wp","href":"https:\/\/api.w.org\/{rel}","templated":true}]}}