{"id":2962,"date":"2018-05-17T09:15:16","date_gmt":"2018-05-17T08:15:16","guid":{"rendered":"https:\/\/www.katarinka.sk\/?page_id=2962"},"modified":"2023-01-04T11:34:43","modified_gmt":"2023-01-04T10:34:43","slug":"stan-sa-mecenom-katarinky-a-podpor-nas","status":"publish","type":"page","link":"https:\/\/www.katarinka.sk\/en\/faq\/how-can-i-support-you\/mecens\/","title":{"rendered":"Become a benefactor of Katar\u00ednka and support us!"},"content":{"rendered":"<p>Earl Gabriel Erd\u00f6dy (the son of Kri\u0161tof Erd\u00f6dy \u2013 the founder of the monastery) and his wife\u00a0Judita Amade were great benefactors of Katar\u00ednka. In their times, a\u00a0reconstruction and a renovation of the monastery as well as an extension of the church into a\u00a0larger temple were performed thanks to their generous contributions; Gabriel and\u00a0Judita thus elevated the church and monastery and enabled their further existence and development. A\u00a0benefactor (in Slovak: mec\u00e9n or mecen\u00e1\u0161) is therefore perceived as a <strong>supporter, sympathiser, helper, patron or sponsor.<\/strong><\/p>\n<p>Many of us cannot participate at the events at Katar\u00ednka and come as often as wished for work and family reasons, but they developed an attachment to Katar\u00ednka and would like to support it continually. Or, as the case may be, there are several ones of you who would like to help Katar\u00ednka regularly also \u201coutside the season\u201d and are looking for a\u00a0convenient way to do it.<\/p>\n<p>It is exactly for those of you for whom benefactorship \u2013 regular donations or continual financial support of\u00a0the Katar\u00ednka project performed on a\u00a0monthly basis \u2013 is destined.<\/p>\n<p>Our aim is also to ensure the running of the Katar\u00ednka project through other funding sources, such as grants and subsidies, whose results are often uncertain, and we cannot know beforehand with what sum we can count in the given year.<\/p>\n<hr \/>\n<h2>Not the amount but the regularity of your contribution is important!<\/h2>\n<p>It does not matter if you can donate 3, 4, 5, 10 or 20 euros a month\u00a0\u2013 every single euro of your regular donations will help us a lot!<\/p>\n<p>In fact, thanks to regular donations of benefactors, we can plan the necessary work, buying of construction material as well as overall funding of the upcoming work season much more efficiently.<\/p>\n<hr \/>\n<h2>How to become a\u00a0benefactor?<\/h2>\n<p>It is simple \u2013 there are only to steps to do it:<\/p>\n<h3>1<\/h3>\n<p>Write an e-mail to\u00a0<a href=\"mailto:gabriel.erdodi@katarinka.sk\">gabriel.erdodi@katarinka.sk<\/a>. This is an important step \u2013 so that we know about you and can inform you on our activities and interesting news for the benefactors.<\/p>\n<p>Please write the following information in the e-mail:<\/p>\n<ul>\n<li><strong>your first name and last name<\/strong><\/li>\n<li>the name you received at Katar\u00ednka (in case you have already been to Katar\u00ednka as a volunteer)<\/li>\n<li><strong>the sum <\/strong>you would like to donate on a regular basis<\/li>\n<li><strong>the period <\/strong>during which you plan to be donating<\/li>\n<\/ul>\n<p>We will reply to you and welcome you among the benefactors of Katar\u00ednka &#x1f642;<\/p>\n<h3>2<\/h3>\n<p>Then, please set up a <strong>standing order<\/strong> by internet banking (for a sum and a period you choose) for the following bank account number:<\/p>\n<p>IBAN:\u00a0<strong>SK14 1100 0000 0026 2076 2742<br \/>\n<\/strong>Constant symbol:\u00a0<strong>508<br \/>\n<\/strong>Note for the recipient: please write <strong>BENEFACTOR + your name<\/strong><\/p>\n<p>If you cannot donate regularly, any one-time donation to the above-mentioned account will aid us, of course.<\/p>\n<hr \/>\n<p>Thank you very much in advance for each and every donation!<\/p>","protected":false},"excerpt":{"rendered":"<p>Earl Gabriel Erd\u00f6dy (the son of Kri\u0161tof Erd\u00f6dy \u2013 the founder of the monastery) and his wife\u00a0Judita Amade were great benefactors of Katar\u00ednka. In their times, a\u00a0reconstruction and a renovation of the monastery as well as an extension of the church into a\u00a0larger temple were performed thanks to their generous contributions; Gabriel and\u00a0Judita thus elevated <a class=\"read-more\" href=\"https:\/\/www.katarinka.sk\/en\/faq\/how-can-i-support-you\/mecens\/\">Read More<\/a><\/p>\n","protected":false},"author":1,"featured_media":0,"parent":1442,"menu_order":0,"comment_status":"closed","ping_status":"closed","template":"","meta":{"footnotes":""},"class_list":["post-2962","page","type-page","status-publish","hentry"],"_links":{"self":[{"href":"https:\/\/www.katarinka.sk\/en\/wp-json\/wp\/v2\/pages\/2962","targetHints":{"allow":["GET"]}}],"collection":[{"href":"https:\/\/www.katarinka.sk\/en\/wp-json\/wp\/v2\/pages"}],"about":[{"href":"https:\/\/www.katarinka.sk\/en\/wp-json\/wp\/v2\/types\/page"}],"author":[{"embeddable":true,"href":"https:\/\/www.katarinka.sk\/en\/wp-json\/wp\/v2\/users\/1"}],"replies":[{"embeddable":true,"href":"https:\/\/www.katarinka.sk\/en\/wp-json\/wp\/v2\/comments?post=2962"}],"version-history":[{"count":5,"href":"https:\/\/www.katarinka.sk\/en\/wp-json\/wp\/v2\/pages\/2962\/revisions"}],"predecessor-version":[{"id":5123,"href":"https:\/\/www.katarinka.sk\/en\/wp-json\/wp\/v2\/pages\/2962\/revisions\/5123"}],"up":[{"embeddable":true,"href":"https:\/\/www.katarinka.sk\/en\/wp-json\/wp\/v2\/pages\/1442"}],"wp:attachment":[{"href":"https:\/\/www.katarinka.sk\/en\/wp-json\/wp\/v2\/media?parent=2962"}],"curies":[{"name":"wp","href":"https:\/\/api.w.org\/{rel}","templated":true}]}}