{"id":2043,"date":"2017-12-10T20:27:53","date_gmt":"2017-12-10T19:27:53","guid":{"rendered":"https:\/\/www.katarinka.sk\/?page_id=2043"},"modified":"2023-01-04T09:38:14","modified_gmt":"2023-01-04T08:38:14","slug":"noc-hradov-a-zrucanin","status":"publish","type":"page","link":"https:\/\/www.katarinka.sk\/en\/the-project-katarinka\/public-events\/night-of-castles-and-ruins\/","title":{"rendered":"Night of Castles and Ruins"},"content":{"rendered":"<p>Katar\u00ednka also participates in the national event Night of Castles and Ruins, which organizes the civic association <a href=\"http:\/\/www.zachranmehrady.sk\" target=\"_self\" rel=\"noopener\">Zachr\u00e1\u0148me hrady<\/a>. The purpose of the event is to bring anyone who comes into the ruin area in the evening (at night) an authentic experience with candle light and kerosene. There is a program of the type of historical music, tourist accompaniment or the possibility of entering the crypt.<\/p>\n<hr \/>\n<p><style type=\"text\/css\">\n#foogallery-gallery-336_1.fg-justified .fg-item { margin-right: 1px; margin-bottom: 1px; }\n#foogallery-gallery-336_1.fg-justified .fg-image { height: 200px; }<\/style>\n\t\t\t<style type=\"text\/css\">\n#foogallery-gallery-336_1.fg-justified .fg-item { margin-right: 1px; margin-bottom: 1px; }\n#foogallery-gallery-336_1.fg-justified .fg-image { height: 200px; }<\/style>\n\t\t\t<div class=\"foogallery foogallery-container foogallery-justified foogallery-lightbox-foobox fg-justified fg-ready fg-light fg-border-thin fg-shadow-outline fg-loading-default fg-loaded-fade-in fg-caption-hover fg-hover-fade fg-hover-zoom\" id=\"foogallery-gallery-336_1\" data-foogallery=\"{&quot;item&quot;:{&quot;showCaptionTitle&quot;:true,&quot;showCaptionDescription&quot;:true},&quot;lazy&quot;:true,&quot;template&quot;:{&quot;rowHeight&quot;:200,&quot;maxRowHeight&quot;:300,&quot;margins&quot;:1,&quot;align&quot;:&quot;center&quot;,&quot;lastRow&quot;:&quot;smart&quot;}}\" style=\"--fg-title-line-clamp: 0; --fg-description-line-clamp: 0;\" >\n\t<div class=\"fg-item fg-type-image fg-idle\"><figure class=\"fg-item-inner\"><a href=\"https:\/\/www.katarinka.sk\/wp-content\/uploads\/2017\/11\/20140816_20.06_IMG_6546_Katarinka_Noc_hradov_a_zrucanin.jpg\" data-attachment-id=\"352\" data-type=\"image\" class=\"fg-thumb\"><span class=\"fg-image-wrap\"><img fetchpriority=\"high\" decoding=\"async\" height=\"300\" width=\"450\" class=\"skip-lazy fg-image\" data-src-fg=\"https:\/\/www.katarinka.sk\/wp-content\/uploads\/cache\/2017\/11\/20140816_20_06_IMG_6546_Katarinka_Noc_hradov_a_zrucanin\/3473260738.jpg\" src=\"data:image\/svg+xml,%3Csvg%20xmlns%3D%22http%3A%2F%2Fwww.w3.org%2F2000%2Fsvg%22%20width%3D%22450%22%20height%3D%22300%22%20viewBox%3D%220%200%20450%20300%22%3E%3C%2Fsvg%3E\" loading=\"eager\"><\/span><span class=\"fg-image-overlay\"><\/span><\/a><\/figure><div class=\"fg-loader\"><\/div><\/div><div class=\"fg-item fg-type-image fg-idle\"><figure class=\"fg-item-inner\"><a href=\"https:\/\/www.katarinka.sk\/wp-content\/uploads\/2017\/11\/20140816_18.24_IMG_6276_Katarinka_Noc_hradov_a_zrucanin.jpg\" data-attachment-id=\"337\" data-type=\"image\" class=\"fg-thumb\"><span class=\"fg-image-wrap\"><img decoding=\"async\" height=\"300\" width=\"450\" class=\"skip-lazy fg-image\" data-src-fg=\"https:\/\/www.katarinka.sk\/wp-content\/uploads\/cache\/2017\/11\/20140816_18_24_IMG_6276_Katarinka_Noc_hradov_a_zrucanin\/3416684998.jpg\" src=\"data:image\/svg+xml,%3Csvg%20xmlns%3D%22http%3A%2F%2Fwww.w3.org%2F2000%2Fsvg%22%20width%3D%22450%22%20height%3D%22300%22%20viewBox%3D%220%200%20450%20300%22%3E%3C%2Fsvg%3E\" loading=\"eager\"><\/span><span class=\"fg-image-overlay\"><\/span><\/a><\/figure><div class=\"fg-loader\"><\/div><\/div><div class=\"fg-item fg-type-image fg-idle\"><figure class=\"fg-item-inner\"><a href=\"https:\/\/www.katarinka.sk\/wp-content\/uploads\/2017\/11\/20140816_18.28_IMG_6279_Katarinka_Noc_hradov_a_zrucanin.jpg\" data-attachment-id=\"339\" data-type=\"image\" class=\"fg-thumb\"><span class=\"fg-image-wrap\"><img decoding=\"async\" height=\"300\" width=\"450\" class=\"skip-lazy fg-image\" data-src-fg=\"https:\/\/www.katarinka.sk\/wp-content\/uploads\/cache\/2017\/11\/20140816_18_28_IMG_6279_Katarinka_Noc_hradov_a_zrucanin\/2450940336.jpg\" src=\"data:image\/svg+xml,%3Csvg%20xmlns%3D%22http%3A%2F%2Fwww.w3.org%2F2000%2Fsvg%22%20width%3D%22450%22%20height%3D%22300%22%20viewBox%3D%220%200%20450%20300%22%3E%3C%2Fsvg%3E\" loading=\"eager\"><\/span><span class=\"fg-image-overlay\"><\/span><\/a><\/figure><div class=\"fg-loader\"><\/div><\/div><div class=\"fg-item fg-type-image fg-idle\"><figure class=\"fg-item-inner\"><a href=\"https:\/\/www.katarinka.sk\/wp-content\/uploads\/2017\/11\/20140816_18.38_IMG_6289_Katarinka_Noc_hradov_a_zrucanin.jpg\" data-attachment-id=\"340\" data-type=\"image\" class=\"fg-thumb\"><span class=\"fg-image-wrap\"><img decoding=\"async\" height=\"300\" width=\"450\" class=\"skip-lazy fg-image\" data-src-fg=\"https:\/\/www.katarinka.sk\/wp-content\/uploads\/cache\/2017\/11\/20140816_18_38_IMG_6289_Katarinka_Noc_hradov_a_zrucanin\/1822993529.jpg\" src=\"data:image\/svg+xml,%3Csvg%20xmlns%3D%22http%3A%2F%2Fwww.w3.org%2F2000%2Fsvg%22%20width%3D%22450%22%20height%3D%22300%22%20viewBox%3D%220%200%20450%20300%22%3E%3C%2Fsvg%3E\" loading=\"eager\"><\/span><span class=\"fg-image-overlay\"><\/span><\/a><\/figure><div class=\"fg-loader\"><\/div><\/div><div class=\"fg-item fg-type-image fg-idle\"><figure class=\"fg-item-inner\"><a href=\"https:\/\/www.katarinka.sk\/wp-content\/uploads\/2017\/11\/20140816_18.39_IMG_6292_Katarinka_Noc_hradov_a_zrucanin.jpg\" data-attachment-id=\"341\" data-type=\"image\" class=\"fg-thumb\"><span class=\"fg-image-wrap\"><img decoding=\"async\" height=\"300\" width=\"450\" class=\"skip-lazy fg-image\" data-src-fg=\"https:\/\/www.katarinka.sk\/wp-content\/uploads\/cache\/2017\/11\/20140816_18_39_IMG_6292_Katarinka_Noc_hradov_a_zrucanin\/4110204427.jpg\" src=\"data:image\/svg+xml,%3Csvg%20xmlns%3D%22http%3A%2F%2Fwww.w3.org%2F2000%2Fsvg%22%20width%3D%22450%22%20height%3D%22300%22%20viewBox%3D%220%200%20450%20300%22%3E%3C%2Fsvg%3E\" loading=\"eager\"><\/span><span class=\"fg-image-overlay\"><\/span><\/a><\/figure><div class=\"fg-loader\"><\/div><\/div><div class=\"fg-item fg-type-image fg-idle\"><figure class=\"fg-item-inner\"><a href=\"https:\/\/www.katarinka.sk\/wp-content\/uploads\/2017\/11\/20190817_19.55_IMG_0082__Katarinka_Noc_hradov_a_zrucanin.jpg\" data-attachment-id=\"3692\" data-type=\"image\" class=\"fg-thumb\"><span class=\"fg-image-wrap\"><img decoding=\"async\" height=\"300\" width=\"450\" class=\"skip-lazy fg-image\" data-src-fg=\"https:\/\/www.katarinka.sk\/wp-content\/uploads\/cache\/2017\/11\/20190817_19_55_IMG_0082__Katarinka_Noc_hradov_a_zrucanin\/3929926896.jpg\" src=\"data:image\/svg+xml,%3Csvg%20xmlns%3D%22http%3A%2F%2Fwww.w3.org%2F2000%2Fsvg%22%20width%3D%22450%22%20height%3D%22300%22%20viewBox%3D%220%200%20450%20300%22%3E%3C%2Fsvg%3E\" loading=\"eager\"><\/span><span class=\"fg-image-overlay\"><\/span><\/a><\/figure><div class=\"fg-loader\"><\/div><\/div><div class=\"fg-item fg-type-image fg-idle\"><figure class=\"fg-item-inner\"><a href=\"https:\/\/www.katarinka.sk\/wp-content\/uploads\/2017\/11\/20190817_20.00_IMG_0115__Katarinka_Noc_hradov_a_zrucanin.jpg\" data-attachment-id=\"3693\" data-type=\"image\" class=\"fg-thumb\"><span class=\"fg-image-wrap\"><img decoding=\"async\" height=\"300\" width=\"450\" class=\"skip-lazy fg-image\" data-src-fg=\"https:\/\/www.katarinka.sk\/wp-content\/uploads\/cache\/2017\/11\/20190817_20_00_IMG_0115__Katarinka_Noc_hradov_a_zrucanin\/881008895.jpg\" src=\"data:image\/svg+xml,%3Csvg%20xmlns%3D%22http%3A%2F%2Fwww.w3.org%2F2000%2Fsvg%22%20width%3D%22450%22%20height%3D%22300%22%20viewBox%3D%220%200%20450%20300%22%3E%3C%2Fsvg%3E\" loading=\"eager\"><\/span><span class=\"fg-image-overlay\"><\/span><\/a><\/figure><div class=\"fg-loader\"><\/div><\/div><div class=\"fg-item fg-type-image fg-idle\"><figure class=\"fg-item-inner\"><a href=\"https:\/\/www.katarinka.sk\/wp-content\/uploads\/2017\/11\/20140816_18.41_IMG_6307_Katarinka_Noc_hradov_a_zrucanin.jpg\" data-attachment-id=\"342\" data-type=\"image\" class=\"fg-thumb\"><span class=\"fg-image-wrap\"><img decoding=\"async\" height=\"300\" width=\"200\" class=\"skip-lazy fg-image\" data-src-fg=\"https:\/\/www.katarinka.sk\/wp-content\/uploads\/cache\/2017\/11\/20140816_18_41_IMG_6307_Katarinka_Noc_hradov_a_zrucanin\/1341220867.jpg\" src=\"data:image\/svg+xml,%3Csvg%20xmlns%3D%22http%3A%2F%2Fwww.w3.org%2F2000%2Fsvg%22%20width%3D%22200%22%20height%3D%22300%22%20viewBox%3D%220%200%20200%20300%22%3E%3C%2Fsvg%3E\" loading=\"eager\"><\/span><span class=\"fg-image-overlay\"><\/span><\/a><\/figure><div class=\"fg-loader\"><\/div><\/div><div class=\"fg-item fg-type-image fg-idle\"><figure class=\"fg-item-inner\"><a href=\"https:\/\/www.katarinka.sk\/wp-content\/uploads\/2017\/11\/20140816_18.49_IMG_6327_Katarinka_Noc_hradov_a_zrucanin.jpg\" data-attachment-id=\"343\" data-type=\"image\" class=\"fg-thumb\"><span class=\"fg-image-wrap\"><img decoding=\"async\" height=\"300\" width=\"450\" class=\"skip-lazy fg-image\" data-src-fg=\"https:\/\/www.katarinka.sk\/wp-content\/uploads\/cache\/2017\/11\/20140816_18_49_IMG_6327_Katarinka_Noc_hradov_a_zrucanin\/1251786409.jpg\" src=\"data:image\/svg+xml,%3Csvg%20xmlns%3D%22http%3A%2F%2Fwww.w3.org%2F2000%2Fsvg%22%20width%3D%22450%22%20height%3D%22300%22%20viewBox%3D%220%200%20450%20300%22%3E%3C%2Fsvg%3E\" loading=\"eager\"><\/span><span class=\"fg-image-overlay\"><\/span><\/a><\/figure><div class=\"fg-loader\"><\/div><\/div><div class=\"fg-item fg-type-image fg-idle\"><figure class=\"fg-item-inner\"><a href=\"https:\/\/www.katarinka.sk\/wp-content\/uploads\/2017\/11\/20140816_19.25_IMG_6434_Katarinka_Noc_hradov_a_zrucanin.jpg\" data-attachment-id=\"344\" data-type=\"image\" class=\"fg-thumb\"><span class=\"fg-image-wrap\"><img decoding=\"async\" height=\"300\" width=\"450\" class=\"skip-lazy fg-image\" data-src-fg=\"https:\/\/www.katarinka.sk\/wp-content\/uploads\/cache\/2017\/11\/20140816_19_25_IMG_6434_Katarinka_Noc_hradov_a_zrucanin\/2519246903.jpg\" src=\"data:image\/svg+xml,%3Csvg%20xmlns%3D%22http%3A%2F%2Fwww.w3.org%2F2000%2Fsvg%22%20width%3D%22450%22%20height%3D%22300%22%20viewBox%3D%220%200%20450%20300%22%3E%3C%2Fsvg%3E\" loading=\"eager\"><\/span><span class=\"fg-image-overlay\"><\/span><\/a><\/figure><div class=\"fg-loader\"><\/div><\/div><div class=\"fg-item fg-type-image fg-idle\"><figure class=\"fg-item-inner\"><a href=\"https:\/\/www.katarinka.sk\/wp-content\/uploads\/2017\/11\/20140816_19.25_IMG_6444_Katarinka_Noc_hradov_a_zrucanin.jpg\" data-attachment-id=\"345\" data-type=\"image\" class=\"fg-thumb\"><span class=\"fg-image-wrap\"><img decoding=\"async\" height=\"300\" width=\"450\" class=\"skip-lazy fg-image\" data-src-fg=\"https:\/\/www.katarinka.sk\/wp-content\/uploads\/cache\/2017\/11\/20140816_19_25_IMG_6444_Katarinka_Noc_hradov_a_zrucanin\/3423194404.jpg\" src=\"data:image\/svg+xml,%3Csvg%20xmlns%3D%22http%3A%2F%2Fwww.w3.org%2F2000%2Fsvg%22%20width%3D%22450%22%20height%3D%22300%22%20viewBox%3D%220%200%20450%20300%22%3E%3C%2Fsvg%3E\" loading=\"eager\"><\/span><span class=\"fg-image-overlay\"><\/span><\/a><\/figure><div class=\"fg-loader\"><\/div><\/div><div class=\"fg-item fg-type-image fg-idle\"><figure class=\"fg-item-inner\"><a href=\"https:\/\/www.katarinka.sk\/wp-content\/uploads\/2017\/11\/20140816_19.26_IMG_6453_Katarinka_Noc_hradov_a_zrucanin.jpg\" data-attachment-id=\"346\" data-type=\"image\" class=\"fg-thumb\"><span class=\"fg-image-wrap\"><img decoding=\"async\" height=\"300\" width=\"450\" class=\"skip-lazy fg-image\" data-src-fg=\"https:\/\/www.katarinka.sk\/wp-content\/uploads\/cache\/2017\/11\/20140816_19_26_IMG_6453_Katarinka_Noc_hradov_a_zrucanin\/3216407102.jpg\" src=\"data:image\/svg+xml,%3Csvg%20xmlns%3D%22http%3A%2F%2Fwww.w3.org%2F2000%2Fsvg%22%20width%3D%22450%22%20height%3D%22300%22%20viewBox%3D%220%200%20450%20300%22%3E%3C%2Fsvg%3E\" loading=\"eager\"><\/span><span class=\"fg-image-overlay\"><\/span><\/a><\/figure><div class=\"fg-loader\"><\/div><\/div><div class=\"fg-item fg-type-image fg-idle\"><figure class=\"fg-item-inner\"><a href=\"https:\/\/www.katarinka.sk\/wp-content\/uploads\/2017\/11\/20140816_19.45_IMG_6476_Katarinka_Noc_hradov_a_zrucanin.jpg\" data-attachment-id=\"347\" data-type=\"image\" class=\"fg-thumb\"><span class=\"fg-image-wrap\"><img decoding=\"async\" height=\"300\" width=\"450\" class=\"skip-lazy fg-image\" data-src-fg=\"https:\/\/www.katarinka.sk\/wp-content\/uploads\/cache\/2017\/11\/20140816_19_45_IMG_6476_Katarinka_Noc_hradov_a_zrucanin\/2149859266.jpg\" src=\"data:image\/svg+xml,%3Csvg%20xmlns%3D%22http%3A%2F%2Fwww.w3.org%2F2000%2Fsvg%22%20width%3D%22450%22%20height%3D%22300%22%20viewBox%3D%220%200%20450%20300%22%3E%3C%2Fsvg%3E\" loading=\"eager\"><\/span><span class=\"fg-image-overlay\"><\/span><\/a><\/figure><div class=\"fg-loader\"><\/div><\/div><div class=\"fg-item fg-type-image fg-idle\"><figure class=\"fg-item-inner\"><a href=\"https:\/\/www.katarinka.sk\/wp-content\/uploads\/2017\/11\/20140816_19.45_IMG_6478_Katarinka_Noc_hradov_a_zrucanin.jpg\" data-attachment-id=\"348\" data-type=\"image\" class=\"fg-thumb\"><span class=\"fg-image-wrap\"><img decoding=\"async\" height=\"300\" width=\"450\" class=\"skip-lazy fg-image\" data-src-fg=\"https:\/\/www.katarinka.sk\/wp-content\/uploads\/cache\/2017\/11\/20140816_19_45_IMG_6478_Katarinka_Noc_hradov_a_zrucanin\/672199381.jpg\" src=\"data:image\/svg+xml,%3Csvg%20xmlns%3D%22http%3A%2F%2Fwww.w3.org%2F2000%2Fsvg%22%20width%3D%22450%22%20height%3D%22300%22%20viewBox%3D%220%200%20450%20300%22%3E%3C%2Fsvg%3E\" loading=\"eager\"><\/span><span class=\"fg-image-overlay\"><\/span><\/a><\/figure><div class=\"fg-loader\"><\/div><\/div><div class=\"fg-item fg-type-image fg-idle\"><figure class=\"fg-item-inner\"><a href=\"https:\/\/www.katarinka.sk\/wp-content\/uploads\/2017\/11\/20140816_19.48_IMG_6496_Katarinka_Noc_hradov_a_zrucanin.jpg\" data-attachment-id=\"349\" data-type=\"image\" class=\"fg-thumb\"><span class=\"fg-image-wrap\"><img decoding=\"async\" height=\"300\" width=\"200\" class=\"skip-lazy fg-image\" data-src-fg=\"https:\/\/www.katarinka.sk\/wp-content\/uploads\/cache\/2017\/11\/20140816_19_48_IMG_6496_Katarinka_Noc_hradov_a_zrucanin\/3860369158.jpg\" src=\"data:image\/svg+xml,%3Csvg%20xmlns%3D%22http%3A%2F%2Fwww.w3.org%2F2000%2Fsvg%22%20width%3D%22200%22%20height%3D%22300%22%20viewBox%3D%220%200%20200%20300%22%3E%3C%2Fsvg%3E\" loading=\"eager\"><\/span><span class=\"fg-image-overlay\"><\/span><\/a><\/figure><div class=\"fg-loader\"><\/div><\/div><div class=\"fg-item fg-type-image fg-idle\"><figure class=\"fg-item-inner\"><a href=\"https:\/\/www.katarinka.sk\/wp-content\/uploads\/2017\/11\/20140816_19.51_IMG_6499_Katarinka_Noc_hradov_a_zrucanin.jpg\" data-attachment-id=\"350\" data-type=\"image\" class=\"fg-thumb\"><span class=\"fg-image-wrap\"><img decoding=\"async\" height=\"300\" width=\"450\" class=\"skip-lazy fg-image\" data-src-fg=\"https:\/\/www.katarinka.sk\/wp-content\/uploads\/cache\/2017\/11\/20140816_19_51_IMG_6499_Katarinka_Noc_hradov_a_zrucanin\/1213546025.jpg\" src=\"data:image\/svg+xml,%3Csvg%20xmlns%3D%22http%3A%2F%2Fwww.w3.org%2F2000%2Fsvg%22%20width%3D%22450%22%20height%3D%22300%22%20viewBox%3D%220%200%20450%20300%22%3E%3C%2Fsvg%3E\" loading=\"eager\"><\/span><span class=\"fg-image-overlay\"><\/span><\/a><\/figure><div class=\"fg-loader\"><\/div><\/div><div class=\"fg-item fg-type-image fg-idle\"><figure class=\"fg-item-inner\"><a href=\"https:\/\/www.katarinka.sk\/wp-content\/uploads\/2017\/11\/20140816_19.57_IMG_6512_Katarinka_Noc_hradov_a_zrucanin.jpg\" data-attachment-id=\"351\" data-type=\"image\" class=\"fg-thumb\"><span class=\"fg-image-wrap\"><img decoding=\"async\" height=\"300\" width=\"450\" class=\"skip-lazy fg-image\" data-src-fg=\"https:\/\/www.katarinka.sk\/wp-content\/uploads\/cache\/2017\/11\/20140816_19_57_IMG_6512_Katarinka_Noc_hradov_a_zrucanin\/2923259363.jpg\" src=\"data:image\/svg+xml,%3Csvg%20xmlns%3D%22http%3A%2F%2Fwww.w3.org%2F2000%2Fsvg%22%20width%3D%22450%22%20height%3D%22300%22%20viewBox%3D%220%200%20450%20300%22%3E%3C%2Fsvg%3E\" loading=\"eager\"><\/span><span class=\"fg-image-overlay\"><\/span><\/a><\/figure><div class=\"fg-loader\"><\/div><\/div><div class=\"fg-item fg-type-image fg-idle\"><figure class=\"fg-item-inner\"><a href=\"https:\/\/www.katarinka.sk\/wp-content\/uploads\/2017\/11\/20140816_20.08_IMG_6559_Katarinka_Noc_hradov_a_zrucanin.jpg\" data-attachment-id=\"354\" data-type=\"image\" class=\"fg-thumb\"><span class=\"fg-image-wrap\"><img decoding=\"async\" height=\"300\" width=\"200\" class=\"skip-lazy fg-image\" data-src-fg=\"https:\/\/www.katarinka.sk\/wp-content\/uploads\/cache\/2017\/11\/20140816_20_08_IMG_6559_Katarinka_Noc_hradov_a_zrucanin\/3314607629.jpg\" src=\"data:image\/svg+xml,%3Csvg%20xmlns%3D%22http%3A%2F%2Fwww.w3.org%2F2000%2Fsvg%22%20width%3D%22200%22%20height%3D%22300%22%20viewBox%3D%220%200%20200%20300%22%3E%3C%2Fsvg%3E\" loading=\"eager\"><\/span><span class=\"fg-image-overlay\"><\/span><\/a><\/figure><div class=\"fg-loader\"><\/div><\/div><div class=\"fg-item fg-type-image fg-idle\"><figure class=\"fg-item-inner\"><a href=\"https:\/\/www.katarinka.sk\/wp-content\/uploads\/2017\/11\/20140816_23.09_IMG_6596_Katarinka_Noc_hradov_a_zrucanin.jpg\" data-attachment-id=\"355\" data-type=\"image\" class=\"fg-thumb\"><span class=\"fg-image-wrap\"><img decoding=\"async\" height=\"300\" width=\"450\" class=\"skip-lazy fg-image\" data-src-fg=\"https:\/\/www.katarinka.sk\/wp-content\/uploads\/cache\/2017\/11\/20140816_23_09_IMG_6596_Katarinka_Noc_hradov_a_zrucanin\/3838046492.jpg\" src=\"data:image\/svg+xml,%3Csvg%20xmlns%3D%22http%3A%2F%2Fwww.w3.org%2F2000%2Fsvg%22%20width%3D%22450%22%20height%3D%22300%22%20viewBox%3D%220%200%20450%20300%22%3E%3C%2Fsvg%3E\" loading=\"eager\"><\/span><span class=\"fg-image-overlay\"><\/span><\/a><\/figure><div class=\"fg-loader\"><\/div><\/div><div class=\"fg-item fg-type-image fg-idle\"><figure class=\"fg-item-inner\"><a href=\"https:\/\/www.katarinka.sk\/wp-content\/uploads\/2018\/07\/20180818_19.08_IMG_7501_Katarinka_NocHradovAZrucanin400.jpg\" data-attachment-id=\"3111\" data-type=\"image\" class=\"fg-thumb\"><span class=\"fg-image-wrap\"><img decoding=\"async\" height=\"300\" width=\"450\" class=\"skip-lazy fg-image\" data-src-fg=\"https:\/\/www.katarinka.sk\/wp-content\/uploads\/cache\/2018\/07\/20180818_19_08_IMG_7501_Katarinka_NocHradovAZrucanin400\/1988216165.jpg\" src=\"data:image\/svg+xml,%3Csvg%20xmlns%3D%22http%3A%2F%2Fwww.w3.org%2F2000%2Fsvg%22%20width%3D%22450%22%20height%3D%22300%22%20viewBox%3D%220%200%20450%20300%22%3E%3C%2Fsvg%3E\" loading=\"eager\"><\/span><span class=\"fg-image-overlay\"><\/span><\/a><\/figure><div class=\"fg-loader\"><\/div><\/div><div class=\"fg-item fg-type-image fg-idle\"><figure class=\"fg-item-inner\"><a href=\"https:\/\/www.katarinka.sk\/wp-content\/uploads\/2018\/07\/20180818_21.34__MG_3966_Katarinka_NocHradovAZrucanin400.jpg\" data-attachment-id=\"3115\" data-type=\"image\" class=\"fg-thumb\"><span class=\"fg-image-wrap\"><img decoding=\"async\" height=\"300\" width=\"450\" class=\"skip-lazy fg-image\" data-src-fg=\"https:\/\/www.katarinka.sk\/wp-content\/uploads\/cache\/2018\/07\/20180818_21_34__MG_3966_Katarinka_NocHradovAZrucanin400\/886540457.jpg\" src=\"data:image\/svg+xml,%3Csvg%20xmlns%3D%22http%3A%2F%2Fwww.w3.org%2F2000%2Fsvg%22%20width%3D%22450%22%20height%3D%22300%22%20viewBox%3D%220%200%20450%20300%22%3E%3C%2Fsvg%3E\" loading=\"eager\"><\/span><span class=\"fg-image-overlay\"><\/span><\/a><\/figure><div class=\"fg-loader\"><\/div><\/div><div class=\"fg-item fg-type-image fg-idle\"><figure class=\"fg-item-inner\"><a href=\"https:\/\/www.katarinka.sk\/wp-content\/uploads\/2018\/07\/20180818_20.59_IMG_7696_Katarinka_NocHradovAZrucanin400.jpg\" data-attachment-id=\"3113\" data-type=\"image\" class=\"fg-thumb\"><span class=\"fg-image-wrap\"><img decoding=\"async\" height=\"300\" width=\"450\" class=\"skip-lazy fg-image\" data-src-fg=\"https:\/\/www.katarinka.sk\/wp-content\/uploads\/cache\/2018\/07\/20180818_20_59_IMG_7696_Katarinka_NocHradovAZrucanin400\/2435716354.jpg\" src=\"data:image\/svg+xml,%3Csvg%20xmlns%3D%22http%3A%2F%2Fwww.w3.org%2F2000%2Fsvg%22%20width%3D%22450%22%20height%3D%22300%22%20viewBox%3D%220%200%20450%20300%22%3E%3C%2Fsvg%3E\" loading=\"eager\"><\/span><span class=\"fg-image-overlay\"><\/span><\/a><\/figure><div class=\"fg-loader\"><\/div><\/div><div class=\"fg-item fg-type-image fg-idle\"><figure class=\"fg-item-inner\"><a href=\"https:\/\/www.katarinka.sk\/wp-content\/uploads\/2017\/11\/20190817_21.49_IMG_0239__Katarinka_Noc_hradov_a_zrucanin.jpg\" data-attachment-id=\"3694\" data-type=\"image\" class=\"fg-thumb\"><span class=\"fg-image-wrap\"><img decoding=\"async\" height=\"300\" width=\"450\" class=\"skip-lazy fg-image\" data-src-fg=\"https:\/\/www.katarinka.sk\/wp-content\/uploads\/cache\/2017\/11\/20190817_21_49_IMG_0239__Katarinka_Noc_hradov_a_zrucanin\/2987035725.jpg\" src=\"data:image\/svg+xml,%3Csvg%20xmlns%3D%22http%3A%2F%2Fwww.w3.org%2F2000%2Fsvg%22%20width%3D%22450%22%20height%3D%22300%22%20viewBox%3D%220%200%20450%20300%22%3E%3C%2Fsvg%3E\" loading=\"eager\"><\/span><span class=\"fg-image-overlay\"><\/span><\/a><\/figure><div class=\"fg-loader\"><\/div><\/div><div class=\"fg-item fg-type-image fg-idle\"><figure class=\"fg-item-inner\"><a href=\"https:\/\/www.katarinka.sk\/wp-content\/uploads\/2017\/11\/20190817_21.55_IMG_0261__Katarinka_Noc_hradov_a_zrucanin.jpg\" data-attachment-id=\"3695\" data-type=\"image\" class=\"fg-thumb\"><span class=\"fg-image-wrap\"><img decoding=\"async\" height=\"300\" width=\"450\" class=\"skip-lazy fg-image\" data-src-fg=\"https:\/\/www.katarinka.sk\/wp-content\/uploads\/cache\/2017\/11\/20190817_21_55_IMG_0261__Katarinka_Noc_hradov_a_zrucanin\/3478338557.jpg\" src=\"data:image\/svg+xml,%3Csvg%20xmlns%3D%22http%3A%2F%2Fwww.w3.org%2F2000%2Fsvg%22%20width%3D%22450%22%20height%3D%22300%22%20viewBox%3D%220%200%20450%20300%22%3E%3C%2Fsvg%3E\" loading=\"eager\"><\/span><span class=\"fg-image-overlay\"><\/span><\/a><\/figure><div class=\"fg-loader\"><\/div><\/div><div class=\"fg-item fg-type-image fg-idle\"><figure class=\"fg-item-inner\"><a href=\"https:\/\/www.katarinka.sk\/wp-content\/uploads\/2017\/11\/DSC_0227-2-scaled.jpg\" data-attachment-id=\"3705\" data-type=\"image\" class=\"fg-thumb\"><span class=\"fg-image-wrap\"><img decoding=\"async\" height=\"300\" width=\"450\" class=\"skip-lazy fg-image\" data-src-fg=\"https:\/\/www.katarinka.sk\/wp-content\/uploads\/cache\/2017\/11\/DSC_0227-2-scaled\/2329604917.jpg\" src=\"data:image\/svg+xml,%3Csvg%20xmlns%3D%22http%3A%2F%2Fwww.w3.org%2F2000%2Fsvg%22%20width%3D%22450%22%20height%3D%22300%22%20viewBox%3D%220%200%20450%20300%22%3E%3C%2Fsvg%3E\" loading=\"eager\"><\/span><span class=\"fg-image-overlay\"><\/span><\/a><\/figure><div class=\"fg-loader\"><\/div><\/div><\/div>\n<\/p>","protected":false},"excerpt":{"rendered":"<p>Katar\u00ednka also participates in the national event Night of Castles and Ruins, which organizes the civic association Zachr\u00e1\u0148me hrady. The purpose of the event is to bring anyone who comes into the ruin area in the evening (at night) an authentic experience with candle light and kerosene. There is a program of the type of <a class=\"read-more\" href=\"https:\/\/www.katarinka.sk\/en\/the-project-katarinka\/public-events\/night-of-castles-and-ruins\/\">Read More<\/a><\/p>\n","protected":false},"author":1,"featured_media":0,"parent":88,"menu_order":0,"comment_status":"closed","ping_status":"closed","template":"","meta":{"footnotes":""},"class_list":["post-2043","page","type-page","status-publish","hentry"],"_links":{"self":[{"href":"https:\/\/www.katarinka.sk\/en\/wp-json\/wp\/v2\/pages\/2043","targetHints":{"allow":["GET"]}}],"collection":[{"href":"https:\/\/www.katarinka.sk\/en\/wp-json\/wp\/v2\/pages"}],"about":[{"href":"https:\/\/www.katarinka.sk\/en\/wp-json\/wp\/v2\/types\/page"}],"author":[{"embeddable":true,"href":"https:\/\/www.katarinka.sk\/en\/wp-json\/wp\/v2\/users\/1"}],"replies":[{"embeddable":true,"href":"https:\/\/www.katarinka.sk\/en\/wp-json\/wp\/v2\/comments?post=2043"}],"version-history":[{"count":6,"href":"https:\/\/www.katarinka.sk\/en\/wp-json\/wp\/v2\/pages\/2043\/revisions"}],"predecessor-version":[{"id":5120,"href":"https:\/\/www.katarinka.sk\/en\/wp-json\/wp\/v2\/pages\/2043\/revisions\/5120"}],"up":[{"embeddable":true,"href":"https:\/\/www.katarinka.sk\/en\/wp-json\/wp\/v2\/pages\/88"}],"wp:attachment":[{"href":"https:\/\/www.katarinka.sk\/en\/wp-json\/wp\/v2\/media?parent=2043"}],"curies":[{"name":"wp","href":"https:\/\/api.w.org\/{rel}","templated":true}]}}