{"id":20,"date":"2017-04-27T09:12:03","date_gmt":"2017-04-27T08:12:03","guid":{"rendered":"https:\/\/www.katarinka.sk\/?page_id=20"},"modified":"2025-07-31T22:51:22","modified_gmt":"2025-07-31T20:51:22","slug":"faq-pre-turistov","status":"publish","type":"page","link":"https:\/\/www.katarinka.sk\/en\/faq\/for-tourists\/","title":{"rendered":"For tourists"},"content":{"rendered":"<p>Content of questions and answers.<\/p>\n<ul>\n<li>How can I get to Katarinka?<\/li>\n<li>Parking?<\/li>\n<li>With a pram?<\/li>\n<li>Can I set fire in Katarinka?<\/li>\n<li>Can I have my wedding in Katarinka?<\/li>\n<li>Taking photos for wedding?<\/li>\n<li>We would like to visit the tower. Can we ask you in advance to open it for us or give us keys?<\/li>\n<li>Is it possible to do camping or sleep at Katarinka as a visitor?<\/li>\n<li>Can I record with a camera or take photos in any place in Katarinka?<\/li>\n<\/ul>\n<hr \/>\n<h3>How can I get to Katar\u00ednka?<\/h3>\n<p>There are direct lines (buses only) from Bratislava to Nah\u00e1\u010d or Dechtice. You can also take a bus or train from any town and change in Trnava (very regularly)<\/p>\n<ul>\n<li dir=\"ltr\">Nah\u00e1\u010d \u2013 blue tourist sign \u2013 40 minutes<\/li>\n<li dir=\"ltr\">Dechtice \u2013 yellow tourist sign\u2013 80 minutes<\/li>\n<li dir=\"ltr\">Dobr\u00e1 voda \u2013 blue tourist sign\u2013 120 minutes<\/li>\n<\/ul>\n<p>Location of the church tower according to GPS<\/p>\n<ul>\n<li>N 48 o 33&#8242; 19.2&#8221;<\/li>\n<li>E 17 o 32&#8242; 09.4&#8221;<\/li>\n<li>absolute altitude: 324 m<\/li>\n<\/ul>\n<h3>Parking?<\/h3>\n<p>You can get to the parking area by car. It is approximately 20 minutes far from Katar\u00ednka by walking.<\/p>\n<p>The side-cut to the parking area is between villages Dechtice and Nah\u00e1\u010d. See also Where is Katar\u00ednka<a href=\"https:\/\/www.katarinka.sk\/sk\/kde-je-katarinka\">?<\/a><\/p>\n<h3>With a pram?<\/h3>\n<p>The forest road is wide enough to be passable also by prams &#8211; it means it is accessible for &#8220;little tourists&#8221; too \ud83d\ude42<\/p>\n<h3>Can I set fire?<\/h3>\n<p>It is possible to make the campfire near church and monastery ruins &#8211; north direction &#8211; see the photo. For this purpose we have prepared few fireplaces.\u00a0 It is recommended to use these fireplaces since there is a direct view on Katarinka.<\/p>\n<p>Since Katar\u00ednka belongs to the protected landscape areas it is possible to berbecue only in fireplaces prepared in advance, which can be considered as &#8220;official places for setting the fire&#8221;. It is not\u00a0 permitted to set up new fireplaces. You should also consider there is no place to throw\u00a0 your litter away.<\/p>\n<p><img loading=\"lazy\" decoding=\"async\" class=\"alignnone size-full wp-image-1439\" src=\"https:\/\/www.katarinka.sk\/wp-content\/uploads\/2017\/04\/ohniska.jpg\" alt=\"\" width=\"720\" height=\"479\" srcset=\"https:\/\/www.katarinka.sk\/wp-content\/uploads\/2017\/04\/ohniska.jpg 720w, https:\/\/www.katarinka.sk\/wp-content\/uploads\/2017\/04\/ohniska-300x200.jpg 300w\" sizes=\"auto, (max-width: 720px) 100vw, 720px\" \/><\/p>\n<h3>Can I have my wedding in Katar\u00ednka?<\/h3>\n<p>We admire your interest for Katar\u00ednka. Unfortunately,\u00a0 we don\u00b4t\u00a0 give our permission for arranging wedding ceremony in interior of\u00a0 the church ruins of St. Catherine, that belongs to the property of\u00a0 citizen association Katar\u00ednka.<\/p>\n<p>We considered this issue carefully and also discussed it with higher authorities. As for the civil or catholic ceremony in this place, we state reasons leading to our decision below:<\/p>\n<ul>\n<li dir=\"ltr\">After discussing this issue with church authorities we have been informed, it is not permitted to arrange civil\u00a0 ceremonies in places used for liturgical purpuses.\u00a0 For this reason we have concluded it is not appropriate to have\u00a0 civil ceremony in a sacral object.<\/li>\n<li dir=\"ltr\">In Trnava <span id=\"result_box\" class=\"short_text\" lang=\"en\"><span class=\"\">archbishopric there is a custom of respecting the sanctity of place where holy sacraments are administrated. Matrimony is connected with &#8220;the wedding ceremony held in a church&#8221;. We respect this decision <\/span><\/span>also for precedential reasons.\u00a0 The exception for Saint Catherine Church is applied to celebrating the Mass and administrating the Sacrament of Penance(Confession).<\/li>\n<li dir=\"ltr\">Saint Catherine Church is the ruin of Franciscan church and monastery which we are trying to preserve, renew and revive in the spirit of Francicsan spirituality in\u00a0 unity with catholic church. St. Catherine Church is the spiritual place whose sacral function we are trying to restore for example\u00a0 by celebration of\u00a0 catholic\u00a0 Mass.<\/li>\n<li dir=\"ltr\">There is a problem with entering of motor vehicles which is forbidden according to &#8220;Law about the forest&#8221; and also according to &#8220;Law about nature and land protection&#8221; . Monastery ruins themselves belong to the Nature reserve Katar\u00edna with the fourth degree of protection. It means it is forbidden to use any motor vehicle.\u00a0 In case of\u00a0 organizing a wedding ceremony\u00a0 we suppose, not all guests would be willing to walk through the forest (there is the sign &#8220;closed to motor vehicles&#8221; behind the parking area, before the forest and Katar\u00ednka is approximately 20 minutes far from the parking area) . We can\u00b4t give you any exception from this restriction, every application is judged individually by competent organs according to the ownership relationship to the property.<\/li>\n<\/ul>\n<p>We can offer you at least the opportunity of taking photos at Katar\u00ednka. However also in this case we can\u00b4t give you the permission for the entrance with the motor vehicle as it is in competence of Lesy SR, s.p., o.z. Smolenice (www.lesy.sk).<\/p>\n<p>We hope, you will understand our reasons.<\/p>\n<h3>Taking wedding photos?<\/h3>\n<p>You don\u00b4t need any permission for taking photos. The monastery is opened for everybody. You should only consider the fact, you are entering the Protected Landscape area of the Little Carpathian Mountains and also the monastery itself is situated in the Nature Reserve of Katar\u00edna with the fourth degree of protection. Therefore it is forbidden to use any motor vehicle. Cars need to be left in the marked park place. However we know it is difficult for brides in white dresses to walk through the forest.\u00a0 From this reason people sometimes park their cars by our camp and walk to the church. \u00a0 However there is a risk of fine in case of\u00a0 the Forest guard\u00a0 which\u00a0 we can\u00b4t influence and\u00a0 we are not\u00a0 in\u00a0 charge of giving\u00a0 any exceptions from this rule.<\/p>\n<p>Various events are held in Karar\u00ednka throughout the year. Therefore we ask you kindly to announce your event by <a href=\"mailto:katarinka@katarinka.sk\">katarinka@katarinka.sk<\/a>. Thank you.<\/p>\n<h3>We would like to visit the tower. Can we ask you in advance to open it for us or give us keys?<\/h3>\n<p>Since we don\u00b4t live there and we can\u00b4t send our volunteers so often, we ask you to use terms given in advance. Security regulations require the presence of at least two trained volunteers (&#8220;towerers&#8221;).\u00a0 From this reason it is not possible to leave the tower opened non-stop. Follow our web- or Facebook site where we inform about terms for opening the tower.<\/p>\n<h3>Is it possible to do camping or sleep at Katarinka as a visitor?<\/h3>\n<p>There is a problem with sleeping &#8211; it is forbidden to camp by the church and on the meadow in front of it because it belongs to protected landscape. We have a special exception for our camp and it is not situated directly by the church. You can camp in the parking area &#8211; 15 minutes from Katar\u00ednka, where even a latrine and a campfire place is available.<\/p>\n<h3>Can I record with a video camera or take photos at any place in Katar\u00ednka?<\/h3>\n<p>Yes. If you need less amount of people during recording contact us at <a href=\"mailto:katarinka@katarinka.sk\">katarinka@katarinka.sk<\/a>, to check if there isn\u00b4t any our event or if we don\u00b4t know about a planned event held in Katar\u00ednka. We kindly ask you to follow these rules during recording &#8211; no destroying of the monument, <strong>no climbing on the walls etc<\/strong>.\u00a0 We hope that photographer or cameraman would be aware of the fact that Katar\u00ednka belongs to the Nature reserve with the fourth degree of protection.\u00a0 If there is a technical problem with taking your equipment from the park place and you need a car, you can contact Lesy SR, o.z. Smolenice (www.lesy.sk).<\/p>","protected":false},"excerpt":{"rendered":"<p>Content of questions and answers. How can I get to Katarinka? Parking? With a pram? Can I set fire in Katarinka? Can I have my wedding in Katarinka? Taking photos for wedding? We would like to visit the tower. Can we ask you in advance to open it for us or give us keys? Is <a class=\"read-more\" href=\"https:\/\/www.katarinka.sk\/en\/faq\/for-tourists\/\">Read More<\/a><\/p>\n","protected":false},"author":1,"featured_media":0,"parent":18,"menu_order":0,"comment_status":"closed","ping_status":"closed","template":"","meta":{"footnotes":""},"class_list":["post-20","page","type-page","status-publish","hentry"],"_links":{"self":[{"href":"https:\/\/www.katarinka.sk\/en\/wp-json\/wp\/v2\/pages\/20","targetHints":{"allow":["GET"]}}],"collection":[{"href":"https:\/\/www.katarinka.sk\/en\/wp-json\/wp\/v2\/pages"}],"about":[{"href":"https:\/\/www.katarinka.sk\/en\/wp-json\/wp\/v2\/types\/page"}],"author":[{"embeddable":true,"href":"https:\/\/www.katarinka.sk\/en\/wp-json\/wp\/v2\/users\/1"}],"replies":[{"embeddable":true,"href":"https:\/\/www.katarinka.sk\/en\/wp-json\/wp\/v2\/comments?post=20"}],"version-history":[{"count":53,"href":"https:\/\/www.katarinka.sk\/en\/wp-json\/wp\/v2\/pages\/20\/revisions"}],"predecessor-version":[{"id":6843,"href":"https:\/\/www.katarinka.sk\/en\/wp-json\/wp\/v2\/pages\/20\/revisions\/6843"}],"up":[{"embeddable":true,"href":"https:\/\/www.katarinka.sk\/en\/wp-json\/wp\/v2\/pages\/18"}],"wp:attachment":[{"href":"https:\/\/www.katarinka.sk\/en\/wp-json\/wp\/v2\/media?parent=20"}],"curies":[{"name":"wp","href":"https:\/\/api.w.org\/{rel}","templated":true}]}}