{"id":1810,"date":"2017-11-30T16:20:43","date_gmt":"2017-11-30T15:20:43","guid":{"rendered":"https:\/\/www.katarinka.sk\/?page_id=1810"},"modified":"2023-05-23T21:51:38","modified_gmt":"2023-05-23T19:51:38","slug":"nase-piesne-s-katerina","status":"publish","type":"page","link":"https:\/\/www.katarinka.sk\/en\/the-project-katarinka\/songs-s-katerina\/","title":{"rendered":"Our songs &#8211; s. Kater\u00edna"},"content":{"rendered":"<p><\/p>\n<div id=\"skatext\">\n<h2>Songs preview<\/h2>\n<ol>\n<li><a href=\"https:\/\/www.katarinka.sk\/dokumenty\/sKaterina\/01_-_s.katerina_-_si_zaciatok_i_koniec.mp3\">Si za\u010diatok i koniec (You Are The Beginning And The End)<\/a><\/li>\n<li><a href=\"https:\/\/www.katarinka.sk\/dokumenty\/sKaterina\/02_-_s.katerina_-_pane_zmiluj_sa.mp3\">Pane zmiluj sa (Lord, Have Mercy On Us)<\/a><\/li>\n<li><a href=\"https:\/\/www.katarinka.sk\/dokumenty\/sKaterina\/03_-_s.katerina_-_chvalme_pana.mp3\">Chv\u00e1\u013eme P\u00e1na (Praise The Lord)<\/a><\/li>\n<li><a href=\"https:\/\/www.katarinka.sk\/dokumenty\/sKaterina\/04_-_s.katerina_-_moj_pan.mp3\">M\u00f4j P\u00e1n (My Lord)<\/a><\/li>\n<li><a href=\"https:\/\/www.katarinka.sk\/dokumenty\/sKaterina\/05_-_s.katerina_-_hosanna.mp3\">Hosanna<\/a><\/li>\n<li><a href=\"https:\/\/www.katarinka.sk\/dokumenty\/sKaterina\/06_-_s.katerina_-_baranok_bozi.mp3\">Bar\u00e1nok Bo\u017e\u00ed (The Lamb of God)<\/a><\/li>\n<li><a href=\"https:\/\/www.katarinka.sk\/dokumenty\/sKaterina\/07_-_s.katerina_-_veni_sancte.mp3\">Veni Sancte Spiritus<\/a><\/li>\n<li><a href=\"https:\/\/www.katarinka.sk\/dokumenty\/sKaterina\/08_-_s.katerina_-_zvelebujte_pana.mp3\">Zvelebujte P\u00e1na (Praise The Lord)<\/a><\/li>\n<li><a href=\"https:\/\/www.katarinka.sk\/dokumenty\/sKaterina\/09_-_s.katerina_-_hla_prichadza.mp3\">H\u013ea prich\u00e1dza (Here He comes)<\/a><\/li>\n<li><a href=\"https:\/\/www.katarinka.sk\/dokumenty\/sKaterina\/10_-_s.katerina_-_oslavna.mp3\">Oslavn\u00e1 (The Celebration Song)<\/a><\/li>\n<li><a href=\"https:\/\/www.katarinka.sk\/dokumenty\/sKaterina\/11_-_s.katerina_-_uz_den_sa_zakoncieva.mp3\">U\u017e de\u0148 sa zakon\u010dieva (The Day Is Coming To An End)<\/a><\/li>\n<\/ol>\n<p><a href=\"https:\/\/www.katarinka.sk\/dokumenty\/sKaterina\/s.katerina.m3u\">Download m3u playlist to your PC\/listen online<\/a><\/p>\n<h2>Songs:<\/h2>\n<div class=\"wp-playlist wp-audio-playlist wp-playlist-light\">\n\t\t\t<div class=\"wp-playlist-current-item\"><\/div>\n\t\t<audio controls=\"controls\" preload=\"none\" width=\"778\"\n\t\t\t><\/audio>\n\t<div class=\"wp-playlist-next\"><\/div>\n\t<div class=\"wp-playlist-prev\"><\/div>\n\t<noscript>\n\t<ol>\n\t\t<li><a href='https:\/\/www.katarinka.sk\/wp-content\/uploads\/2020\/10\/S.Katerina-01-Si-zaciatok-i-koniec.mp3'>Si zaciatok i koniec<\/a><\/li><li><a href='https:\/\/www.katarinka.sk\/wp-content\/uploads\/2020\/10\/S.Katerina-02-Pane-zmiluj-sa.mp3'>Pane zmiluj sa<\/a><\/li><li><a href='https:\/\/www.katarinka.sk\/wp-content\/uploads\/2020\/10\/S.Katerina-03-Chvalme-Pana.mp3'>Chvalme pana<\/a><\/li><li><a href='https:\/\/www.katarinka.sk\/wp-content\/uploads\/2020\/10\/S.Katerina-04-Moj-Pan.mp3'>Moj Pan<\/a><\/li><li><a href='https:\/\/www.katarinka.sk\/wp-content\/uploads\/2020\/10\/S.Katerina-05-Hosanna.mp3'>Hosanna<\/a><\/li><li><a href='https:\/\/www.katarinka.sk\/wp-content\/uploads\/2020\/10\/S.Katerina-06-Baranok-Bozi.mp3'>Baranok Bozi<\/a><\/li><li><a href='https:\/\/www.katarinka.sk\/wp-content\/uploads\/2020\/10\/S.Katerina-07-Veni-Sancte.mp3'>Veni Sancte<\/a><\/li><li><a href='https:\/\/www.katarinka.sk\/wp-content\/uploads\/2020\/10\/S.Katerina-08-Zvelebujte-Pana.mp3'>Zvelebujte Pana<\/a><\/li><li><a href='https:\/\/www.katarinka.sk\/wp-content\/uploads\/2020\/10\/S.Katerina-09-Hla-prichadza.mp3'>Hla prichadza<\/a><\/li><li><a href='https:\/\/www.katarinka.sk\/wp-content\/uploads\/2020\/10\/S.Katerina-10-Oslavna.mp3'>Oslavna<\/a><\/li><li><a href='https:\/\/www.katarinka.sk\/wp-content\/uploads\/2020\/10\/S.Katerina-11-Uz-den-sa-zakoncieva.mp3'>Uz den sa zakoncieva<\/a><\/li>\t<\/ol>\n\t<\/noscript>\n\t<script type=\"application\/json\" class=\"wp-playlist-script\">{\"type\":\"audio\",\"tracklist\":true,\"tracknumbers\":true,\"images\":false,\"artists\":false,\"tracks\":[{\"src\":\"https:\/\/www.katarinka.sk\/wp-content\/uploads\/2020\/10\/S.Katerina-01-Si-zaciatok-i-koniec.mp3\",\"type\":\"audio\/mpeg\",\"title\":\"Si zaciatok i koniec\",\"caption\":\"\",\"description\":\"\",\"meta\":{\"length_formatted\":\"2:19\"},\"image\":{\"src\":\"https:\/\/www.katarinka.sk\/wp-includes\/images\/media\/audio.svg\",\"width\":48,\"height\":64},\"thumb\":{\"src\":\"https:\/\/www.katarinka.sk\/wp-includes\/images\/media\/audio.svg\",\"width\":48,\"height\":64}},{\"src\":\"https:\/\/www.katarinka.sk\/wp-content\/uploads\/2020\/10\/S.Katerina-02-Pane-zmiluj-sa.mp3\",\"type\":\"audio\/mpeg\",\"title\":\"Pane zmiluj sa\",\"caption\":\"\",\"description\":\"\",\"meta\":{\"artist\":\"Art Pepper\",\"album\":\"Unreleased Art, Vol. 4, Pts. 1-3 Disc 2\",\"genre\":\"Jazz\",\"year\":\"2009\",\"length_formatted\":\"0:46\"},\"image\":{\"src\":\"https:\/\/www.katarinka.sk\/wp-includes\/images\/media\/audio.svg\",\"width\":48,\"height\":64},\"thumb\":{\"src\":\"https:\/\/www.katarinka.sk\/wp-includes\/images\/media\/audio.svg\",\"width\":48,\"height\":64}},{\"src\":\"https:\/\/www.katarinka.sk\/wp-content\/uploads\/2020\/10\/S.Katerina-03-Chvalme-Pana.mp3\",\"type\":\"audio\/mpeg\",\"title\":\"Chvalme pana\",\"caption\":\"\",\"description\":\"\",\"meta\":{\"artist\":\"Octave One\",\"album\":\"430 West Presents Detroit Calling\",\"genre\":\"Electronica\",\"year\":\"2001\",\"length_formatted\":\"2:58\"},\"image\":{\"src\":\"https:\/\/www.katarinka.sk\/wp-includes\/images\/media\/audio.svg\",\"width\":48,\"height\":64},\"thumb\":{\"src\":\"https:\/\/www.katarinka.sk\/wp-includes\/images\/media\/audio.svg\",\"width\":48,\"height\":64}},{\"src\":\"https:\/\/www.katarinka.sk\/wp-content\/uploads\/2020\/10\/S.Katerina-04-Moj-Pan.mp3\",\"type\":\"audio\/mpeg\",\"title\":\"Moj Pan\",\"caption\":\"\",\"description\":\"\",\"meta\":{\"length_formatted\":\"1:57\"},\"image\":{\"src\":\"https:\/\/www.katarinka.sk\/wp-includes\/images\/media\/audio.svg\",\"width\":48,\"height\":64},\"thumb\":{\"src\":\"https:\/\/www.katarinka.sk\/wp-includes\/images\/media\/audio.svg\",\"width\":48,\"height\":64}},{\"src\":\"https:\/\/www.katarinka.sk\/wp-content\/uploads\/2020\/10\/S.Katerina-05-Hosanna.mp3\",\"type\":\"audio\/mpeg\",\"title\":\"Hosanna\",\"caption\":\"\",\"description\":\"\",\"meta\":{\"length_formatted\":\"1:52\"},\"image\":{\"src\":\"https:\/\/www.katarinka.sk\/wp-includes\/images\/media\/audio.svg\",\"width\":48,\"height\":64},\"thumb\":{\"src\":\"https:\/\/www.katarinka.sk\/wp-includes\/images\/media\/audio.svg\",\"width\":48,\"height\":64}},{\"src\":\"https:\/\/www.katarinka.sk\/wp-content\/uploads\/2020\/10\/S.Katerina-06-Baranok-Bozi.mp3\",\"type\":\"audio\/mpeg\",\"title\":\"Baranok Bozi\",\"caption\":\"\",\"description\":\"\",\"meta\":{\"length_formatted\":\"0:51\"},\"image\":{\"src\":\"https:\/\/www.katarinka.sk\/wp-includes\/images\/media\/audio.svg\",\"width\":48,\"height\":64},\"thumb\":{\"src\":\"https:\/\/www.katarinka.sk\/wp-includes\/images\/media\/audio.svg\",\"width\":48,\"height\":64}},{\"src\":\"https:\/\/www.katarinka.sk\/wp-content\/uploads\/2020\/10\/S.Katerina-07-Veni-Sancte.mp3\",\"type\":\"audio\/mpeg\",\"title\":\"Veni Sancte\",\"caption\":\"\",\"description\":\"\",\"meta\":{\"genre\":\"Electronica\",\"year\":\"1997\",\"length_formatted\":\"4:05\"},\"image\":{\"src\":\"https:\/\/www.katarinka.sk\/wp-includes\/images\/media\/audio.svg\",\"width\":48,\"height\":64},\"thumb\":{\"src\":\"https:\/\/www.katarinka.sk\/wp-includes\/images\/media\/audio.svg\",\"width\":48,\"height\":64}},{\"src\":\"https:\/\/www.katarinka.sk\/wp-content\/uploads\/2020\/10\/S.Katerina-08-Zvelebujte-Pana.mp3\",\"type\":\"audio\/mpeg\",\"title\":\"Zvelebujte Pana\",\"caption\":\"\",\"description\":\"\",\"meta\":{\"length_formatted\":\"2:07\"},\"image\":{\"src\":\"https:\/\/www.katarinka.sk\/wp-includes\/images\/media\/audio.svg\",\"width\":48,\"height\":64},\"thumb\":{\"src\":\"https:\/\/www.katarinka.sk\/wp-includes\/images\/media\/audio.svg\",\"width\":48,\"height\":64}},{\"src\":\"https:\/\/www.katarinka.sk\/wp-content\/uploads\/2020\/10\/S.Katerina-09-Hla-prichadza.mp3\",\"type\":\"audio\/mpeg\",\"title\":\"Hla prichadza\",\"caption\":\"\",\"description\":\"\",\"meta\":{\"genre\":\"Alternative\",\"year\":\"1993\",\"length_formatted\":\"3:19\"},\"image\":{\"src\":\"https:\/\/www.katarinka.sk\/wp-includes\/images\/media\/audio.svg\",\"width\":48,\"height\":64},\"thumb\":{\"src\":\"https:\/\/www.katarinka.sk\/wp-includes\/images\/media\/audio.svg\",\"width\":48,\"height\":64}},{\"src\":\"https:\/\/www.katarinka.sk\/wp-content\/uploads\/2020\/10\/S.Katerina-10-Oslavna.mp3\",\"type\":\"audio\/mpeg\",\"title\":\"Oslavna\",\"caption\":\"\",\"description\":\"\",\"meta\":{\"genre\":\"Vocal\",\"year\":\"2004\",\"length_formatted\":\"1:55\"},\"image\":{\"src\":\"https:\/\/www.katarinka.sk\/wp-includes\/images\/media\/audio.svg\",\"width\":48,\"height\":64},\"thumb\":{\"src\":\"https:\/\/www.katarinka.sk\/wp-includes\/images\/media\/audio.svg\",\"width\":48,\"height\":64}},{\"src\":\"https:\/\/www.katarinka.sk\/wp-content\/uploads\/2020\/10\/S.Katerina-11-Uz-den-sa-zakoncieva.mp3\",\"type\":\"audio\/mpeg\",\"title\":\"Uz den sa zakoncieva\",\"caption\":\"\",\"description\":\"\",\"meta\":{\"genre\":\"Vocal\",\"year\":\"2004\",\"length_formatted\":\"2:45\"},\"image\":{\"src\":\"https:\/\/www.katarinka.sk\/wp-includes\/images\/media\/audio.svg\",\"width\":48,\"height\":64},\"thumb\":{\"src\":\"https:\/\/www.katarinka.sk\/wp-includes\/images\/media\/audio.svg\",\"width\":48,\"height\":64}}]}<\/script>\n<\/div>\n\t\n<p><em>Music and Text: <\/em>Am\u00e1lka<\/p>\n<p><em>Production and Mastering: <\/em>Marsen (Martin P\u00e9tery)<\/p>\n<p>Participated on the recording:<\/p>\n<ul>\n<li>Am\u00e1lka (Andrea Hercegov\u00e1) &#8211; song, tenor flute, double flute<\/li>\n<li>Marsen (Martin Petery) &#8211; guitars, mandolin, Slovak shepherd\u2019s fipple flute<\/li>\n<li>Klaretia (Katar\u00edna Vesel\u00e1) \u2013 soprano flute and alto flute<\/li>\n<li>Mildred (M\u00e1ria Buranov\u00e1) &#8211; alto flute<\/li>\n<li>Marimor (Michal Cenker) \u2013 acoustic guitar<\/li>\n<li>Atys (Adam Hoz) &#8211; drum<\/li>\n<\/ul>\n<hr \/>\n<h2>About<\/h2>\n<p><img loading=\"lazy\" decoding=\"async\" class=\"size-thumbnail wp-image-993 alignright\" src=\"https:\/\/www.katarinka.sk\/wp-content\/uploads\/2017\/11\/P1200874-150x150.jpg\" alt=\"\" width=\"150\" height=\"150\" \/>S. Kater\u00edna (St. Catherine) is a musical ensemble of people connected thanks to Katar\u00ednka. Members of s. Kater\u00edna with hundreds of other enthusiasts try to save the monastery and keep genius loci of this place. Young people from all parts of Slovakia come to Katar\u00ednka every year to contribute to the project by their voluntary work aimed at conserving this historical monument. They spend a two weeks&#8217; time without gizmos and gadgets of the modern civilization; they live as \u201cmonks\u201d \u2013 members of St. Catherine\u2019s order. S. Kater\u00edna members\u2019 names result from the summer camps, where every participant is given a unique \u201creligious\u201d name. This is a very practical tradition as nobody is addressed by the same name, and so the community as the whole and its individual members get a sense of uniqueness and originality.<\/p>\n<p>The purpose of recording s. Kater\u00edna album was to capture the mass that has been composed and played at Katar\u00ednka.<\/p>\n<hr \/>\n<h2>Where and when we play?<\/h2>\n<p>You can listen to us live during <a href=\"https:\/\/www.katarinka.sk\/projekt-katarinka\/verejne-akcie-a-podujatia\/\">public events of Katar\u00ednka<\/a>. Preview of us playing live:<\/p>\n<p><iframe loading=\"lazy\" title=\"Ve\u010dernica (Katar\u00ednka)\" width=\"800\" height=\"450\" src=\"https:\/\/www.youtube.com\/embed\/NAkS1DQHOOk?feature=oembed\" frameborder=\"0\" allow=\"accelerometer; autoplay; clipboard-write; encrypted-media; gyroscope; picture-in-picture; web-share\" allowfullscreen><\/iframe><\/p>\n<p><iframe loading=\"lazy\" title=\"s.Kater\u00edna - Je\u017ei\u0161 Kristus moj\u00edm P\u00e1nom je (koncert Bratislava-Trn\u00e1vka 9.1.2011)\" width=\"800\" height=\"450\" src=\"https:\/\/www.youtube.com\/embed\/rpdFQK8SvXU?feature=oembed\" frameborder=\"0\" allow=\"accelerometer; autoplay; clipboard-write; encrypted-media; gyroscope; picture-in-picture; web-share\" allowfullscreen><\/iframe><\/p>\n<p><iframe loading=\"lazy\" title=\"Ve\u010dernica - Brno 2021\" width=\"800\" height=\"450\" src=\"https:\/\/www.youtube.com\/embed\/ZY0dx3EX5SA?feature=oembed\" frameborder=\"0\" allow=\"accelerometer; autoplay; clipboard-write; encrypted-media; gyroscope; picture-in-picture; web-share\" allowfullscreen><\/iframe><\/p>\n<p><iframe loading=\"lazy\" title=\"s.Kater\u00edna - Chv\u00e1\u013eme P\u00e1na (koncert Bratislava-Trn\u00e1vka 9.1.2011)\" width=\"800\" height=\"450\" src=\"https:\/\/www.youtube.com\/embed\/sMR6pnLELpQ?feature=oembed\" frameborder=\"0\" allow=\"accelerometer; autoplay; clipboard-write; encrypted-media; gyroscope; picture-in-picture; web-share\" allowfullscreen><\/iframe><\/p>\n<p><iframe loading=\"lazy\" title=\"s.Kater\u00edna - V mojich tm\u00e1ch (koncert Bratislava-Trn\u00e1vka 9.1.2011)\" width=\"800\" height=\"450\" src=\"https:\/\/www.youtube.com\/embed\/_nt1ACstLOw?feature=oembed\" frameborder=\"0\" allow=\"accelerometer; autoplay; clipboard-write; encrypted-media; gyroscope; picture-in-picture; web-share\" allowfullscreen><\/iframe><\/p>\n<p><iframe loading=\"lazy\" title=\"s.Kater\u00edna - Oslavn\u00e1 (koncert Bratislava-Trn\u00e1vka 9.1.2011)\" width=\"800\" height=\"450\" src=\"https:\/\/www.youtube.com\/embed\/XjkDA5-s8Ps?feature=oembed\" frameborder=\"0\" allow=\"accelerometer; autoplay; clipboard-write; encrypted-media; gyroscope; picture-in-picture; web-share\" allowfullscreen><\/iframe><\/p>\n<\/div>\n<p><\/p>","protected":false},"excerpt":{"rendered":"<p>Songs preview Si za\u010diatok i koniec (You Are The Beginning And The End) Pane zmiluj sa (Lord, Have Mercy On Us) Chv\u00e1\u013eme P\u00e1na (Praise The Lord) M\u00f4j P\u00e1n (My Lord) Hosanna Bar\u00e1nok Bo\u017e\u00ed (The Lamb of God) Veni Sancte Spiritus Zvelebujte P\u00e1na (Praise The Lord) H\u013ea prich\u00e1dza (Here He comes) Oslavn\u00e1 (The Celebration Song) U\u017e <a class=\"read-more\" href=\"https:\/\/www.katarinka.sk\/en\/the-project-katarinka\/songs-s-katerina\/\">Read More<\/a><\/p>\n","protected":false},"author":1,"featured_media":0,"parent":12,"menu_order":0,"comment_status":"closed","ping_status":"closed","template":"","meta":{"footnotes":""},"class_list":["post-1810","page","type-page","status-publish","hentry"],"_links":{"self":[{"href":"https:\/\/www.katarinka.sk\/en\/wp-json\/wp\/v2\/pages\/1810","targetHints":{"allow":["GET"]}}],"collection":[{"href":"https:\/\/www.katarinka.sk\/en\/wp-json\/wp\/v2\/pages"}],"about":[{"href":"https:\/\/www.katarinka.sk\/en\/wp-json\/wp\/v2\/types\/page"}],"author":[{"embeddable":true,"href":"https:\/\/www.katarinka.sk\/en\/wp-json\/wp\/v2\/users\/1"}],"replies":[{"embeddable":true,"href":"https:\/\/www.katarinka.sk\/en\/wp-json\/wp\/v2\/comments?post=1810"}],"version-history":[{"count":22,"href":"https:\/\/www.katarinka.sk\/en\/wp-json\/wp\/v2\/pages\/1810\/revisions"}],"predecessor-version":[{"id":5550,"href":"https:\/\/www.katarinka.sk\/en\/wp-json\/wp\/v2\/pages\/1810\/revisions\/5550"}],"up":[{"embeddable":true,"href":"https:\/\/www.katarinka.sk\/en\/wp-json\/wp\/v2\/pages\/12"}],"wp:attachment":[{"href":"https:\/\/www.katarinka.sk\/en\/wp-json\/wp\/v2\/media?parent=1810"}],"curies":[{"name":"wp","href":"https:\/\/api.w.org\/{rel}","templated":true}]}}