{"id":1263,"date":"2017-11-21T11:33:38","date_gmt":"2017-11-21T10:33:38","guid":{"rendered":"https:\/\/www.katarinka.sk\/?page_id=1263"},"modified":"2022-12-30T16:15:37","modified_gmt":"2022-12-30T15:15:37","slug":"svedectva-dobrovolnikov","status":"publish","type":"page","link":"https:\/\/www.katarinka.sk\/en\/the-project-katarinka\/testimonials\/","title":{"rendered":"Testimonials"},"content":{"rendered":"<p>We have chosen short testimonies about people somehow involved in Katar\u00ednka.<\/p>\n<ul>\n<li><a href=\"#svedectva-dobrovolnikov\">Volunteer testimonies<\/a><\/li>\n<li><a href=\"#svedectva-navstevnikov\">Visitor testimonials<\/a><\/li>\n<li><a href=\"#svedectva-odbornikov\">Experts testimonials<\/a><\/li>\n<\/ul>\n<p>&nbsp;<\/p>\n<hr \/>\n<h2><a name=\"svedectva-dobrovolnikov\"><\/a>Volunteer testimonies<\/h2>\n<p>We have selected short testimonies about volunteers who were in Katar\u00ednka and have completed a two-week camp:<\/p>\n<p>&nbsp;<\/p>\n<table border=\"1\">\n<tbody>\n<tr>\n<td width=\"47%\">\n<blockquote><p>Katar\u00ednka has always a different atmosphere, different mood, and everyone finds what he\/she needs right now. For some, it is community or meaningful work, for other a favorite place, God&#8217;s closeness or just a quiet corner somewhere in the dark.<\/p>\n<p><img loading=\"lazy\" decoding=\"async\" class=\"size-full wp-image-1272 alignleft\" src=\"https:\/\/www.katarinka.sk\/wp-content\/uploads\/2017\/11\/testimony_zoya.jpg\" alt=\"\" width=\"96\" height=\"96\" \/>Zuzka Zoya Barochov\u00e1<br \/>\n2012<br \/>\n<a href=\"https:\/\/katarinka.blog.sme.sk\/c\/372252\/ked-sa-obycajny-den-meni-v-zazrak.html\">Full blog post<\/a><\/p><\/blockquote>\n<\/td>\n<td width=\"47%\">\n<blockquote><p>I can tell you that it was difficult to get used to the Katar\u00ednka way of life, but it was surprisingly difficult to get used to the return to civilization after two weeks, as I sometimes call this civilized world.<br \/>\nIt was a shock for me to hold my cell phone after two weeks in my hands, watch the quantum of incoming SMS messages.<\/p>\n<p><img loading=\"lazy\" decoding=\"async\" class=\"size-full wp-image-1270 alignleft\" src=\"https:\/\/www.katarinka.sk\/wp-content\/uploads\/2017\/11\/testimony_marimi.jpg\" alt=\"\" width=\"96\" height=\"96\" \/>Krist\u00edna &#8220;Marimi&#8221; Miku\u0161ov\u00e1 Koll\u00e1rov\u00e1<br \/>\n2014<br \/>\n<a href=\"https:\/\/katarinka.blog.sme.sk\/c\/399000\/mate-svoje-oblubene-carovne-miesto.html\">Full blog post<\/a><\/p>\n<p>&nbsp;<\/p><\/blockquote>\n<\/td>\n<\/tr>\n<tr>\n<td width=\"47%\">\n<blockquote><p>Why I like Katar\u00ednka? Why I work as a volunteer? Why am I glad to come back here? &#8230; It&#8217;s not just because of the genius loci of Katar\u00ednka. She is for me everywhere where are my friends from the Katar\u00ednka project. Katar\u00ednka connects us and is in us. And it carries all the most important things for life. It is needed to be open for them. Who searches, that finds. For the truth begins in a couple. In the community we find and recognize ourselves. And when I start to get to know myself, then I can better get to know others&#8230;<\/p>\n<p><img loading=\"lazy\" decoding=\"async\" class=\"size-full wp-image-1273 alignleft\" src=\"https:\/\/www.katarinka.sk\/wp-content\/uploads\/2017\/11\/testimony_kvintus.jpg\" alt=\"\" width=\"96\" height=\"96\" \/>J\u00e1n &#8220;Kvintus&#8221; Klein<br \/>\n2013<a href=\"https:\/\/katarinka.blog.sme.sk\/c\/438441\/co-je-v-zivote-skutocne-dolezite.html\"><br \/>\nFull blog post<\/a><\/p>\n<p>&nbsp;<\/p><\/blockquote>\n<\/td>\n<td width=\"47%\">\n<blockquote><p>Indeed, Katar\u00ednka is more than just saving the ruins of the church and the monastery. The work on Katar\u00ednka gives only the basis for things that go beyond what we can see and hear and what we can touch&#8230; and even what we can say. These are treasures that we can only experience and carry them in ourselves. And even where they &#8220;will not hurt nor the rust, nor where the thieves do not fight and steal&#8230;&#8221;<\/p>\n<p><img loading=\"lazy\" decoding=\"async\" class=\"size-full wp-image-1274 alignleft\" src=\"https:\/\/www.katarinka.sk\/wp-content\/uploads\/2017\/11\/testimony_minea.jpg\" alt=\"\" width=\"96\" height=\"96\" \/>Monika &#8220;Minea&#8221; \u0160umichrastov\u00e1 K\u00e1dekov\u00e1<br \/>\n2010<br \/>\n<a href=\"https:\/\/katarinka.blog.sme.sk\/c\/237147\/O-neviditelnych-pokladoch-Katarinky.html\">Full blog post<\/a><\/p><\/blockquote>\n<\/td>\n<\/tr>\n<tr>\n<td style=\"width: 47%;\">\n<blockquote><p>Sometimes, as a tourist guide I get so exhausted that I ponder whether to do another tower tour. But then such tourists come that give you energy and enthusiasm to continue and you realize that there is a point in your service. It makes sense to show the people our beauties, treasures, what we carry in our hearts and love so much \u2013 our Katar\u00ednka. If we can (and successfully manage to) transfer our enthusiasm to other people, who are then willing to come back to this place and we can see it in their faces \u2013 that is the best reward.<\/p>\n<p><img loading=\"lazy\" decoding=\"async\" class=\"alignleft size-full wp-image-3143\" src=\"https:\/\/www.katarinka.sk\/wp-content\/uploads\/2018\/09\/testimony_kalunis.jpg\" alt=\"\" width=\"96\" height=\"96\" \/>Krist\u00edna &#8220;Kalunis&#8221; Me\u0161kov\u00e1<br \/>\n2018<br \/>\n<a href=\"https:\/\/katarinka.blog.sme.sk\/c\/492802\/o-sprevadzani-vo-vezi-na-katarinke-pri-dechticiach.html\">Full blog post<\/a><\/p><\/blockquote>\n<\/td>\n<td style=\"width: 47%;\">\n<blockquote><p>It is great to come up with an excellent idea and implement it in one year; and there are numerous grants and foundations that support new ideas. However, it much more demanding to keep a project running long-term. Not just to start it, but to keep it running, i.e. you continually need to move ahead. When you stop, it is like losing the momentum and the project then starts to decline. You need to keep putting your energy into it.<\/p>\n<p><img loading=\"lazy\" decoding=\"async\" class=\"alignleft size-full wp-image-3147\" src=\"https:\/\/www.katarinka.sk\/wp-content\/uploads\/2018\/09\/testimony_benignus.jpg\" alt=\"\" width=\"96\" height=\"96\" \/>Peter &#8220;Benignus&#8221; Herceg<br \/>\n2015<br \/>\n<a href=\"https:\/\/archiv.mladez.sk\/2015\/08\/30\/peter-herceg-21-rokov-mimo-civilizacie\/\">Full blog post<\/a><\/p><\/blockquote>\n<\/td>\n<\/tr>\n<\/tbody>\n<\/table>\n<p>&nbsp;<\/p>\n<hr \/>\n<h2><a name=\"svedectva-navstevnikov\"><\/a>Visitor testimonials<\/h2>\n<p>You wrote to us during tower visit or send a feedback via email the following:<\/p>\n<p>&#8230;<\/p>\n<p>&nbsp;<\/p>\n<hr \/>\n<h2><a name=\"svedectva-odbornikov\"><\/a>Experts testimonials<\/h2>\n<p>We have experts around Katar\u00ednka who cover <a href=\"https:\/\/www.katarinka.sk\/klastor-katarinka\/odborne-prace-a-vyskum\/\">scientific work and research at Katar\u00ednka<\/a>. Without them we would not be able restore the tower and could not continue with archaeological research.<\/p>\n<p>&#8230; (TBD)<\/p>","protected":false},"excerpt":{"rendered":"<p>We have chosen short testimonies about people somehow involved in Katar\u00ednka. Volunteer testimonies Visitor testimonials Experts testimonials &nbsp; Volunteer testimonies We have selected short testimonies about volunteers who were in Katar\u00ednka and have completed a two-week camp: &nbsp; Katar\u00ednka has always a different atmosphere, different mood, and everyone finds what he\/she needs right now. For <a class=\"read-more\" href=\"https:\/\/www.katarinka.sk\/en\/the-project-katarinka\/testimonials\/\">Read More<\/a><\/p>\n","protected":false},"author":1,"featured_media":0,"parent":12,"menu_order":0,"comment_status":"closed","ping_status":"closed","template":"","meta":{"footnotes":""},"class_list":["post-1263","page","type-page","status-publish","hentry"],"_links":{"self":[{"href":"https:\/\/www.katarinka.sk\/en\/wp-json\/wp\/v2\/pages\/1263","targetHints":{"allow":["GET"]}}],"collection":[{"href":"https:\/\/www.katarinka.sk\/en\/wp-json\/wp\/v2\/pages"}],"about":[{"href":"https:\/\/www.katarinka.sk\/en\/wp-json\/wp\/v2\/types\/page"}],"author":[{"embeddable":true,"href":"https:\/\/www.katarinka.sk\/en\/wp-json\/wp\/v2\/users\/1"}],"replies":[{"embeddable":true,"href":"https:\/\/www.katarinka.sk\/en\/wp-json\/wp\/v2\/comments?post=1263"}],"version-history":[{"count":29,"href":"https:\/\/www.katarinka.sk\/en\/wp-json\/wp\/v2\/pages\/1263\/revisions"}],"predecessor-version":[{"id":5066,"href":"https:\/\/www.katarinka.sk\/en\/wp-json\/wp\/v2\/pages\/1263\/revisions\/5066"}],"up":[{"embeddable":true,"href":"https:\/\/www.katarinka.sk\/en\/wp-json\/wp\/v2\/pages\/12"}],"wp:attachment":[{"href":"https:\/\/www.katarinka.sk\/en\/wp-json\/wp\/v2\/media?parent=1263"}],"curies":[{"name":"wp","href":"https:\/\/api.w.org\/{rel}","templated":true}]}}