{"id":84,"date":"2017-04-28T09:03:46","date_gmt":"2017-04-28T08:03:46","guid":{"rendered":"https:\/\/www.katarinka.sk\/?page_id=84"},"modified":"2022-12-31T12:31:53","modified_gmt":"2022-12-31T11:31:53","slug":"odborne-prace-a-vyskumy","status":"publish","type":"page","link":"https:\/\/www.katarinka.sk\/de\/kloster-katarinka\/facharbeiten-und-forschung\/","title":{"rendered":"Wissenschaftliche Arbeit und Forschung"},"content":{"rendered":"<p><\/p>\n<h3>Welche Methoden nutzen wir?<\/h3>\n<p>Wir bem\u00fchen uns, traditionelle Methoden,\u00a0 die es schon im 17. Jahrhundert gab, zu nutzen. Sei es bei der Herstellung des historischen Kalkm\u00f6rtels oder des hand-gezimmerten Eichengeb\u00e4lks, das f\u00fcr Rekonstruktion des Turms gebraucht wurde. In Ausnahmef\u00e4llen nutzten wir auch moderne Technologien (z.B. Zementm\u00f6rtel), jedoch immer nur nach einer gr\u00fcndlichen Beratung von ExpertInnen aus dem Denkmalfach. Seit Beginn des Projekts Katar\u00ednka haben wir mehrere Methoden der Denkmalpflege verbessert aber auch unsere eigenen Ideen umgesetzt, wie z. B.\u00a0 die Biosanierung der Mauerkronen.<\/p>\n<h3>Welche Forschungen werden auf Katar\u00ednka durchgef\u00fchrt?<\/h3>\n<p>Auf Katar\u00ednka wird eine breite Skala von Forschungen realisiert. Erstens ist es die arch\u00e4ologische Forschung, die fast die ganze Zeit der Existenz der Sommercamps l\u00e4uft. Mit der arch\u00e4ologischen ist auch die anthropologische Forschung verbunden, deren Ziel ist, arch\u00e4ologische Knochenfunde zu untersuchen. Katar\u00ednka ist ein historisches Denkmal, deswegen wird st\u00e4ndig auch die historische Forschung betrieben. Dazu geh\u00f6rt auch die Dendrochronologie (Datierung des Baumalters anhand der Jahresringe von B\u00e4umen), dank der wir feststellten, dass der Kirchturm j\u00fcngerals die Kirche ist. Regelm\u00e4\u00dfig wird auch die Statik der Kirche und des Klosters, die sehr wichtig ist f\u00fcr Sicherheit der BesucherInnen sowie f\u00fcr das Planen n\u00e4chster Arbeiten, kontrolliert. Eine Neuigkeit seit 2009 ist die geophysikalische Forschung, die die Vermessung und Lokalisierung der Resten von Bauten, die fr\u00fcher Teil des Areals waren, erm\u00f6glicht.<\/p>\n<h2><a href=\"https:\/\/www.katarinka.sk\/klastor-katarinka\/odborne-prace-a-vyskum\/pamiatkova-obnova-a-technologie\/\">Denkmalpflege und Technologien<\/a><img loading=\"lazy\" decoding=\"async\" class=\"alignright wp-image-1596 size-thumbnail\" src=\"https:\/\/www.katarinka.sk\/wp-content\/uploads\/2017\/11\/P8199863-150x150.jpg\" alt=\"\" width=\"150\" height=\"150\" \/><\/h2>\n<p>Methoden der Konservierung und der Biosanierung (Begr\u00fcnung) von Mauern und Mauerkornen, Reparierung des Kirchturms und statische Sicherung in 2005-2017. Materialien und Technologien f\u00fcr Konservierung und Kultivierung der Umgebung der Kirche und des Klosters der heiligen Katharina.<\/p>\n<p><a href=\"https:\/\/www.katarinka.sk\/klastor-katarinka\/odborne-prace-a-vyskum\/pamiatkova-obnova-a-technologie\/\">Lesen Sie mehr&#8230;<\/a><\/p>\n<hr \/>\n<h2><a href=\"https:\/\/www.katarinka.sk\/klastor-katarinka\/historia\/\">Historische Forschung<\/a><img loading=\"lazy\" decoding=\"async\" class=\"wp-image-821 size-thumbnail alignright\" src=\"https:\/\/www.katarinka.sk\/wp-content\/uploads\/2017\/11\/CB1960CelkPohladZblizsaXX-150x150.jpg\" alt=\"\" width=\"150\" height=\"150\" \/><\/h2>\n<p>Chronologische Anordnung der wichtigsten Erreignissen in der Geschichte von Katar\u00ednka. Diese sind von mehreren Autoren in Form von Artikeln oder Diplomarbeiten verarbeitet. Ebenfalls sind auch die Biografien von Pers\u00f6nlichkeiten J\u00e1n Apony, Benignus Smrtn\u00edk und hl. Katharina von Alexandrien, die sich auf diesen Ort beziehen, verarbeitet.<\/p>\n<p><a href=\"https:\/\/www.katarinka.sk\/klastor-katarinka\/historia\/\">Lesen Sie mehr \u00fcber die Geschichte von Katar\u00ednka&#8230;<\/a><\/p>\n<hr \/>\n<h2><a href=\"https:\/\/www.katarinka.sk\/klastor-katarinka\/odborne-prace-a-vyskum\/antropologicky-vyskum\/\">Anthropologische Forschung<\/a><img loading=\"lazy\" decoding=\"async\" class=\"alignright wp-image-759 size-thumbnail\" src=\"https:\/\/www.katarinka.sk\/wp-content\/uploads\/2017\/11\/20140827_09.46_IMG_7436_Katarinka_6.druzina_buracka-150x150.jpg\" alt=\"\" width=\"150\" height=\"150\" \/><\/h2>\n<p>Das Objekt der anthropologischen Forschung auf Katar\u00ednka waren Knochenfunde von etwa 27 Menschen, die im Rahmen der arch\u00e4ologischen Forschung in Jahren 2000 bis 2011 in der Krypte im nord\u00f6stlichen Teil des Kirchenschiffs gefunden wurden.<\/p>\n<p><a href=\"https:\/\/www.katarinka.sk\/klastor-katarinka\/odborne-prace-a-vyskum\/antropologicky-vyskum\/\">Lesen Sie mehr&#8230;<\/a><\/p>\n<hr \/>\n<h2><a href=\"https:\/\/www.katarinka.sk\/klastor-katarinka\/odborne-prace-a-vyskum\/geofyzikalny-vyskum\/\">Geophysikalische Forschung<\/a><img loading=\"lazy\" decoding=\"async\" class=\"alignright wp-image-1759 size-thumbnail\" src=\"https:\/\/www.katarinka.sk\/wp-content\/uploads\/2017\/04\/geofyzika1-150x150.jpg\" alt=\"\" width=\"150\" height=\"150\" \/><\/h2>\n<p>Auf Katar\u00ednka wurde am 27. (Vorbereitung) und am 28.7.2009 (Vermessung) im Rahmen der Veranstaltung Sommerschule der Geophysik &#8211; INCA 2009 (International Course on ArchaeoGeophysics) eine intensive geophysikalische Forschung durchgef\u00fchrt. Diese Veranstatlung ist von Komensky Universit\u00e4t in Bratislava, Christian-Albrechts-Universit\u00e4t in Kiel in Deutschland und Kocaeli \u00dcniversitesi in derT\u00fcrkei organisiert.<\/p>\n<p><a href=\"https:\/\/www.katarinka.sk\/klastor-katarinka\/odborne-prace-a-vyskum\/geofyzikalny-vyskum\/\">Lesen Sie mehr&#8230;<\/a><\/p>\n<hr \/>\n<h2><a href=\"https:\/\/www.katarinka.sk\/klastor-katarinka\/odborne-prace-a-vyskum\/archeologicky-vyskum\/\">Arch\u00e4ologische Forschung<\/a><img loading=\"lazy\" decoding=\"async\" class=\"alignright wp-image-763 size-thumbnail\" src=\"https:\/\/www.katarinka.sk\/wp-content\/uploads\/2017\/11\/IMG_1841-150x150.jpg\" alt=\"\" width=\"150\" height=\"150\" \/><\/h2>\n<p>Das Forschen des Franziskannerklosters und der Kirche der heiligen Katharina von Alexandrien bei Dechtice hat sich in den letzen Jahren vor Allem auf die fr\u00fchere Geschichte dieses Orts fokussiert, auf die Geschichte vor der Ankunf der Franziskannerm\u00f6nchen, die hier von Kristof Erd\u00f6dy am Anfang des 17. Jahrhunderts eingeladen wurden.<\/p>\n<p><a href=\"https:\/\/www.katarinka.sk\/klastor-katarinka\/odborne-prace-a-vyskum\/archeologicky-vyskum\/\">Lesen Sie mehr&#8230;<\/a><\/p>\n<hr \/>\n<h2><a href=\"https:\/\/www.katarinka.sk\/klastor-katarinka\/odborne-prace-a-vyskum\/publikacie-o-katarinke\/\">Publikationen \u00fcber Katar\u00ednka<\/a><img loading=\"lazy\" decoding=\"async\" class=\"alignright size-thumbnail wp-image-1762\" src=\"https:\/\/www.katarinka.sk\/wp-content\/uploads\/2017\/04\/publikacie-150x150.png\" alt=\"\" width=\"150\" height=\"150\" \/><\/h2>\n<p>Liste von Publikationen, in denen die Kirche und das Kloster der heiligen Katharina erw\u00e4hnt werden, sowie die betroffenen Textteile.<\/p>\n<p><a href=\"https:\/\/www.katarinka.sk\/klastor-katarinka\/odborne-prace-a-vyskum\/publikacie-o-katarinke\/\">Lesen Sie mehr&#8230;<\/a><\/p>","protected":false},"excerpt":{"rendered":"<p>Welche Methoden nutzen wir? Wir bem\u00fchen uns, traditionelle Methoden,\u00a0 die es schon im 17. Jahrhundert gab, zu nutzen. Sei es bei der Herstellung des historischen Kalkm\u00f6rtels oder des hand-gezimmerten Eichengeb\u00e4lks, das f\u00fcr Rekonstruktion des Turms gebraucht wurde. In Ausnahmef\u00e4llen nutzten wir auch moderne Technologien (z.B. Zementm\u00f6rtel), jedoch immer nur nach einer gr\u00fcndlichen Beratung von ExpertInnen <a class=\"read-more\" href=\"https:\/\/www.katarinka.sk\/de\/kloster-katarinka\/facharbeiten-und-forschung\/\">Read More<\/a><\/p>\n","protected":false},"author":1,"featured_media":0,"parent":2,"menu_order":0,"comment_status":"closed","ping_status":"closed","template":"","meta":{"footnotes":""},"class_list":["post-84","page","type-page","status-publish","hentry"],"_links":{"self":[{"href":"https:\/\/www.katarinka.sk\/de\/wp-json\/wp\/v2\/pages\/84","targetHints":{"allow":["GET"]}}],"collection":[{"href":"https:\/\/www.katarinka.sk\/de\/wp-json\/wp\/v2\/pages"}],"about":[{"href":"https:\/\/www.katarinka.sk\/de\/wp-json\/wp\/v2\/types\/page"}],"author":[{"embeddable":true,"href":"https:\/\/www.katarinka.sk\/de\/wp-json\/wp\/v2\/users\/1"}],"replies":[{"embeddable":true,"href":"https:\/\/www.katarinka.sk\/de\/wp-json\/wp\/v2\/comments?post=84"}],"version-history":[{"count":15,"href":"https:\/\/www.katarinka.sk\/de\/wp-json\/wp\/v2\/pages\/84\/revisions"}],"predecessor-version":[{"id":5093,"href":"https:\/\/www.katarinka.sk\/de\/wp-json\/wp\/v2\/pages\/84\/revisions\/5093"}],"up":[{"embeddable":true,"href":"https:\/\/www.katarinka.sk\/de\/wp-json\/wp\/v2\/pages\/2"}],"wp:attachment":[{"href":"https:\/\/www.katarinka.sk\/de\/wp-json\/wp\/v2\/media?parent=84"}],"curies":[{"name":"wp","href":"https:\/\/api.w.org\/{rel}","templated":true}]}}