{"id":81,"date":"2017-04-28T09:02:45","date_gmt":"2017-04-28T08:02:45","guid":{"rendered":"https:\/\/www.katarinka.sk\/?page_id=81"},"modified":"2022-12-22T14:25:21","modified_gmt":"2022-12-22T13:25:21","slug":"regula-radu","status":"publish","type":"page","link":"https:\/\/www.katarinka.sk\/de\/projekt-katarinka\/regula-radu\/","title":{"rendered":"Ordensregeln"},"content":{"rendered":"<p>Regeln der Br\u00fcdern und Schwestern des Ordens der heiligen Katharina:<\/p>\n<ol>\n<li>Als Ordensmitglied strebe nach Frieden, Wohl und Liebe f\u00fcr sich und f\u00fcr Andere.<\/li>\n<li>Das Gel\u00fcbde der Armut bindet dich. Mit Sachen, die du hast, sei zufrieden und Gold, Edelsteinen und anderen Besitz begehre nicht. Du sollst in Einfachheit leben und Dinge, die die Vernunft verdunkeln, solltest du meiden.<\/li>\n<li>Das Gel\u00fcbde des Gehorsams gegen\u00fcber deinen Vorgesetzter bindet dich. Diese werden dein Gel\u00fcbde zu ihren Gunsten nicht missbrauchen.<\/li>\n<li>Die Arbeit solltest du wegen der Arbeit selbst und wegen all dem Gut, das sie bringt, aus\u00fcben. Bem\u00fche dich, Kirche und Kloster durch deine Arbeit und Geschick zu retten, sowie auch der umgebenden Natur zu helfen.<\/li>\n<li>Beachte die Tagesordnung, P\u00fcnktlickeit sei deine Freundin. Rechtzeitig solltest du aufstehen.<\/li>\n<li>Zum Zweck, sich selbst sowie die Anderen besser zu kennen, sei bereit, an den dazu bestimmten T\u00e4tigkeiten teilzunehmen, zu spielen und sich zu unterhalten.<\/li>\n<li>Du sollst die Weisheit alter B\u00fccher und die Weisheit deiner Br\u00fcder ehren, Erfahrungen und Taten der Vorfahren wertsch\u00e4tzen.<\/li>\n<li>Kein Lebewesen darfst du t\u00f6ten, au\u00dfer wenn deine Vorgestzte dir Ausnahme gestatten. Natur sollst du sch\u00fctzen.<\/li>\n<li>Den guten Ruf des historischen Denkmals, das wir retten, sollst du verbreiten und deinem Orden sollst du treu bleiben.<\/li>\n<li>Falls du gegen diese Regeln verst\u00f6\u00dft, sind die Provinzialminister nach Beratung mit der Komunit\u00e4t des Klosters berechtigt, dir Bu\u00dfe aufzuerlegen.<\/li>\n<\/ol>\n<p>So ist geschrieben, so soll geschehen.<\/p>","protected":false},"excerpt":{"rendered":"<p>Regeln der Br\u00fcdern und Schwestern des Ordens der heiligen Katharina: Als Ordensmitglied strebe nach Frieden, Wohl und Liebe f\u00fcr sich und f\u00fcr Andere. Das Gel\u00fcbde der Armut bindet dich. Mit Sachen, die du hast, sei zufrieden und Gold, Edelsteinen und anderen Besitz begehre nicht. Du sollst in Einfachheit leben und Dinge, die die Vernunft verdunkeln, <a class=\"read-more\" href=\"https:\/\/www.katarinka.sk\/de\/projekt-katarinka\/regula-radu\/\">Read More<\/a><\/p>\n","protected":false},"author":1,"featured_media":0,"parent":12,"menu_order":0,"comment_status":"closed","ping_status":"closed","template":"","meta":{"footnotes":""},"class_list":["post-81","page","type-page","status-publish","hentry"],"_links":{"self":[{"href":"https:\/\/www.katarinka.sk\/de\/wp-json\/wp\/v2\/pages\/81","targetHints":{"allow":["GET"]}}],"collection":[{"href":"https:\/\/www.katarinka.sk\/de\/wp-json\/wp\/v2\/pages"}],"about":[{"href":"https:\/\/www.katarinka.sk\/de\/wp-json\/wp\/v2\/types\/page"}],"author":[{"embeddable":true,"href":"https:\/\/www.katarinka.sk\/de\/wp-json\/wp\/v2\/users\/1"}],"replies":[{"embeddable":true,"href":"https:\/\/www.katarinka.sk\/de\/wp-json\/wp\/v2\/comments?post=81"}],"version-history":[{"count":8,"href":"https:\/\/www.katarinka.sk\/de\/wp-json\/wp\/v2\/pages\/81\/revisions"}],"predecessor-version":[{"id":5028,"href":"https:\/\/www.katarinka.sk\/de\/wp-json\/wp\/v2\/pages\/81\/revisions\/5028"}],"up":[{"embeddable":true,"href":"https:\/\/www.katarinka.sk\/de\/wp-json\/wp\/v2\/pages\/12"}],"wp:attachment":[{"href":"https:\/\/www.katarinka.sk\/de\/wp-json\/wp\/v2\/media?parent=81"}],"curies":[{"name":"wp","href":"https:\/\/api.w.org\/{rel}","templated":true}]}}