{"id":61,"date":"2017-04-28T08:50:14","date_gmt":"2017-04-28T07:50:14","guid":{"rendered":"https:\/\/www.katarinka.sk\/?page_id=61"},"modified":"2026-01-04T18:11:44","modified_gmt":"2026-01-04T17:11:44","slug":"kde-je-katarinka","status":"publish","type":"page","link":"https:\/\/www.katarinka.sk\/de\/kloster-katarinka\/wo-ist-katarinka\/","title":{"rendered":"Wo ist Katar\u00ednka?"},"content":{"rendered":"<p>Die Kirche und das Kloster von St. Katharina von Alexandrien (davon der slowakische Name <strong><em>Katar\u00ednka<\/em><\/strong>) befindet sich im Westen der Slowakei, in den W\u00e4ldern der Kleinen Karpaten. Katar\u00ednka befindet sich 20 km n\u00f6rdlich von der Stadt Trnava, und liegt nah an den D\u00f6rfern Dechtice und Nah\u00e1\u010d.<\/p>\n<p>Die Kirche und das Kloster sind Teil des <a href=\"http:\/\/uzemia.enviroportal.sk\/main\/detail\/cislo\/72\" target=\"_blank\" rel=\"noopener noreferrer\">\u00a0<\/a><a href=\"http:\/\/uzemia.enviroportal.sk\/main\/detail\/cislo\/72\" target=\"_blank\" rel=\"noopener noreferrer\">Naturschutzgebiets Katar\u00edna,<\/a> welches unter das <a href=\"http:\/\/www.sopsr.sk\/cinnost\/doc\/Mapka_VCHU.jpg\" target=\"_blank\" rel=\"noopener noreferrer\">Landschaftsschutzgebiet Kleine Karpaten<\/a> geh\u00f6rt.<\/p>\n<div class=\"moduletable\"><iframe loading=\"lazy\" id=\"blockrandom\" class=\"wrapper\" src=\"https:\/\/www.arcgis.com\/home\/webmap\/presentation.html?webmap=ef162a307d134bf590ac475072ebf894&amp;extent=17.5263987099609,48.544765881804,17.561288884816,48.5601625429848\" name=\"MapPresentWhereIs\" width=\"100%\" height=\"400\" frameborder=\"0\" scrolling=\"no\" data-mce-fragment=\"1\"><br \/>\nBez Iframes<\/iframe><\/div>\n<p>Auf der Karte kann man auf einzelne Symbole klicken, um ein Bild oder eine Beschreibung zu zeigen.<br \/>\n<small>Zeige <a href=\"https:\/\/www.arcgis.com\/home\/webmap\/presentation.html?webmap=ef162a307d134bf590ac475072ebf894\" target=\"_blank\" rel=\"noopener noreferrer\">Katar\u00ednka<\/a> auf einer gr\u00f6\u00dferen Karte<\/small><\/p>\n<hr \/>\n<h2>Autozufahrt<\/h2>\n<p>Von der Grenze des Landschaftsschutzgebiets Kleine Karpaten ist der Zugang nur zu Fu\u00df m\u00f6glich. Wir bitten deswegen die Besucher um ihre Fahrzeuge am Parkplatz vor dem Wald stehen zu lassen. <strong>Einfahrt in den Wald ist\u00a0 streng verboten!<\/strong><\/p>\n<p>Google Link f\u00fcr die Navigation: <a href=\"https:\/\/goo.gl\/maps\/G4TfHvZaQmB2\">https:\/\/goo.gl\/maps\/G4TfHvZaQmB2<\/a><br \/>\nBei der Navigation \u00fcber Google Maps, Waze usw. tragen Sie als Stichwort <strong>&#8222;Katar\u00ednka &#8211; parkovisko&#8220; <\/strong>ein, sonst werden Sie schlecht navigiert.<\/p>\n<h2>Zu Fu\u00df zur Katar\u00ednka<\/h2>\n<ul>\n<li>Von <strong>Nah\u00e1\u010d <\/strong>zur Kirchenruine \u00fcber den blauen Wanderpfad &#8211; Dauer 40 Minuten.<\/li>\n<li>Von <strong>Dechtice <\/strong>zur Kirchenruine \u00fcber den gelben Wanderpfad &#8211; Dauer 1 Stunde und 20 Minuten.<\/li>\n<li>Von <strong>Dobr\u00e1 Voda <\/strong>zur Kirchenruine \u00fcber den blauen Wanderpfad &#8211; Dauer 1 Stunde und 20 Minuten.<\/li>\n<\/ul>\n<p>Der Sommercamp der Freiwilligen befindet sich in der N\u00e4he der Ruinen, hinter der Grenze des Naturschutzgebiets.<\/p>\n<h2>Haben sie Fragen?<\/h2>\n<p>Sollten Sie Fragen, Anl\u00e4sse oder Ideen, die mit Ihrem Besuch von Katar\u00ednka oder mit Ihrer Erfahrung als Tourist zusammenh\u00e4ngen, bitte lesen Sie zuerst die <a href=\"https:\/\/www.katarinka.sk\/faq\/pre-turistov\/\">FAQ,<\/a> oder kontaktieren Sie uns \u00fcber <a href=\"mailto:navstevy@katarinka.sk\">navstevy@katarinka.sk<\/a><\/p>\n<h2>Position des Turms (nach GPS)<\/h2>\n<ul>\n<li>N 48\u00b0 33&#8242; 19.2&#8220;<\/li>\n<li>E 17\u00b0 32&#8242; 09.4&#8220;<\/li>\n<li>H\u00f6henlage: 324 m<\/li>\n<\/ul>\n<h2>Position des Sommercamps<\/h2>\n<ul>\n<li>N 48\u00b0 33&#8242; 28.4&#8243;<\/li>\n<li>E 17\u00b0 32&#8242; 32.5&#8243;<\/li>\n<li class=\"no_type\">(An der Grenze des Naturschutzgebiets gemessen)<\/li>\n<\/ul>\n<h2>Links<\/h2>\n<ol>\n<li><a href=\"https:\/\/www.minzp.sk\/\" target=\"_blank\" rel=\"noopener noreferrer\">Minist\u00e4rium f\u00fcr Umwelt der Slowakischen Republik<\/a><\/li>\n<li><a href=\"http:\/\/www.sopsr.sk\/\" target=\"_blank\" rel=\"noopener noreferrer\">Naturschutzamt der Slowakischen Republik<\/a><\/li>\n<\/ol>\n<p><\/p>","protected":false},"excerpt":{"rendered":"<p>Die Kirche und das Kloster von St. Katharina von Alexandrien (davon der slowakische Name Katar\u00ednka) befindet sich im Westen der Slowakei, in den W\u00e4ldern der Kleinen Karpaten. Katar\u00ednka befindet sich 20 km n\u00f6rdlich von der Stadt Trnava, und liegt nah an den D\u00f6rfern Dechtice und Nah\u00e1\u010d. Die Kirche und das Kloster sind Teil des \u00a0Naturschutzgebiets <a class=\"read-more\" href=\"https:\/\/www.katarinka.sk\/de\/kloster-katarinka\/wo-ist-katarinka\/\">Read More<\/a><\/p>\n","protected":false},"author":1,"featured_media":0,"parent":2,"menu_order":0,"comment_status":"closed","ping_status":"closed","template":"","meta":{"footnotes":""},"class_list":["post-61","page","type-page","status-publish","hentry"],"_links":{"self":[{"href":"https:\/\/www.katarinka.sk\/de\/wp-json\/wp\/v2\/pages\/61","targetHints":{"allow":["GET"]}}],"collection":[{"href":"https:\/\/www.katarinka.sk\/de\/wp-json\/wp\/v2\/pages"}],"about":[{"href":"https:\/\/www.katarinka.sk\/de\/wp-json\/wp\/v2\/types\/page"}],"author":[{"embeddable":true,"href":"https:\/\/www.katarinka.sk\/de\/wp-json\/wp\/v2\/users\/1"}],"replies":[{"embeddable":true,"href":"https:\/\/www.katarinka.sk\/de\/wp-json\/wp\/v2\/comments?post=61"}],"version-history":[{"count":25,"href":"https:\/\/www.katarinka.sk\/de\/wp-json\/wp\/v2\/pages\/61\/revisions"}],"predecessor-version":[{"id":7058,"href":"https:\/\/www.katarinka.sk\/de\/wp-json\/wp\/v2\/pages\/61\/revisions\/7058"}],"up":[{"embeddable":true,"href":"https:\/\/www.katarinka.sk\/de\/wp-json\/wp\/v2\/pages\/2"}],"wp:attachment":[{"href":"https:\/\/www.katarinka.sk\/de\/wp-json\/wp\/v2\/media?parent=61"}],"curies":[{"name":"wp","href":"https:\/\/api.w.org\/{rel}","templated":true}]}}