{"id":33,"date":"2017-04-27T09:18:02","date_gmt":"2017-04-27T08:18:02","guid":{"rendered":"https:\/\/www.katarinka.sk\/?page_id=33"},"modified":"2025-05-20T11:39:33","modified_gmt":"2025-05-20T09:39:33","slug":"kontakt","status":"publish","type":"page","link":"https:\/\/www.katarinka.sk\/de\/kontakt\/","title":{"rendered":"Kontakt"},"content":{"rendered":"<p><\/p>\n<table class=\"class\" style=\"height: 344px;\">\n<tbody>\n<tr style=\"height: 68px;\">\n<th style=\"height: 68px;\">Adresse der Organisatoren:<\/th>\n<td style=\"height: 68px;\">KATAR\u00cdNKA<br \/>\n\u0160\u00e1ndorova 8<br \/>\n821 03 BRATISLAVA 2<\/td>\n<\/tr>\n<tr style=\"height: 68px;\">\n<th style=\"height: 68px;\">Tel. Nummer:<br \/>\n(Stichwort: Katar\u00ednka)<\/th>\n<td style=\"height: 68px;\">+421902 886 628 <small>(Katar\u00edna E\u010deryov\u00e1 (Elpida) &#8211; Sekr\u00e4terin des Vereins)<\/small><br \/>\n+421908 811 033 <small>(Peter Herceg (Benignus) &#8211; Vorsitzender des Vereins)<\/small><br \/>\n02-43294373 <small>(Sitz des Vereins)<\/small><br \/>\n+421905 701 392 <small>(Informationen \u00fcber Waldeisenbahn)<\/small><\/td>\n<\/tr>\n<tr style=\"height: 68px;\">\n<th style=\"height: 68px;\">Bankverbindung:<\/th>\n<td style=\"height: 68px;\"><strong>Kontonummer<\/strong> (Unterst\u00fctzung f\u00fcr Realisierung des Projekts &#8211; o.z. Katar\u00ednka):<br \/>\n2620762742 \/ 1100 (Tatra banka, a.s.)<br \/>\nIBAN: SK14 1100 0000 0026 2076 2742<\/td>\n<\/tr>\n<tr style=\"height: 24px;\">\n<th style=\"height: 24px;\">E-mail:<\/th>\n<td style=\"height: 24px;\"><a href=\"mailto:katarinka@katarinka.sk\">katarinka@katarinka.sk<br \/>\n<\/a><\/td>\n<\/tr>\n<tr style=\"height: 68px;\">\n<th style=\"height: 68px;\">Besuch, F\u00fchrungen:<\/th>\n<td style=\"height: 68px;\"><a href=\"mailto:navstevy@katarinka.sk\">navstevy@katarinka.sk<\/a><br \/>\nF\u00fcr Ihre Fragen, Anl\u00e4sse oder Ideen bez\u00fcglich Ihres Besuchs von Katar\u00ednka, F\u00fchrungen oder touristische Informationen.<br \/>\nSchauen Sie sich die <a href=\"https:\/\/www.katarinka.sk\/faq\/\">am h\u00e4ufigsten gestellen Fragen und Atworten<\/a> an, ob Sie die Antwort auf Ihre Frage dort finden k\u00f6nnen.<\/td>\n<\/tr>\n<tr style=\"height: 24px;\">\n<th style=\"height: 24px;\">Bemerkungen zur Webseite:<\/th>\n<td style=\"height: 24px;\"><a href=\"mailto:webmaster@katarinka.sk\">webmaster@katarinka.sk<br \/>\n<\/a><\/td>\n<\/tr>\n<tr style=\"height: 24px;\">\n<th style=\"height: 24px;\">Datenschutz:<\/th>\n<td style=\"height: 24px;\">gdpr@katarinka.sk<\/td>\n<\/tr>\n<\/tbody>\n<\/table>\n<hr \/>\n<h2>Organisationen, die sich an Realisierung des Projekts Katar\u00ednka beteiligen<\/h2>\n<table style=\"height: 142px;\">\n<tbody>\n<tr style=\"height: 46px;\">\n<th style=\"height: 46px; width: 1010px;\" width=\"50%\">o.z. KATAR\u00cdNKA<br \/>\n(<a href=\"\/dokumenty\/stanovy\/stanovy_oz_katarinka.pdf\">Satzung von o.z. Katar\u00ednka<\/a>)<\/th>\n<th style=\"height: 46px; width: 1008px;\" width=\"50%\">Verein der christlichen Jugendgemeinschaften &#8211; OC Katar\u00ednka (<a href=\"http:\/\/www.zksm.sk\/\">www.zksm.sk<\/a>)<\/th>\n<\/tr>\n<tr style=\"height: 24px;\">\n<td style=\"height: 24px; width: 1010px;\">\u0160\u00e1ndorova 8<\/td>\n<td style=\"height: 24px; width: 1008px;\">Doln\u00fd \u0160ianec 1013\/1<\/td>\n<\/tr>\n<tr style=\"height: 24px;\">\n<td style=\"height: 10px; width: 1010px;\">821 03 Bratislava<\/td>\n<td style=\"height: 10px; width: 1008px;\">911 01 Tren\u010d\u00edn<\/td>\n<\/tr>\n<tr style=\"height: 24px;\">\n<td style=\"height: 24px; width: 1010px;\">Id. Nr.: 30856841<\/td>\n<td style=\"height: 24px; width: 1008px;\">Id. Nr.: 00 641 162<\/td>\n<\/tr>\n<tr style=\"height: 24px;\">\n<td style=\"height: 24px; width: 1010px;\">Ust-ID-Nr.: 2021941680<\/td>\n<td style=\"height: 24px; width: 1008px;\">Ust-ID-Nr: 2020 84 85 22<\/p>\n<p>Korrespondenzadresse:<br \/>\nP.O. BOX 117<br \/>\n080 01 Pre\u0161ov<\/td>\n<\/tr>\n<\/tbody>\n<\/table>\n<hr \/>\n<h2>Landkarte<\/h2>\n<p>Die Landkarte zeigt Kirche und Kloster der heiligen Katharina von Alexandrien.<br \/>\nBemerkung &#8211; Bei Navi von Google, Waze etc. geben Sie <a href=\"https:\/\/goo.gl\/maps\/G4TfHvZaQmB2\">Katar\u00ednka &#8211; parkovisko<\/a> an.<\/p>\n<p><iframe loading=\"lazy\" style=\"border: 0;\" src=\"https:\/\/www.google.com\/maps\/embed?pb=!1m18!1m12!1m3!1d26926.082478403605!2d17.527655942322138!3d48.55566505762106!2m3!1f0!2f0!3f0!3m2!1i1024!2i768!4f13.1!3m3!1m2!1s0x476caefbd2533bd7%3A0xd551e596ed8aec4d!2sKatar%C3%ADnka!5e1!3m2!1sen!2ssk!4v1629224796837!5m2!1sen!2ssk\" width=\"800\" height=\"550\" allowfullscreen=\"allowfullscreen\"><\/iframe><\/p>","protected":false},"excerpt":{"rendered":"<p>Adresse der Organisatoren: KATAR\u00cdNKA \u0160\u00e1ndorova 8 821 03 BRATISLAVA 2 Tel. Nummer: (Stichwort: Katar\u00ednka) +421902 886 628 (Katar\u00edna E\u010deryov\u00e1 (Elpida) &#8211; Sekr\u00e4terin des Vereins) +421908 811 033 (Peter Herceg (Benignus) &#8211; Vorsitzender des Vereins) 02-43294373 (Sitz des Vereins) +421905 701 392 (Informationen \u00fcber Waldeisenbahn) Bankverbindung: Kontonummer (Unterst\u00fctzung f\u00fcr Realisierung des Projekts &#8211; o.z. Katar\u00ednka): 2620762742 <a class=\"read-more\" href=\"https:\/\/www.katarinka.sk\/de\/kontakt\/\">Read More<\/a><\/p>\n","protected":false},"author":1,"featured_media":0,"parent":0,"menu_order":0,"comment_status":"closed","ping_status":"closed","template":"","meta":{"footnotes":""},"class_list":["post-33","page","type-page","status-publish","hentry"],"_links":{"self":[{"href":"https:\/\/www.katarinka.sk\/de\/wp-json\/wp\/v2\/pages\/33","targetHints":{"allow":["GET"]}}],"collection":[{"href":"https:\/\/www.katarinka.sk\/de\/wp-json\/wp\/v2\/pages"}],"about":[{"href":"https:\/\/www.katarinka.sk\/de\/wp-json\/wp\/v2\/types\/page"}],"author":[{"embeddable":true,"href":"https:\/\/www.katarinka.sk\/de\/wp-json\/wp\/v2\/users\/1"}],"replies":[{"embeddable":true,"href":"https:\/\/www.katarinka.sk\/de\/wp-json\/wp\/v2\/comments?post=33"}],"version-history":[{"count":30,"href":"https:\/\/www.katarinka.sk\/de\/wp-json\/wp\/v2\/pages\/33\/revisions"}],"predecessor-version":[{"id":6743,"href":"https:\/\/www.katarinka.sk\/de\/wp-json\/wp\/v2\/pages\/33\/revisions\/6743"}],"wp:attachment":[{"href":"https:\/\/www.katarinka.sk\/de\/wp-json\/wp\/v2\/media?parent=33"}],"curies":[{"name":"wp","href":"https:\/\/api.w.org\/{rel}","templated":true}]}}