{"id":2962,"date":"2018-05-17T09:15:16","date_gmt":"2018-05-17T08:15:16","guid":{"rendered":"https:\/\/www.katarinka.sk\/?page_id=2962"},"modified":"2023-01-04T11:34:43","modified_gmt":"2023-01-04T10:34:43","slug":"stan-sa-mecenom-katarinky-a-podpor-nas","status":"publish","type":"page","link":"https:\/\/www.katarinka.sk\/de\/faq\/wie-kann-ich-sie-unterstutzen\/werden-sie-mazen-von-katarinka-und-unterstutzen-sie-uns\/","title":{"rendered":"Werden Sie M\u00e4zen von Katar\u00ednka und unterst\u00fctzen Sie uns!"},"content":{"rendered":"<p>Der Graf Gabriel Erd\u00f6dy (Sohn des Klostergr\u00fcnders Kristof Erd\u00f6dy) und seine Ehefrau Judita Amade wurden M\u00e4zenen von Katar\u00ednka. Dank ihren gro\u00dfz\u00fcgigen Spenden wurde zu der Zeit ihres Lebens die Rekonstruktion und der Umbau des Klosters realisiert, sowie die Vergr\u00f6\u00dferung der Kirche zu einem ger\u00e4umigeren Tempel &#8211; so haben Gabriel und Judita zu einer Bl\u00fctezeit des Klosters verholfen. Ein M\u00e4zen ist ein <strong>Unterst\u00fctzer, Helfer, F\u00f6rderer, Patron oder Spender<\/strong>.<\/p>\n<p>Viele von Ihnen k\u00f6nnen aus verschiedenen Gr\u00fcnden an den Veranstaltungen von Katar\u00ednka nicht oder nicht mehr teilnehmen, kommen und helfen, wie Sie sich das w\u00fcnschten. Vielleicht ist Ihen Katar\u00ednka aber ans Herz gewachsen und Sie w\u00fcrden sie sehr gerne auch au\u00dfer Saison kontinuierlich unterst\u00fctzen. Falls Sie eine geeignete Unterst\u00fctzungsweise\u00a0 suchen, ist das M\u00e4zenatentum &#8211; regelm\u00e4\u00dfiges Spenden oder kontinuierliche finanzielle Unterst\u00fctzung des Projekts auf monatlicher Basis -genau f\u00fcr Sie.<\/p>\n<p>Unser Ziel ist es, die Realisierung des Projekts Katar\u00ednka auch aus anderen Finanzquellen als aus Zusch\u00fcssen und Dotationen zu gew\u00e4hrleisten. Denn bei diesen ist das Ergebnis oft unklar und wir wissen nie im Vorhinein, mit welcher Summer wir rechnen k\u00f6nnen,<\/p>\n<hr \/>\n<h2>Nicht die H\u00f6he, sondern die Regelm\u00e4\u00dfigkeit Ihrer Spende z\u00e4hlt!<\/h2>\n<p>Egal ob Sie 3, 4, 5, 10 oder 20 Euro\u00a0 monatlich spenden k\u00f6nnen \u2013 jeder Euro Ihrer regelm\u00e4\u00dfigen Unterst\u00fczung wird uns helfen!<\/p>\n<p>Dank den regelm\u00e4\u00dfigen Spenden von unseren M\u00e4zenen k\u00f6nnen wir n\u00e4mlich die Arbeiten, Eink\u00e4ufe von Materialien und die Finanzierung der kommenden Saison viel effektiver planen.<\/p>\n<hr \/>\n<h2>Wie kann ich M\u00e4zen werden?<\/h2>\n<p>Es ist ganz einfach &#8211; ein M\u00e4zen k\u00f6nnen Sie in zwei Schritten werden:<\/p>\n<h3>1<\/h3>\n<p>Schreiben Sie uns an unsere E-Mail-Adresse <a href=\"mailto:gabriel.erdodi@katarinka.sk\">gabriel.erdodi@katarinka.sk<\/a>. Dieser Schritt ist f\u00fcr uns sehr wichtig &#8211; so dass wir \u00fcber Sie wissen und dann k\u00f6nnen wir Sie \u00fcber Aktivit\u00e4ten und Neuigkeiten, die f\u00fcr unsere M\u00e4zenen bestimmt sind, informieren.<\/p>\n<p>In der Mail geben Sie bitte folgende Informationen an:<\/p>\n<ul>\n<li><strong>Vorname und Nachname<\/strong><\/li>\n<li>falls du Katar\u00ednkovec (Katharinkaner) bist &#8211; dein Ordensname<\/li>\n<li><strong>Summe<\/strong>, mit der Sie uns regelm\u00e4\u00dfig unterst\u00fctzen wollen<\/li>\n<li><strong>Zeit\u00a0<\/strong>&#8211; wie lang Sie vorhaben, uns zu unterst\u00fctzen<\/li>\n<\/ul>\n<p>Wir schicken Ihnen umgehend eine Antwort und empfangen Sie unter unsere Katar\u00ednka-M\u00e4zenen \ud83d\ude42<\/p>\n<h3>2<\/h3>\n<p>Bitte richten Sie mittels Online-Banking einen Daueraftrag an die folgende Banknummer ein:<\/p>\n<p style=\"padding-left: 30px;\">IBAN: <strong>SK14 1100 0000 0026 2076 2742<br \/>\n<\/strong>Konstantes Symbol: <strong>508<br \/>\n<\/strong>Hinweis f\u00fcr den Empf\u00e4nger:\u00a0 <strong>MECEN + Ihr Name<\/strong><\/p>\n<p>Falls Sie und nicht regelm\u00e4\u00dfig unterst\u00fczuen k\u00f6nnen, hilft uns nat\u00fcrlich auch jede einmalige Spende an das oben angegebene Bankkonto.<\/p>\n<p>&nbsp;<\/p>\n<hr \/>\n<p>Herzlichen Dank f\u00fcr Ihre Spende!<\/p>","protected":false},"excerpt":{"rendered":"<p>Der Graf Gabriel Erd\u00f6dy (Sohn des Klostergr\u00fcnders Kristof Erd\u00f6dy) und seine Ehefrau Judita Amade wurden M\u00e4zenen von Katar\u00ednka. Dank ihren gro\u00dfz\u00fcgigen Spenden wurde zu der Zeit ihres Lebens die Rekonstruktion und der Umbau des Klosters realisiert, sowie die Vergr\u00f6\u00dferung der Kirche zu einem ger\u00e4umigeren Tempel &#8211; so haben Gabriel und Judita zu einer Bl\u00fctezeit des <a class=\"read-more\" href=\"https:\/\/www.katarinka.sk\/de\/faq\/wie-kann-ich-sie-unterstutzen\/werden-sie-mazen-von-katarinka-und-unterstutzen-sie-uns\/\">Read More<\/a><\/p>\n","protected":false},"author":1,"featured_media":0,"parent":1442,"menu_order":0,"comment_status":"closed","ping_status":"closed","template":"","meta":{"footnotes":""},"class_list":["post-2962","page","type-page","status-publish","hentry"],"_links":{"self":[{"href":"https:\/\/www.katarinka.sk\/de\/wp-json\/wp\/v2\/pages\/2962","targetHints":{"allow":["GET"]}}],"collection":[{"href":"https:\/\/www.katarinka.sk\/de\/wp-json\/wp\/v2\/pages"}],"about":[{"href":"https:\/\/www.katarinka.sk\/de\/wp-json\/wp\/v2\/types\/page"}],"author":[{"embeddable":true,"href":"https:\/\/www.katarinka.sk\/de\/wp-json\/wp\/v2\/users\/1"}],"replies":[{"embeddable":true,"href":"https:\/\/www.katarinka.sk\/de\/wp-json\/wp\/v2\/comments?post=2962"}],"version-history":[{"count":5,"href":"https:\/\/www.katarinka.sk\/de\/wp-json\/wp\/v2\/pages\/2962\/revisions"}],"predecessor-version":[{"id":5123,"href":"https:\/\/www.katarinka.sk\/de\/wp-json\/wp\/v2\/pages\/2962\/revisions\/5123"}],"up":[{"embeddable":true,"href":"https:\/\/www.katarinka.sk\/de\/wp-json\/wp\/v2\/pages\/1442"}],"wp:attachment":[{"href":"https:\/\/www.katarinka.sk\/de\/wp-json\/wp\/v2\/media?parent=2962"}],"curies":[{"name":"wp","href":"https:\/\/api.w.org\/{rel}","templated":true}]}}