{"id":2620,"date":"2018-01-03T12:36:08","date_gmt":"2018-01-03T11:36:08","guid":{"rendered":"https:\/\/www.katarinka.sk\/?page_id=2620"},"modified":"2021-09-30T10:49:48","modified_gmt":"2021-09-30T08:49:48","slug":"media-o-nas-2015","status":"publish","type":"page","link":"https:\/\/www.katarinka.sk\/de\/faq\/media-o-nas\/media-o-nas-2015\/","title":{"rendered":"(Sloven\u010dina) M\u00e9di\u00e1 o n\u00e1s (2015)"},"content":{"rendered":"<p class=\"qtranxs-available-languages-message qtranxs-available-languages-message-de\">Leider ist der Eintrag nur auf <a href=\"https:\/\/www.katarinka.sk\/sk\/wp-json\/wp\/v2\/pages\/2620\" class=\"qtranxs-available-language-link qtranxs-available-language-link-sk\" title=\"Sloven\u010dina\">Sloven\u010dina<\/a> und <a href=\"https:\/\/www.katarinka.sk\/en\/wp-json\/wp\/v2\/pages\/2620\" class=\"qtranxs-available-language-link qtranxs-available-language-link-en\" title=\"English\">English<\/a> verf\u00fcgbar.<\/p>","protected":false},"excerpt":{"rendered":"<p>Leider ist der Eintrag nur auf Sloven\u010dina und English verf\u00fcgbar.<\/p>\n","protected":false},"author":1,"featured_media":0,"parent":105,"menu_order":0,"comment_status":"closed","ping_status":"closed","template":"","meta":{"footnotes":""},"class_list":["post-2620","page","type-page","status-publish","hentry"],"_links":{"self":[{"href":"https:\/\/www.katarinka.sk\/de\/wp-json\/wp\/v2\/pages\/2620","targetHints":{"allow":["GET"]}}],"collection":[{"href":"https:\/\/www.katarinka.sk\/de\/wp-json\/wp\/v2\/pages"}],"about":[{"href":"https:\/\/www.katarinka.sk\/de\/wp-json\/wp\/v2\/types\/page"}],"author":[{"embeddable":true,"href":"https:\/\/www.katarinka.sk\/de\/wp-json\/wp\/v2\/users\/1"}],"replies":[{"embeddable":true,"href":"https:\/\/www.katarinka.sk\/de\/wp-json\/wp\/v2\/comments?post=2620"}],"version-history":[{"count":6,"href":"https:\/\/www.katarinka.sk\/de\/wp-json\/wp\/v2\/pages\/2620\/revisions"}],"predecessor-version":[{"id":4495,"href":"https:\/\/www.katarinka.sk\/de\/wp-json\/wp\/v2\/pages\/2620\/revisions\/4495"}],"up":[{"embeddable":true,"href":"https:\/\/www.katarinka.sk\/de\/wp-json\/wp\/v2\/pages\/105"}],"wp:attachment":[{"href":"https:\/\/www.katarinka.sk\/de\/wp-json\/wp\/v2\/media?parent=2620"}],"curies":[{"name":"wp","href":"https:\/\/api.w.org\/{rel}","templated":true}]}}