{"id":22,"date":"2017-04-27T09:12:38","date_gmt":"2017-04-27T08:12:38","guid":{"rendered":"https:\/\/www.katarinka.sk\/?page_id=22"},"modified":"2022-12-31T10:25:34","modified_gmt":"2022-12-31T09:25:34","slug":"faq-ohladom-projektu-katarinka","status":"publish","type":"page","link":"https:\/\/www.katarinka.sk\/de\/faq\/bezuglich-des-projekts-katarinka\/","title":{"rendered":"Bez\u00fcglich des Projekts Katar\u00ednka"},"content":{"rendered":"<p><\/p>\n<h3>Wenn Sie finanzielle Mittel dazu h\u00e4tten, w\u00fcrden Sie die Kirche der heiligen Katharina nach historischen Dokumenten komplett rekonstruieren?<\/h3>\n<p>Die historischen Dokumenten sind ziemlich ungenau. Wir haben also keine M\u00f6glichkeit festzustellen, wie die Kirche und Kloster der heiligen Katharina von Alexandrien in ihrer Bl\u00fctezeit aussahen. Ohnehin wollen wir den Ruinencharakter dieses Orts behalten. Wir haben also kein Interesse daran, die Ruine in ihren urspr\u00fcnglichen Zustand zu bekommen, auch wenn uns das die finanziellen Mittel erlauben w\u00fcrden.<\/p>\n<h3>Sind die Organisationen, die hinter dem Projekt stehen, ausschlie\u00dflich von Spender finanziert?<\/h3>\n<p>Sie sind von Spender, Wohlt\u00e4ter aber auch Stiftungen und Zusch\u00fcssen von dem Kulturministerium und dem Ministerum f\u00fcr Schulwesen finanziert. Nat\u00fcrlich sind wir auch Empf\u00e4nger von 2% &#8211; Steueranteil. Gro\u00dfe Hilfe stellen auch materielle Gaben von unseren Unterst\u00fctzerInnen dar &#8211; wie zum Beispiel von den B\u00fcrgerInnen aus Dechtice, Nah\u00e1\u010d, K\u00e1tlovce, etc. Das Projekt wird auch durch Spenden von nat\u00fcrlichen Personen unterst\u00fctzt.<\/p>\n<h3>Haben Sie eine Zeitspanne festgelegt, in der Sie das Projekt erfolgreich abschliessen wollen?<\/h3>\n<p>An diesem Projekt gibt es noch so viel Arbeit, es gibt hier noch so viele M\u00f6glichkeiten, was man machen kann (Arch\u00e4ologie in der Umgebung, Kultivierung der Umgebung, Erneuerung von den urspr\u00fcnglichen Teichen, Baumgarten, etc.), dass es \u00fcberhaupt nicht in Frage kommt, sich Gedanken \u00fcber den Zeitpunkt des Projektabschlusses zu machen. Unser Ziel ist es nicht, mit der Konservierung bis zu Jahr XY fertig zu sein, sondern das Denkmal zu retten und dabei die Beziehung junger Menschen zu den Denkm\u00e4lern, zu dem kulturellen und historischen Erben zu f\u00f6rdern, sowie ihnen die M\u00f6glichkeit zu geben, etwas Einzigartiges weit von der Zivilisation zu erleben.<\/p>","protected":false},"excerpt":{"rendered":"<p>Wenn Sie finanzielle Mittel dazu h\u00e4tten, w\u00fcrden Sie die Kirche der heiligen Katharina nach historischen Dokumenten komplett rekonstruieren? Die historischen Dokumenten sind ziemlich ungenau. Wir haben also keine M\u00f6glichkeit festzustellen, wie die Kirche und Kloster der heiligen Katharina von Alexandrien in ihrer Bl\u00fctezeit aussahen. Ohnehin wollen wir den Ruinencharakter dieses Orts behalten. Wir haben also <a class=\"read-more\" href=\"https:\/\/www.katarinka.sk\/de\/faq\/bezuglich-des-projekts-katarinka\/\">Read More<\/a><\/p>\n","protected":false},"author":1,"featured_media":0,"parent":18,"menu_order":0,"comment_status":"closed","ping_status":"closed","template":"","meta":{"footnotes":""},"class_list":["post-22","page","type-page","status-publish","hentry"],"_links":{"self":[{"href":"https:\/\/www.katarinka.sk\/de\/wp-json\/wp\/v2\/pages\/22","targetHints":{"allow":["GET"]}}],"collection":[{"href":"https:\/\/www.katarinka.sk\/de\/wp-json\/wp\/v2\/pages"}],"about":[{"href":"https:\/\/www.katarinka.sk\/de\/wp-json\/wp\/v2\/types\/page"}],"author":[{"embeddable":true,"href":"https:\/\/www.katarinka.sk\/de\/wp-json\/wp\/v2\/users\/1"}],"replies":[{"embeddable":true,"href":"https:\/\/www.katarinka.sk\/de\/wp-json\/wp\/v2\/comments?post=22"}],"version-history":[{"count":13,"href":"https:\/\/www.katarinka.sk\/de\/wp-json\/wp\/v2\/pages\/22\/revisions"}],"predecessor-version":[{"id":5091,"href":"https:\/\/www.katarinka.sk\/de\/wp-json\/wp\/v2\/pages\/22\/revisions\/5091"}],"up":[{"embeddable":true,"href":"https:\/\/www.katarinka.sk\/de\/wp-json\/wp\/v2\/pages\/18"}],"wp:attachment":[{"href":"https:\/\/www.katarinka.sk\/de\/wp-json\/wp\/v2\/media?parent=22"}],"curies":[{"name":"wp","href":"https:\/\/api.w.org\/{rel}","templated":true}]}}