{"id":2124,"date":"2017-12-13T10:12:28","date_gmt":"2017-12-13T09:12:28","guid":{"rendered":"https:\/\/www.katarinka.sk\/?page_id=2124"},"modified":"2021-09-30T10:28:20","modified_gmt":"2021-09-30T08:28:20","slug":"uryvok-kostol-a-klastor-svatej-katariny","status":"publish","type":"page","link":"https:\/\/www.katarinka.sk\/de\/kloster-katarinka\/geschichte\/uryvok-kostol-a-klastor-svatej-katariny\/","title":{"rendered":"(Sloven\u010dina) \u00daryvok: Kostol a kl\u00e1\u0161tor sv\u00e4tej Katar\u00edny"},"content":{"rendered":"<p class=\"qtranxs-available-languages-message qtranxs-available-languages-message-de\">Leider ist der Eintrag nur auf <a href=\"https:\/\/www.katarinka.sk\/sk\/wp-json\/wp\/v2\/pages\/2124\" class=\"qtranxs-available-language-link qtranxs-available-language-link-sk\" title=\"Sloven\u010dina\">Sloven\u010dina<\/a> und <a href=\"https:\/\/www.katarinka.sk\/en\/wp-json\/wp\/v2\/pages\/2124\" class=\"qtranxs-available-language-link qtranxs-available-language-link-en\" title=\"English\">English<\/a> verf\u00fcgbar.<\/p>","protected":false},"excerpt":{"rendered":"<p>Leider ist der Eintrag nur auf Sloven\u010dina und English verf\u00fcgbar.<\/p>\n","protected":false},"author":1,"featured_media":0,"parent":63,"menu_order":0,"comment_status":"closed","ping_status":"closed","template":"","meta":{"footnotes":""},"class_list":["post-2124","page","type-page","status-publish","hentry"],"_links":{"self":[{"href":"https:\/\/www.katarinka.sk\/de\/wp-json\/wp\/v2\/pages\/2124","targetHints":{"allow":["GET"]}}],"collection":[{"href":"https:\/\/www.katarinka.sk\/de\/wp-json\/wp\/v2\/pages"}],"about":[{"href":"https:\/\/www.katarinka.sk\/de\/wp-json\/wp\/v2\/types\/page"}],"author":[{"embeddable":true,"href":"https:\/\/www.katarinka.sk\/de\/wp-json\/wp\/v2\/users\/1"}],"replies":[{"embeddable":true,"href":"https:\/\/www.katarinka.sk\/de\/wp-json\/wp\/v2\/comments?post=2124"}],"version-history":[{"count":4,"href":"https:\/\/www.katarinka.sk\/de\/wp-json\/wp\/v2\/pages\/2124\/revisions"}],"predecessor-version":[{"id":4487,"href":"https:\/\/www.katarinka.sk\/de\/wp-json\/wp\/v2\/pages\/2124\/revisions\/4487"}],"up":[{"embeddable":true,"href":"https:\/\/www.katarinka.sk\/de\/wp-json\/wp\/v2\/pages\/63"}],"wp:attachment":[{"href":"https:\/\/www.katarinka.sk\/de\/wp-json\/wp\/v2\/media?parent=2124"}],"curies":[{"name":"wp","href":"https:\/\/api.w.org\/{rel}","templated":true}]}}