{"id":2117,"date":"2017-12-13T09:57:10","date_gmt":"2017-12-13T08:57:10","guid":{"rendered":"https:\/\/www.katarinka.sk\/?page_id=2117"},"modified":"2023-01-10T12:42:24","modified_gmt":"2023-01-10T11:42:24","slug":"benignus-smrtnik-kazatel-a-prozaik","status":"publish","type":"page","link":"https:\/\/www.katarinka.sk\/de\/kloster-katarinka\/geschichte\/benignus-smrtnik-prediger-a-schriftsteller\/","title":{"rendered":"Benignus Smrtn\u00edk (Prediger a Schriftsteller)"},"content":{"rendered":"<p><figure id=\"attachment_2118\" aria-describedby=\"caption-attachment-2118\" style=\"width: 229px\" class=\"wp-caption alignright\"><img loading=\"lazy\" decoding=\"async\" class=\"size-medium wp-image-2118\" src=\"https:\/\/www.katarinka.sk\/wp-content\/uploads\/2017\/12\/Kun\u0161t_Dobre_Umriti-229x300.jpg\" alt=\"\" width=\"229\" height=\"300\" srcset=\"https:\/\/www.katarinka.sk\/wp-content\/uploads\/2017\/12\/Kun\u0161t_Dobre_Umriti-229x300.jpg 229w, https:\/\/www.katarinka.sk\/wp-content\/uploads\/2017\/12\/Kun\u0161t_Dobre_Umriti.jpg 710w\" sizes=\"auto, (max-width: 229px) 100vw, 229px\" \/><figcaption id=\"caption-attachment-2118\" class=\"wp-caption-text\">Titelseite des Werks Kun\u0161t dobre umr\u00edti (Kunst, gut zu sterben)von Benignus Smrtn\u00edk<\/figcaption><\/figure><\/p>\n<p>*1650<br \/>\n+1710<\/p>\n<p>Die Bedeutung des Ordens der Minderen Br\u00fcder des hl. Franz von Assisi\u00a0 in der Slowakei ist unumstritten. Existenz des Ordens dauert ununterbrochen seit Mittelalter; sie lie\u00dfen sich hier (in Trnava, Nitra, Bratislava) nur ein paar Jahren nach dem Tod ihres Begr\u00fcnders und Kircherreformators nieder. Sie waren meistens als Volkprediger bekannt, aber sie erwarben auch gro\u00dfe Verdienste im Bereich der Literatur und Musik. Vor dem Schicksalschlag in der Nacht von 13. auf 14. April 1950 hatten sie in der Slowakei 25 Kl\u00f6ster, die &#8211; wie der Kenner der Geschichte seines Ordens V. J. Gajdos (1907-1978) in der Publikation Franziskaner in der slowakischen Literatur (Cleveland, Ohio 1979) schreibt &#8211; das Zentrum des Kulturlebens waren.<\/p>\n<p>Bei den vielleicht bekanntesten Autoren (Hugol\u00edn Gavlovi\u010d, Vojtech Gazda) von namentlich 125 homiletischen und im weiten Sinne religi\u00f6sen Schriftstellern hat die slowakische Barockliteratur in Smrtnik einen &#8222;typischen Darsteller im 17. Jahrhundert&#8220;: In den Zeiten der konfessionellen Entzweiung des Volkes trat er furchtlos auf, verteidigte die Glaubenslehre und ermutigte die Zuh\u00f6rer und Leser dazu, dass sie ihren Schw\u00e4chen und ihrer Verg\u00e4nglichkeit bewusst werden, dass sie im Scho\u00df der Kirche das Leben eines Christen &#8211; Katholiker f\u00fchren.<\/p>\n<p>Benignus Juraj Smrtn\u00edk ist Autor von zwei religi\u00f6sen Prosawerken. Das erste &#8211; Poklad seref\u00ednsky \/ Seraphimer Schatz (1691) &#8211; ist auf Tschechisch (biblick\u00e1 \u010de\u0161tina aus Kralitzer Bibel) geschrieben, das zweite &#8211; Kun\u0161t dobre umr\u00edti \/ Kunst, gut zu sterben (1697) ist schon stark slowakisiert (J. M. Hurban).<\/p>\n<p>Mit Eifer eines Barockpredigers weist er auf die Verg\u00e4nglichkeit des irdischen Lebens und auf den Ungeist der damaligen Zeiten hin. Seine Moralisierungen formuliert er in sozialen T\u00f6nen und stellt sich gegen die Unterdr\u00fcckung der Untertanen entgegen.<\/p>\n<p>Der Bericht \u00fcber den Literaten in Enzyklop\u00e4die der slowakischen Schriftstellern (1984) bemerkt, dass Kun\u0161t&#8230; sp\u00e4ter zur Vorlage f\u00fcr die Schrift des Dichters Vojtech \u0160imko O pr\u00edprave k dobrej smrti (\u00dcber die Vorbereitung auf guten Tod) wurde. Poklad&#8230; ist wiederum ein Handbuch f\u00fcr Mitglieder des Ordens f\u00fcr Laien, die nach dem Vorbild des Armen &#8211; &#8222;Poverello&#8220; aus Assisi, leben.<\/p>\n<p>Die soziale Herkunft von Smrtnik ist nicht bekannt. Schulische Ausbildung bekam er wahrscheinlich in Trnava, als 20-J\u00e4hrige trat er dem Orden bei und das Noviziat absolvierte er im Kloster der heiligen Katharina bei Nah\u00e1\u010d. Er studierte Philosophie in Eisenstadt (\u00d6sterreich) und Szombathelyi (Ungarn), Theologie in Trnava und Malacky. Nach der Priesterweihe (1674) wirkte er in Nitra, ein ganzes Jahrzent in Prusk\u00e9 auf dem Gebiet Doln\u00e9 Pova\u017eie, dann in Malacky, Bratislava und wieder im Kloster bei Nah\u00e1\u010d, wo er auch an Chorela starb.<\/p>\n<p>In diesem Jubil\u00e4umsjahr verzeichnen wir 350 Jahren seit seiner Geburt (das Datum wird nicht angegeben) und 290 (9. September) seit seinem Tod.<\/p>\n<p>\u00dcbersetzung eines Auschnitts aus dem Text von Jozef Bor\u010d\u00e1nyi<\/p>","protected":false},"excerpt":{"rendered":"<p>*1650 +1710 Die Bedeutung des Ordens der Minderen Br\u00fcder des hl. Franz von Assisi\u00a0 in der Slowakei ist unumstritten. Existenz des Ordens dauert ununterbrochen seit Mittelalter; sie lie\u00dfen sich hier (in Trnava, Nitra, Bratislava) nur ein paar Jahren nach dem Tod ihres Begr\u00fcnders und Kircherreformators nieder. Sie waren meistens als Volkprediger bekannt, aber sie erwarben <a class=\"read-more\" href=\"https:\/\/www.katarinka.sk\/de\/kloster-katarinka\/geschichte\/benignus-smrtnik-prediger-a-schriftsteller\/\">Read More<\/a><\/p>\n","protected":false},"author":1,"featured_media":0,"parent":63,"menu_order":0,"comment_status":"closed","ping_status":"closed","template":"","meta":{"footnotes":""},"class_list":["post-2117","page","type-page","status-publish","hentry"],"_links":{"self":[{"href":"https:\/\/www.katarinka.sk\/de\/wp-json\/wp\/v2\/pages\/2117","targetHints":{"allow":["GET"]}}],"collection":[{"href":"https:\/\/www.katarinka.sk\/de\/wp-json\/wp\/v2\/pages"}],"about":[{"href":"https:\/\/www.katarinka.sk\/de\/wp-json\/wp\/v2\/types\/page"}],"author":[{"embeddable":true,"href":"https:\/\/www.katarinka.sk\/de\/wp-json\/wp\/v2\/users\/1"}],"replies":[{"embeddable":true,"href":"https:\/\/www.katarinka.sk\/de\/wp-json\/wp\/v2\/comments?post=2117"}],"version-history":[{"count":2,"href":"https:\/\/www.katarinka.sk\/de\/wp-json\/wp\/v2\/pages\/2117\/revisions"}],"predecessor-version":[{"id":5150,"href":"https:\/\/www.katarinka.sk\/de\/wp-json\/wp\/v2\/pages\/2117\/revisions\/5150"}],"up":[{"embeddable":true,"href":"https:\/\/www.katarinka.sk\/de\/wp-json\/wp\/v2\/pages\/63"}],"wp:attachment":[{"href":"https:\/\/www.katarinka.sk\/de\/wp-json\/wp\/v2\/media?parent=2117"}],"curies":[{"name":"wp","href":"https:\/\/api.w.org\/{rel}","templated":true}]}}