{"id":20,"date":"2017-04-27T09:12:03","date_gmt":"2017-04-27T08:12:03","guid":{"rendered":"https:\/\/www.katarinka.sk\/?page_id=20"},"modified":"2025-07-31T22:51:22","modified_gmt":"2025-07-31T20:51:22","slug":"faq-pre-turistov","status":"publish","type":"page","link":"https:\/\/www.katarinka.sk\/de\/faq\/fur-touristen\/","title":{"rendered":"F\u00fcr Touristen"},"content":{"rendered":"<p>Inhalt:<\/p>\n<ul>\n<li>Wie komme ich nach Katar\u00ednka?<\/li>\n<li>Parken<\/li>\n<li>Mit Kinderwagen<\/li>\n<li>Wann f\u00e4hrt die Waldeisenbahn?<\/li>\n<li>Ist das Feuermachen erlaubt?<\/li>\n<li>Ist Trauung in Katar\u00ednka m\u00f6glich?<\/li>\n<li>Hochzeitsphotos in Katar\u00ednka<\/li>\n<li>Ich will den Turm besteigen &#8211; wann und wie ist das m\u00f6glich?<\/li>\n<li>Kann ich als Besucher auf Katar\u00ednka zelten und \u00fcbernachten?<\/li>\n<li>Kann ich auf Katar\u00ednka \u00fcberall Videoaufnahmen und Photos machen?<\/li>\n<\/ul>\n<hr \/>\n<h3>Wie komme ich nach Katar\u00ednka?<\/h3>\n<p>Von Bratislava kann man mit Bus direkt nach Nah\u00e1\u010d oder nach Dechtice fahren.\u00a0 Beim Reisen aus anderen St\u00e4dten ist das Umsteigen in Trnava in die Richtung Nah\u00e1\u010d und Dechtice n\u00f6tig. Dann Wanderung:<\/p>\n<ul>\n<li dir=\"ltr\">Ausgangsort Nah\u00e1\u010d \u2013 blauer Wanderweg \u2013 40 Minuten<\/li>\n<li dir=\"ltr\">Ausgangsort Dechtice \u2013 gelber Wanderweg \u2013 80 Minuten<\/li>\n<li dir=\"ltr\">Ausgangsort Dobr\u00e1 voda \u2013 blauer Wanderweg \u2013 120 Minuten<\/li>\n<\/ul>\n<p><a href=\"https:\/\/www.katarinka.sk\/kde-je-katarinka\">Lage des Kirchturms in <\/a>GPS:<\/p>\n<ul>\n<li>N 48 o 33&#8242; 19.2&#8220;<\/li>\n<li>E 17 o 32&#8242; 09.4&#8220;<\/li>\n<li>Meeresh\u00f6he: 324 m<\/li>\n<\/ul>\n<h3>Parken?<\/h3>\n<p>Mit Auto kann man bis zu einem Auffangparkplatz fahren, von dort f\u00fchrt ein Wanderweg nach Katar\u00ednka (cca 20 Minuten zu Fu\u00df).<\/p>\n<p>Auf den Weg zum Parkplatz muss man zwischen Dechtice und Nah\u00e1\u010d abbiegen. Siehen Sie dazu: <a href=\"https:\/\/www.katarinka.sk\/sk\/kde-je-katarinka\">Wo ist Katar\u00ednka?<\/a><\/p>\n<h3>Mit Kinderwagen?<\/h3>\n<p>Katar\u00ednka ist zug\u00e4nglich auch f\u00fcr die kleinsten Touristen. \ud83d\ude42 Der Waldweg ist breit und auch mit einem Kinderwagen gut zu befahren.<\/p>\n<h3>Wann f\u00e4hrt die Waldeisenbahn?<\/h3>\n<p>Wir verwalten die Waldeisenbahn nicht , ihr Bau und Betrieb verl\u00e4uft unabh\u00e4ngig von uns. Daher k\u00f6nnen wir Ihnen diese Frage leider nicht beantworten. Sie k\u00f6nnen sich an unsere Nachbarn Ru\u017eekovci, denen die Waldeisenbahn geh\u00f6rt, wenden und sie per Mail <a href=\"mailto:lesnazeleznica@gmail.com\">lesnazeleznica@gmail.com<\/a> kontaktieren.<\/p>\n<h3>Ist das Feuermachen erlaubt?<\/h3>\n<p>Katar\u00ednka befindet sich im Naturschutzgebiet und deswegen kann man Feuer nur in den dazu bestimmten Lagerfeuerpl\u00e4tzen legen. Diese befinden sich n\u00f6rdlich der Kirchenruine &#8211; siehe das Bild unten &#8211; und sind f\u00fcr unsere Besucher vorbereitet. Wir empfehlen Ihnen, sie zu nutzen. Von dort haben Sie auch einen direkten Ausblick auf Katar\u00ednka. Das Feuermachen au\u00dferhalb dieser Pl\u00e4tze und Gr\u00fcndung neuer Feuerpl\u00e4tze ist nicht erlaubt.<\/p>\n<p>Beachten Sie bitte, dass hier keine M\u00fclls\u00e4cke zur Verf\u00fcgung stehen.<\/p>\n<p><img loading=\"lazy\" decoding=\"async\" class=\"alignnone size-full wp-image-1439\" src=\"https:\/\/www.katarinka.sk\/wp-content\/uploads\/2017\/04\/ohniska.jpg\" alt=\"\" width=\"720\" height=\"479\" srcset=\"https:\/\/www.katarinka.sk\/wp-content\/uploads\/2017\/04\/ohniska.jpg 720w, https:\/\/www.katarinka.sk\/wp-content\/uploads\/2017\/04\/ohniska-300x200.jpg 300w\" sizes=\"auto, (max-width: 720px) 100vw, 720px\" \/><\/p>\n<h3>Ist Trauung in Katar\u00ednka m\u00f6glich?<\/h3>\n<p>Wir freuen uns zwar \u00fcber Interesse an der Lokalit\u00e4t Katar\u00ednka, jedoch erteilen wir den Erlaubnis f\u00fcr Trauungszeremonie in Innenr\u00e4umen der Kirche der heiligen Katharina, die im Eigentum des Vereins OZ Katar\u00ednka ist, nicht.<\/p>\n<p>Aufgrund der historischen Erfahrungen (aus den Anf\u00e4ngen des Projekts Katar\u00ednka) sowie aus kirchlichen Gr\u00fcnden war Eheschlie\u00dfung in Katar\u00ednka verboten, inwiefern das Fahrverbot f\u00fcr alle Kfz von Hochzeitsg\u00e4sten nicht respektiert oder sogar ganz ignoriert wurde. Diese Erfahrungen sowie Diskussionen zu dem Thema haben zu einem allgemeinen Verbot f\u00fcr Trauungszeremonien und Hochzeiten in Katar\u00edka gef\u00fchrt. Obwohl es Interesse auch seitens Katar\u00ednkovci gibt, werden von diesem Verbot keine Ausnahmen gemacht.<\/p>\n<p>Zu diesem Schluss sind wir nach gr\u00fcndlichen Erw\u00e4gungen und nach der Besprechung mit au\u00dfensteheneden externen Beratern gekommen. Das Verbot gilt f\u00fcr standesamtliche Trauung sowie auch f\u00fcr kirchliche Trauung.<\/p>\n<ul>\n<li dir=\"ltr\">Bei Konsultationen mit kirchlichen Autorit\u00e4ten wurden wir informiert, dass standesamtliche Trauung in einem Sakralbau, wo die Liturgie gefeiert wird, nicht erlaubt ist.<\/li>\n<li dir=\"ltr\">In Erzdi\u00f6zese Trnava wird nach Gewohnheit der Sakralcharakter der Orten, wo Sakramente gespendet werden, behalten. Sakrament der Ehe ist dabei mit der &#8222;Trauung in Kirche&#8220; verbunden.\u00a0 Wir respektieren das auch, um einen Prezedensfall zu vermeiden. Ausnahme wurde von den kirchlichen Autorit\u00e4ten nur f\u00fcr das Gottesdienstfeiern und f\u00fcr Beichte erteilt. Wir haben keine Erlaubnis, andere liturgische Rituale in Katar\u00edka zu zelebrieren.<\/li>\n<li dir=\"ltr\">Problematisch ist auch die Fahrt von Kraftfahrzeuegen, die nach dem Gesetz \u00fcber Wald und auch nach dem Gesetz \u00fcber Natur- und Landschaftsschutz verboten ist. Die Klosterruinen selbst befinden sich im Natursreservat Katar\u00edna, wo die vierte Stufe des Naturschutzes gilt und daher ist hier die Nutzung von Kfz verboten. Wir sind nicht berechtigt, Ausnahme von diesem Verbot zu erteilen. Jeder Antrag auf Einfahrfgenehmigung wird von dem zugeh\u00f6rigen Organ anhand des Eigentumsverh\u00e4ltnisses zu der betroffenen Liegenschaft verarbeitet.<\/li>\n<\/ul>\n<p>Es besteht mindestens die M\u00f6glichkeit, Hochzeit-Fotoshooting in Katar\u00ednka durchzuf\u00fchren. Eine Einfahrtgenehmigung k\u00f6nnen wir Ihnen aber nicht geben, dies liegt in den Kompetenzen von Lesy SR, s. p. (W\u00e4lder der Slowakischen Republik), o.z. Smolenice (www.lesy.sk).<\/p>\n<p>Wir hoffen, dass Sie die Gr\u00fcnde verstehen k\u00f6nnen.<\/p>\n<h3>Hochzeit-Fotoshooting?<\/h3>\n<p>Was eine Genehmigung angeht &#8211; Sie brauchen keine besondere Genehmigung f\u00fcr das Fotografieren. Das Kloster ist f\u00fcr alle zug\u00e4nglich. Sie sollen aber beachten, dass Sie ein Naturschutzgebiet Kleine Karpaten betreten und dass auch das Kloster selbst sich im Naturreservat Katarina befindet, wo die vierte Stufe des Naturschutzes gilt und daher kann man hier keine Kraftfahrzeuge nutzen. Ihr Auto muss am Parkplatz bleiben. Nat\u00fcrlich ist es f\u00fcr die Br\u00e4ute schwer, in dem wei\u00dfen Brautkleid durch Wald zu Fu\u00df zu gehen. Deswegen wird manchmal mit dem Auto bis zu unserem Campplatz gefahren. Dann riskiert man aber\u00a0 die Geldstrafe, falls die Forstwache vorbeiginge. Wir haben keinen Einfluss daran und k\u00f6nnen Ihnen leider keine einmalige Einfahrtgenehmigung erledigen.<\/p>\n<p>In der Lokalit\u00e4t von Katar\u00ednka werden im Verlauf des ganzen Jahres mehrere Veranstaltungen organisiert. Aus diesem Grund w\u00e4re es gut, wenn Sie ihre Veranstaltung mit uns fr\u00fchzeitig kommunizieren. Bez\u00fcglich ihrer geplanten Veranstaltung kontaktieren Sie uns per Mail <a href=\"mailto:katarinka@katarinka.sk\">katarinka@katarinka.sk.<\/a>\u00a0Danke.<\/p>\n<h3>\u00a0Ich will den Turm besteigen &#8211; wann und wie ist das m\u00f6glich?<\/h3>\n<p>Eintritt in den Turm ist wegen Sicherheitsbestimmungen nur in Begleitung von zwei dazu eingeschulten Freiwilligen m\u00f6glich. Der Turm kann nicht non-stop ge\u00f6ffnet werden. Wir k\u00f6nnen uns nicht leisten, unsere Freiwillige jederzeit hin und her schicken.\u00a0 Um den Turm besteigen zu k\u00f6nnen, nutzen Sie bitte die \u00d6ffnungszeiten &#8211;\u00a0 die Termine finden Sie auf unserer Webseite und auf unserer Facebook-Seite, wo sie regelm\u00e4\u00dfig aktualisiert werden.<\/p>\n<h3>Kann ich als Besucher auf Katar\u00ednka zelten und \u00fcbernachten?<\/h3>\n<p>Mit dem \u00dcbernachten ist es hier kompliziert. Direkt bei der Kirche oder auf der Wiese vor der Kirche ist das Zelten verboten (Regeln im Naturreservat). Man kann aber ein bisschen weiter &#8211; beim Parkplatz hinter dem Wald in Richtung des gelben Wanderweges &#8222;Nov\u00e9 hory&#8220; (15 Minuten Fu\u00dfweg von Katar\u00ednka) \u00fcbernachten. Zur Verf\u00fcgung steht hier auch Latrine und Lagerfeuerplatz.<\/p>\n<h3>Kann ich auf Katar\u00ednka \u00fcberall Videoaufnahmen oder Photos machen?<\/h3>\n<p>Ja. Falls Sie beim Drehen Ruhe brauchen, informieren Sie sich bei uns (<a href=\"mailto:katarinka@katarinka.sk\">katarinka@katarinka.sk<\/a>), ob an Ihrem gew\u00fcnschten Termin keine unsere oder andere Veranstaltung bereits geplant ist. Wir bitten Sie, beim Drehen oder Fotogragieren darauf zu achten, dass Sie das Denkmal nicht besch\u00e4digen (man kann<strong> nicht auf die Mauer klettern<\/strong> etc.). Wir hoffen, dass die Person hinter dem Objektiv genug bewusst wird und dass sie beachtet, dass sie sich im Naturschutzgebiet befindet.<\/p>\n<p>Falls Sie wegen der Drehtechnik Schwierigkeiten mit dem Transport vom Parkplatz zu den Ruinen haben, wenden Sie sich an Lesy SR, o.z. Smolenice\u00a0 (www.lesy.sk) mit dem Antrag auf einmalige Einfahrtgenehmigung.<\/p>","protected":false},"excerpt":{"rendered":"<p>Inhalt: Wie komme ich nach Katar\u00ednka? Parken Mit Kinderwagen Wann f\u00e4hrt die Waldeisenbahn? Ist das Feuermachen erlaubt? Ist Trauung in Katar\u00ednka m\u00f6glich? Hochzeitsphotos in Katar\u00ednka Ich will den Turm besteigen &#8211; wann und wie ist das m\u00f6glich? Kann ich als Besucher auf Katar\u00ednka zelten und \u00fcbernachten? Kann ich auf Katar\u00ednka \u00fcberall Videoaufnahmen und Photos machen? <a class=\"read-more\" href=\"https:\/\/www.katarinka.sk\/de\/faq\/fur-touristen\/\">Read More<\/a><\/p>\n","protected":false},"author":1,"featured_media":0,"parent":18,"menu_order":0,"comment_status":"closed","ping_status":"closed","template":"","meta":{"footnotes":""},"class_list":["post-20","page","type-page","status-publish","hentry"],"_links":{"self":[{"href":"https:\/\/www.katarinka.sk\/de\/wp-json\/wp\/v2\/pages\/20","targetHints":{"allow":["GET"]}}],"collection":[{"href":"https:\/\/www.katarinka.sk\/de\/wp-json\/wp\/v2\/pages"}],"about":[{"href":"https:\/\/www.katarinka.sk\/de\/wp-json\/wp\/v2\/types\/page"}],"author":[{"embeddable":true,"href":"https:\/\/www.katarinka.sk\/de\/wp-json\/wp\/v2\/users\/1"}],"replies":[{"embeddable":true,"href":"https:\/\/www.katarinka.sk\/de\/wp-json\/wp\/v2\/comments?post=20"}],"version-history":[{"count":53,"href":"https:\/\/www.katarinka.sk\/de\/wp-json\/wp\/v2\/pages\/20\/revisions"}],"predecessor-version":[{"id":6843,"href":"https:\/\/www.katarinka.sk\/de\/wp-json\/wp\/v2\/pages\/20\/revisions\/6843"}],"up":[{"embeddable":true,"href":"https:\/\/www.katarinka.sk\/de\/wp-json\/wp\/v2\/pages\/18"}],"wp:attachment":[{"href":"https:\/\/www.katarinka.sk\/de\/wp-json\/wp\/v2\/media?parent=20"}],"curies":[{"name":"wp","href":"https:\/\/api.w.org\/{rel}","templated":true}]}}