{"id":2,"date":"2017-03-17T21:56:03","date_gmt":"2017-03-17T21:56:03","guid":{"rendered":"https:\/\/www.katarinka.sk\/?page_id=2"},"modified":"2022-11-18T15:24:12","modified_gmt":"2022-11-18T14:24:12","slug":"klastor-katarinka","status":"publish","type":"page","link":"https:\/\/www.katarinka.sk\/de\/kloster-katarinka\/","title":{"rendered":"Kloster Katar\u00ednka"},"content":{"rendered":"<p>Katar\u00ednka ist der Name von den Ruinen einer Kirche und eines ehemaligen Klosters die unter dem Patrozinium der heiligen Katharina von Alexandrien stehen. Davon kommt auch der Name <strong><em>Katar\u00ednka<\/em><\/strong>.<\/p>\n<p>Katar\u00ednka befindet sich im Westen der Slowakei, in den W\u00e4ldern der Kleinen Karpaten und liegt 20 km n\u00f6rdlich von Trnava in der N\u00e4he der D\u00f6rfer namens Dechtice (liegt in dessen Kataster) und Nah\u00e1\u010d.<\/p>\n<p>Mehr \u00fcber die Lage finden Sie auf der Webseite <a href=\"https:\/\/www.katarinka.sk\/klastor-katarinka\/kde-je-katarinka\/\">Wo ist Katar\u00ednka?<\/a><\/p>\n<style type=\"text\/css\">.foogallery-album-gallery-list .foogallery-pile h3 { background: #fff !important; }.foogallery-album-gallery-list .foogallery-pile h3 { color: #000000 !important; }<\/style><div id=\"foogallery-album-504\">\n\t<ul class=\"foogallery-album-gallery-list alignment-left\">\n\t\t\t\t\t\t<li>\n\t\t\t\t\t<div class=\"foogallery-pile\">\n\t\t\t\t\t\t<div class=\"foogallery-pile-inner\">\n\t\t\t\t\t\t\t<a href=\"https:\/\/www.katarinka.sk\/de\/kloster-katarinka\/gallery\/letecke-zabery#kostol-a-klastor\" target=\"_self\">\n\t\t\t\t\t\t\t\t<img decoding=\"async\" src=\"https:\/\/www.katarinka.sk\/wp-content\/uploads\/cache\/2017\/11\/Dsc00428_detail_odSZS\/1170158818.jpg\" title=\"Leteck\u00e1 3 \/ 2004 ...(c) Ivan Holub\" width=\"180\" height=\"180\" class=\"skip-lazy fg-image\" loading=\"eager\">\t\t\t\t\t\t\t\t\t\t\t\t\t\t\t\t<h3>Luftbilder\t\t\t\t\t\t\t\t\t<span>19 images<\/span>\n\t\t\t\t\t\t\t\t<\/h3>\n\t\t\t\t\t\t\t<\/a>\n\t\t\t\t\t\t<\/div>\n\t\t\t\t\t<\/div>\n\t\t\t\t<\/li>\n\t\t\t\t\t\t\t\t\t<li>\n\t\t\t\t\t<div class=\"foogallery-pile\">\n\t\t\t\t\t\t<div class=\"foogallery-pile-inner\">\n\t\t\t\t\t\t\t<a href=\"https:\/\/www.katarinka.sk\/de\/kloster-katarinka\/gallery\/kostol-a-presbyterium#kostol-a-klastor\" target=\"_self\">\n\t\t\t\t\t\t\t\t<img decoding=\"async\" src=\"https:\/\/www.katarinka.sk\/wp-content\/uploads\/cache\/2017\/11\/DSC_0719-scaled\/3673523505.jpg\" width=\"180\" height=\"180\" class=\"skip-lazy fg-image\" loading=\"eager\">\t\t\t\t\t\t\t\t\t\t\t\t\t\t\t\t<h3>Kirche und Presbyterium\t\t\t\t\t\t\t\t\t<span>18 images<\/span>\n\t\t\t\t\t\t\t\t<\/h3>\n\t\t\t\t\t\t\t<\/a>\n\t\t\t\t\t\t<\/div>\n\t\t\t\t\t<\/div>\n\t\t\t\t<\/li>\n\t\t\t\t\t\t\t\t\t<li>\n\t\t\t\t\t<div class=\"foogallery-pile\">\n\t\t\t\t\t\t<div class=\"foogallery-pile-inner\">\n\t\t\t\t\t\t\t<a href=\"https:\/\/www.katarinka.sk\/de\/kloster-katarinka\/gallery\/klastor#kostol-a-klastor\" target=\"_self\">\n\t\t\t\t\t\t\t\t<img decoding=\"async\" src=\"https:\/\/www.katarinka.sk\/wp-content\/uploads\/cache\/2017\/11\/klastor_JV\/2010505299.jpg\" width=\"180\" height=\"180\" class=\"skip-lazy fg-image\" loading=\"eager\">\t\t\t\t\t\t\t\t\t\t\t\t\t\t\t\t<h3>Kloster\t\t\t\t\t\t\t\t\t<span>16 images<\/span>\n\t\t\t\t\t\t\t\t<\/h3>\n\t\t\t\t\t\t\t<\/a>\n\t\t\t\t\t\t<\/div>\n\t\t\t\t\t<\/div>\n\t\t\t\t<\/li>\n\t\t\t\t\t\t\t\t\t<li>\n\t\t\t\t\t<div class=\"foogallery-pile\">\n\t\t\t\t\t\t<div class=\"foogallery-pile-inner\">\n\t\t\t\t\t\t\t<a href=\"https:\/\/www.katarinka.sk\/de\/kloster-katarinka\/gallery\/umelecke#kostol-a-klastor\" target=\"_self\">\n\t\t\t\t\t\t\t\t<img decoding=\"async\" src=\"https:\/\/www.katarinka.sk\/wp-content\/uploads\/cache\/2017\/11\/DSC_0198\/2442889406.jpg\" width=\"180\" height=\"180\" class=\"skip-lazy fg-image\" loading=\"eager\">\t\t\t\t\t\t\t\t\t\t\t\t\t\t\t\t<h3>Kunstfotos und Landschaft\t\t\t\t\t\t\t\t\t<span>39 images<\/span>\n\t\t\t\t\t\t\t\t<\/h3>\n\t\t\t\t\t\t\t<\/a>\n\t\t\t\t\t\t<\/div>\n\t\t\t\t\t<\/div>\n\t\t\t\t<\/li>\n\t\t\t\t\t\t\t\t\t<li>\n\t\t\t\t\t<div class=\"foogallery-pile\">\n\t\t\t\t\t\t<div class=\"foogallery-pile-inner\">\n\t\t\t\t\t\t\t<a href=\"https:\/\/www.katarinka.sk\/de\/kloster-katarinka\/gallery\/historicke-zabery#kostol-a-klastor\" target=\"_self\">\n\t\t\t\t\t\t\t\t<img decoding=\"async\" src=\"https:\/\/www.katarinka.sk\/wp-content\/uploads\/cache\/2020\/01\/katarinka_foto_1904-scaled\/3451366096.jpg\" width=\"180\" height=\"180\" class=\"skip-lazy fg-image\" loading=\"eager\">\t\t\t\t\t\t\t\t\t\t\t\t\t\t\t\t<h3>Historische Bilder\t\t\t\t\t\t\t\t\t<span>35 images<\/span>\n\t\t\t\t\t\t\t\t<\/h3>\n\t\t\t\t\t\t\t<\/a>\n\t\t\t\t\t\t<\/div>\n\t\t\t\t\t<\/div>\n\t\t\t\t<\/li>\n\t\t\t\t\t\t\t\t\t<li>\n\t\t\t\t\t<div class=\"foogallery-pile\">\n\t\t\t\t\t\t<div class=\"foogallery-pile-inner\">\n\t\t\t\t\t\t\t<a href=\"https:\/\/www.katarinka.sk\/de\/kloster-katarinka\/gallery\/rocne-obdobia#kostol-a-klastor\" target=\"_self\">\n\t\t\t\t\t\t\t\t<img decoding=\"async\" src=\"https:\/\/www.katarinka.sk\/wp-content\/uploads\/cache\/2017\/11\/DSC_0582-scaled\/1815713071.jpg\" width=\"180\" height=\"180\" class=\"skip-lazy fg-image\" loading=\"eager\">\t\t\t\t\t\t\t\t\t\t\t\t\t\t\t\t<h3>Jahreszeiten\t\t\t\t\t\t\t\t\t<span>28 images<\/span>\n\t\t\t\t\t\t\t\t<\/h3>\n\t\t\t\t\t\t\t<\/a>\n\t\t\t\t\t\t<\/div>\n\t\t\t\t\t<\/div>\n\t\t\t\t<\/li>\n\t\t\t\t\t\t\t\t\t<li>\n\t\t\t\t\t<div class=\"foogallery-pile\">\n\t\t\t\t\t\t<div class=\"foogallery-pile-inner\">\n\t\t\t\t\t\t\t<a href=\"https:\/\/www.katarinka.sk\/de\/kloster-katarinka\/gallery\/veza#kostol-a-klastor\" target=\"_self\">\n\t\t\t\t\t\t\t\t<img decoding=\"async\" src=\"https:\/\/www.katarinka.sk\/wp-content\/uploads\/cache\/2017\/10\/veza_8\/36918804.jpg\" width=\"180\" height=\"180\" class=\"skip-lazy fg-image\" loading=\"eager\">\t\t\t\t\t\t\t\t\t\t\t\t\t\t\t\t<h3>Der Turm\t\t\t\t\t\t\t\t\t<span>22 images<\/span>\n\t\t\t\t\t\t\t\t<\/h3>\n\t\t\t\t\t\t\t<\/a>\n\t\t\t\t\t\t<\/div>\n\t\t\t\t\t<\/div>\n\t\t\t\t<\/li>\n\t\t\t\t\t\t\t\t\t<li>\n\t\t\t\t\t<div class=\"foogallery-pile\">\n\t\t\t\t\t\t<div class=\"foogallery-pile-inner\">\n\t\t\t\t\t\t\t<a href=\"https:\/\/www.katarinka.sk\/de\/kloster-katarinka\/gallery\/nocne-fotografie#kostol-a-klastor\" target=\"_self\">\n\t\t\t\t\t\t\t\t<img decoding=\"async\" src=\"https:\/\/www.katarinka.sk\/wp-content\/uploads\/cache\/2018\/07\/KT01FB\/672495720.jpg\" alt=\"(Sloven\u010dina) Autor fotky: https:\/\/www.facebook.com\/TiborSlobodafoto\/\" width=\"180\" height=\"180\" class=\"skip-lazy fg-image\" loading=\"eager\">\t\t\t\t\t\t\t\t\t\t\t\t\t\t\t\t<h3>Nachtfotos\t\t\t\t\t\t\t\t\t<span>13 images<\/span>\n\t\t\t\t\t\t\t\t<\/h3>\n\t\t\t\t\t\t\t<\/a>\n\t\t\t\t\t\t<\/div>\n\t\t\t\t\t<\/div>\n\t\t\t\t<\/li>\n\t\t\t\t\t\t<\/ul>\n\t<div style=\"clear: both;\"><\/div>\n<\/div>\n\n<hr \/>\n<p>Das Kloster geh\u00f6rte dem Franziskanerorden und wurde im Jahre 1618 an dem Ort einer uralten gotischen Kapelle tief in den kleinkarpatischen W\u00e4ldern gegr\u00fcndet. Hier sollte vermutlich die heilige Katharina dem jungen Grafen und sp\u00e4ter auch dem Eremiten <a href=\"https:\/\/www.katarinka.sk\/klastor-katarinka\/historia\/zivotopis-jana-apponyiho\/\">J\u00e1n Apponyi<\/a> erschienen sein. Der umfangreiche Barockklosterkomplex wurde schrittweise erweitert und verbessert, und geh\u00f6rte zu den wichtigsten Wallfahrtsorten der Erzdi\u00f6zese von <span class=\"mw-page-title-main\">Esztergom. Katar\u00ednka diente als Noviziat f\u00fcr Franziskaner und wurde sehr schnell ein beliebtes Wallfahrtsort f\u00fcr Menschen aus der breiten Umgebung. Das Kloster wurde im 17. Jahrhundert mehrmals durch St\u00e4ndeaufst\u00e4nde und t\u00fcrkische Einf\u00e4lle besch\u00e4digt, aber die Sch\u00e4den wurden immer repariert und das Leben im Kloster lief weiter. Was den Armeen nicht gelang, schaffte leider die Politik. Im Juli 1786 wurde das Kloster mit hunderten anderen Kl\u00f6stern,\u00a0 die im volkswirtschaftlichen Sinne unproduktiv waren, also keine Krankenpflege, Schulen oder andere soziale Aktivit\u00e4ten betrieben, durch das Dekret vom Kaiser Joseph II. aufgehoben. Die Ordensbr\u00fcder mussten das Kloster verlassen, das Inventar wurde weggenommen und zerst\u00f6rt und das Kloster fing an, sich langsam in eine Ruine zu verwandeln. Man w\u00fcrde sagen, dass hier die interessante und sturmvolle Geschichte vom Kloster endet. <\/span><a href=\"https:\/\/www.katarinka.sk\/klastor-katarinka\/historia\/\">Mehr \u00fcber die Geschichte erfahren Sie auf diesen Webseiten \u00bb\u00bb<\/a><\/p>\n<p>Heute sind noch sehr gut die Kirchenruinen mit dem gro\u00dfem Turm und die Mauerreste vom s\u00fcdlichen Teil des Klosterfl\u00fcgels zu sehen. Das Kloster liegt weit von Hauptstra\u00dfen und bedeutenden Wanderwegen was auf einer Seite zu seiner Erhaltung f\u00fchrte, aber auf der anderen Seite blieb es vor den Augen von Geschichtsliebhaber und Denkmalpflegern versteckt. Aber jeder Besucher, der sich bei den majest\u00e4tischen Ruinen aufh\u00e4lt, ist von denen Sch\u00f6nheit und magischer Atmosph\u00e4re mitten in der Stille des umgebendes Waldes bezaubert.<\/p>\n<p>Wenn Sie diesen Artikel bis Ende gelesen haben, wird Sie bestimmt das <a href=\"https:\/\/www.katarinka.sk\/projekt-katarinka\/\">Projekt Katar\u00ednka<\/a> und wie die Geschichte weitergeht auch interessieren&#8230;<\/p>","protected":false},"excerpt":{"rendered":"<p>Katar\u00ednka ist der Name von den Ruinen einer Kirche und eines ehemaligen Klosters die unter dem Patrozinium der heiligen Katharina von Alexandrien stehen. Davon kommt auch der Name Katar\u00ednka. Katar\u00ednka befindet sich im Westen der Slowakei, in den W\u00e4ldern der Kleinen Karpaten und liegt 20 km n\u00f6rdlich von Trnava in der N\u00e4he der D\u00f6rfer namens <a class=\"read-more\" href=\"https:\/\/www.katarinka.sk\/de\/kloster-katarinka\/\">Read More<\/a><\/p>\n","protected":false},"author":1,"featured_media":0,"parent":0,"menu_order":0,"comment_status":"closed","ping_status":"open","template":"","meta":{"footnotes":""},"class_list":["post-2","page","type-page","status-publish","hentry"],"_links":{"self":[{"href":"https:\/\/www.katarinka.sk\/de\/wp-json\/wp\/v2\/pages\/2","targetHints":{"allow":["GET"]}}],"collection":[{"href":"https:\/\/www.katarinka.sk\/de\/wp-json\/wp\/v2\/pages"}],"about":[{"href":"https:\/\/www.katarinka.sk\/de\/wp-json\/wp\/v2\/types\/page"}],"author":[{"embeddable":true,"href":"https:\/\/www.katarinka.sk\/de\/wp-json\/wp\/v2\/users\/1"}],"replies":[{"embeddable":true,"href":"https:\/\/www.katarinka.sk\/de\/wp-json\/wp\/v2\/comments?post=2"}],"version-history":[{"count":29,"href":"https:\/\/www.katarinka.sk\/de\/wp-json\/wp\/v2\/pages\/2\/revisions"}],"predecessor-version":[{"id":4996,"href":"https:\/\/www.katarinka.sk\/de\/wp-json\/wp\/v2\/pages\/2\/revisions\/4996"}],"wp:attachment":[{"href":"https:\/\/www.katarinka.sk\/de\/wp-json\/wp\/v2\/media?parent=2"}],"curies":[{"name":"wp","href":"https:\/\/api.w.org\/{rel}","templated":true}]}}