{"id":1928,"date":"2017-12-06T10:50:05","date_gmt":"2017-12-06T09:50:05","guid":{"rendered":"https:\/\/www.katarinka.sk\/?page_id=1928"},"modified":"2023-06-16T10:24:21","modified_gmt":"2023-06-16T08:24:21","slug":"pravne-informacie-a-ochrana-sukromia","status":"publish","type":"page","link":"https:\/\/www.katarinka.sk\/de\/slovencina-pravne-informacie-a-ochrana-sukromia\/","title":{"rendered":"(Sloven\u010dina) Pr\u00e1vne inform\u00e1cie a ochrana s\u00fakromia"},"content":{"rendered":"<p class=\"qtranxs-available-languages-message qtranxs-available-languages-message-de\">Leider ist der Eintrag nur auf <a href=\"https:\/\/www.katarinka.sk\/sk\/wp-json\/wp\/v2\/pages\/1928\" class=\"qtranxs-available-language-link qtranxs-available-language-link-sk\" title=\"Sloven\u010dina\">Sloven\u010dina<\/a> und <a href=\"https:\/\/www.katarinka.sk\/en\/wp-json\/wp\/v2\/pages\/1928\" class=\"qtranxs-available-language-link qtranxs-available-language-link-en\" title=\"English\">English<\/a> verf\u00fcgbar.<\/p>","protected":false},"excerpt":{"rendered":"<p>Leider ist der Eintrag nur auf Sloven\u010dina und English verf\u00fcgbar.<\/p>\n","protected":false},"author":1,"featured_media":0,"parent":0,"menu_order":0,"comment_status":"closed","ping_status":"closed","template":"","meta":{"footnotes":""},"class_list":["post-1928","page","type-page","status-publish","hentry"],"_links":{"self":[{"href":"https:\/\/www.katarinka.sk\/de\/wp-json\/wp\/v2\/pages\/1928","targetHints":{"allow":["GET"]}}],"collection":[{"href":"https:\/\/www.katarinka.sk\/de\/wp-json\/wp\/v2\/pages"}],"about":[{"href":"https:\/\/www.katarinka.sk\/de\/wp-json\/wp\/v2\/types\/page"}],"author":[{"embeddable":true,"href":"https:\/\/www.katarinka.sk\/de\/wp-json\/wp\/v2\/users\/1"}],"replies":[{"embeddable":true,"href":"https:\/\/www.katarinka.sk\/de\/wp-json\/wp\/v2\/comments?post=1928"}],"version-history":[{"count":12,"href":"https:\/\/www.katarinka.sk\/de\/wp-json\/wp\/v2\/pages\/1928\/revisions"}],"predecessor-version":[{"id":5601,"href":"https:\/\/www.katarinka.sk\/de\/wp-json\/wp\/v2\/pages\/1928\/revisions\/5601"}],"wp:attachment":[{"href":"https:\/\/www.katarinka.sk\/de\/wp-json\/wp\/v2\/media?parent=1928"}],"curies":[{"name":"wp","href":"https:\/\/api.w.org\/{rel}","templated":true}]}}