{"id":1664,"date":"2017-11-28T16:35:16","date_gmt":"2017-11-28T15:35:16","guid":{"rendered":"https:\/\/www.katarinka.sk\/?page_id=1664"},"modified":"2023-01-10T18:36:28","modified_gmt":"2023-01-10T17:36:28","slug":"pamiatkova-obnova-a-technologie","status":"publish","type":"page","link":"https:\/\/www.katarinka.sk\/de\/kloster-katarinka\/facharbeiten-und-forschung\/denkmalpflege-und-technologie\/","title":{"rendered":"Denkmalpflege und Technologie"},"content":{"rendered":"<p>Inhalt:<\/p>\n<ul>\n<li style=\"list-style-type: none;\">\n<ul>\n<li><a href=\"#konzervacne-prace\">Konservierungsarbeit und Statik-Sicherung<\/a><\/li>\n<li><a href=\"#materialy-technologie\">Materialien und Technologie<\/a><\/li>\n<\/ul>\n<\/li>\n<\/ul>\n<hr \/>\n<h2 id=\"konzervacne-prace\"><a name=\"konzervacne-prace\"><\/a>Konservierungsarbeit und Statik-Sicherung<\/h2>\n<ul>\n<li><a href=\"https:\/\/www.katarinka.sk\/klastor-katarinka\/odborne-prace-a-vyskum\/pamiatkova-obnova-a-technologie\/prace-2011-2017\/\">2010 &#8211; 2017<\/a><\/li>\n<li><a href=\"https:\/\/www.katarinka.sk\/klastor-katarinka\/odborne-prace-a-vyskum\/pamiatkova-obnova-a-technologie\/prace-2000-2009\/\">2000 &#8211; 2009<\/a><\/li>\n<li>1994 &#8211; 1999<\/li>\n<\/ul>\n<h3>2017\u00a0<small>(Juli-September)<\/small><br \/>\n<img loading=\"lazy\" decoding=\"async\" class=\"alignright wp-image-2162\" src=\"https:\/\/www.katarinka.sk\/wp-content\/uploads\/2017\/12\/presbyterium_2017-e1513197788580-225x300.jpg\" alt=\"\" width=\"150\" height=\"200\" srcset=\"https:\/\/www.katarinka.sk\/wp-content\/uploads\/2017\/12\/presbyterium_2017-e1513197788580-225x300.jpg 225w, https:\/\/www.katarinka.sk\/wp-content\/uploads\/2017\/12\/presbyterium_2017-e1513197788580.jpg 768w\" sizes=\"auto, (max-width: 150px) 100vw, 150px\" \/><\/h3>\n<ul>\n<li><strong>Kalk-l\u00f6schen<\/strong>, 9 Tonnen<\/li>\n<li>Fugen von <strong>Fensterbogen<\/strong> im 1. und im 2. Stock im Turm<\/li>\n<li>Reparierung von Kapitellen (S\u00e4ulenknaufen) der <strong>S\u00e4ulen<\/strong> im Kirschenschiff &#8211; in der nord\u00f6stlichen Ecke<\/li>\n<li>Fugen und Verputzen im Exterieur der Kirche, westlich von Turm, einsch. des Turmeingangs<\/li>\n<li>Fugen der S\u00fcdmauer des Altarraums von beiden Seiten, <strong>Ausbauen, Mauern und Begr\u00fcnung der Krone<\/strong> (Foto)<\/li>\n<li><strong>Verputzen<\/strong> des \u00f6stlichen Teils des Klosters (die letzten drei Zellen und Gang)<\/li>\n<li>Arch\u00e4ologia\n<ul>\n<li>Entdeckung von <strong>Treppen in die zweite Krypte <\/strong>und Teilchen aus Stein<\/li>\n<li>in der Ausgrabung f\u00fcr Blitzableiter <strong>Grundlage\u00a0 der Kalvarienberg-Statue <\/strong>entdeckt, links von Klostereingang<\/li>\n<\/ul>\n<\/li>\n<\/ul>\n<h2 id=\"materialy-technologie\">Materialien und Technologie<\/h2>\n<ul>\n<li>f\u00fcr <strong>Konservierung und Fugen<\/strong> nutzen wir zur Zeit M\u00f6rtel aus L\u00f6schkalk, das wir selbst l\u00f6schen. Das letzte L\u00f6schen von Kalk fand im Juli 2017 statt.<\/li>\n<li>Der M\u00f6rtel wird im Verh\u00e4ltnis von 1:4:12 bis 1:8:24 &#8211; Wei\u00dfzement: L\u00f6schkalk: Gesteinsplitter aus einem naheliegenden Steinbruch (Fr. 0-4 bis 0-8 &#8211; wird je nach der Fraktion des ursp\u00fcnglichen M\u00f6rtels gew\u00e4hlt)<\/li>\n<li>Auf den Orten, wo die Aush\u00e4rtung wegen n\u00e4chster Fortschritt nicht beschleunigt werden muss, wird die Zementbeimischung ausgelassen<\/li>\n<li><strong>Mauerkrone<\/strong> &#8211; Kalkm\u00f6rtel besitzt die geeigneten Eigenschaften f\u00fcr einen Mauerabschluss nicht und schon nach einer Saison kommt unter dem Einfluss von Temperaturwechsel und Einfrierungszyklen (besonders unter Schneebedeckung) zum Zerbr\u00f6seln des M\u00f6rtels. Dasselbe passiert auch in den F\u00e4llen, wenn die Mischung zu wenig gr\u00f6\u00dferen Teilchen und zu viel Dust beinhaltet. Deswegen werden die Mauerkronen seit 2006 (nach der Auswertung des Experiments aus 2003) mit dem urspr\u00fcnglichen Grasbewuchs, der beim Ausbauen der besch\u00e4digten Mauerkronen abgelegt wurde, wieder begr\u00fcnt.<\/li>\n<li>F\u00fcr\u00a0<strong>Holzteile\u00a0<\/strong>nutzen wir Holz der selben Art wie urspr\u00fcnglich (falls Identifizierung der Holzart aus Fragmenten m\u00f6glich war). Bisher zeigt sich, dass hier ausschlie\u00dflich Eichenholz genutzt wurde. Auf den Orten, wo wir den urspr\u00fcnglichen Holzsturz ersetzt haben, haben wir hand-gezimmertes frisches (sonst ginge das Zimmern nicht) Eichenholz verwendet.<\/li>\n<li>Andere kleinen Holzbauten f\u00fcr BesucherInnen (B\u00e4nke und Tafeln) sind aus L\u00e4rchenholz hergestellt. Die Blickf\u00e4nger auf die Schilder mit Gedanken (schr\u00e4g-geschnittene St\u00e4mme) sind aus Eichenholz, aufgesetzt in Beton durch Eisenkonsolen der Firma DONAU METALLWAREN s.r.o., Dobr\u00e1 Voda (in Gesch\u00e4ften erreichbar).<\/li>\n<\/ul>\n<p><!--\n\n\n<h2 id=\"plagaty-a-informacne-tabule\">Plag\u00e1ty a informa\u010dn\u00e9 tabule<\/h2>\n\n\n...<span data-mce-type=\"bookmark\" style=\"display: inline-block; width: 0px; overflow: hidden; line-height: 0;\" class=\"mce_SELRES_start\"><\/span>\n--><\/p>","protected":false},"excerpt":{"rendered":"<p>Inhalt: Konservierungsarbeit und Statik-Sicherung Materialien und Technologie Konservierungsarbeit und Statik-Sicherung 2010 &#8211; 2017 2000 &#8211; 2009 1994 &#8211; 1999 2017\u00a0(Juli-September) Kalk-l\u00f6schen, 9 Tonnen Fugen von Fensterbogen im 1. und im 2. Stock im Turm Reparierung von Kapitellen (S\u00e4ulenknaufen) der S\u00e4ulen im Kirschenschiff &#8211; in der nord\u00f6stlichen Ecke Fugen und Verputzen im Exterieur der Kirche, westlich <a class=\"read-more\" href=\"https:\/\/www.katarinka.sk\/de\/kloster-katarinka\/facharbeiten-und-forschung\/denkmalpflege-und-technologie\/\">Read More<\/a><\/p>\n","protected":false},"author":1,"featured_media":0,"parent":84,"menu_order":0,"comment_status":"closed","ping_status":"closed","template":"","meta":{"footnotes":""},"class_list":["post-1664","page","type-page","status-publish","hentry"],"_links":{"self":[{"href":"https:\/\/www.katarinka.sk\/de\/wp-json\/wp\/v2\/pages\/1664","targetHints":{"allow":["GET"]}}],"collection":[{"href":"https:\/\/www.katarinka.sk\/de\/wp-json\/wp\/v2\/pages"}],"about":[{"href":"https:\/\/www.katarinka.sk\/de\/wp-json\/wp\/v2\/types\/page"}],"author":[{"embeddable":true,"href":"https:\/\/www.katarinka.sk\/de\/wp-json\/wp\/v2\/users\/1"}],"replies":[{"embeddable":true,"href":"https:\/\/www.katarinka.sk\/de\/wp-json\/wp\/v2\/comments?post=1664"}],"version-history":[{"count":11,"href":"https:\/\/www.katarinka.sk\/de\/wp-json\/wp\/v2\/pages\/1664\/revisions"}],"predecessor-version":[{"id":5153,"href":"https:\/\/www.katarinka.sk\/de\/wp-json\/wp\/v2\/pages\/1664\/revisions\/5153"}],"up":[{"embeddable":true,"href":"https:\/\/www.katarinka.sk\/de\/wp-json\/wp\/v2\/pages\/84"}],"wp:attachment":[{"href":"https:\/\/www.katarinka.sk\/de\/wp-json\/wp\/v2\/media?parent=1664"}],"curies":[{"name":"wp","href":"https:\/\/api.w.org\/{rel}","templated":true}]}}