{"id":1442,"date":"2017-11-22T15:06:23","date_gmt":"2017-11-22T14:06:23","guid":{"rendered":"https:\/\/www.katarinka.sk\/?page_id=1442"},"modified":"2023-01-03T14:04:50","modified_gmt":"2023-01-03T13:04:50","slug":"ako-vas-mozem-podporit","status":"publish","type":"page","link":"https:\/\/www.katarinka.sk\/de\/faq\/wie-kann-ich-sie-unterstutzen\/","title":{"rendered":"Wie kann ich Sie unterst\u00fctzen?"},"content":{"rendered":"<p>Es gibt mehrere M\u00f6glichkeiten, wie Sie uns unterst\u00fctzen k\u00f6nnen:<\/p>\n<h2>Finanziell<\/h2>\n<p>Einmalige oder regelm\u00e4\u00dfige Spende oder die kontinuierliche finanzielle Unterst\u00fctzung des Projekts Katar\u00ednka auf monatlicher Basis.<\/p>\n<p><a href=\"https:\/\/www.katarinka.sk\/faq\/ako-vas-mozem-podporit\/meceni\/\">Werden Sie M\u00e4zen von Katr\u00ednka und unterst\u00fctzen Sie uns!<\/a><\/p>\n<h2>Materiell<\/h2>\n<p>Wenn Sie \u00dcberfluss haben an:<\/p>\n<ul>\n<li>haltbare Lebensmittel (besonders im Sommer verbrauchen wir z.B. Kartoffeln oder Eingemachte jeder Art)<\/li>\n<li>Baumaterialien und Werkzeug<\/li>\n<\/ul>\n<p>Bez\u00fcglich ihrer materiellen Hilfe schreiben Sie uns bitte an katarinka@katarinka.sk<\/p>\n<h2>Mit Gebet<\/h2>\n<p>Auch dank Ihrem Gebet sind wir noch immer da :)<\/p>","protected":false},"excerpt":{"rendered":"<p>Es gibt mehrere M\u00f6glichkeiten, wie Sie uns unterst\u00fctzen k\u00f6nnen: Finanziell Einmalige oder regelm\u00e4\u00dfige Spende oder die kontinuierliche finanzielle Unterst\u00fctzung des Projekts Katar\u00ednka auf monatlicher Basis. Werden Sie M\u00e4zen von Katr\u00ednka und unterst\u00fctzen Sie uns! Materiell Wenn Sie \u00dcberfluss haben an: haltbare Lebensmittel (besonders im Sommer verbrauchen wir z.B. Kartoffeln oder Eingemachte jeder Art) Baumaterialien und <a class=\"read-more\" href=\"https:\/\/www.katarinka.sk\/de\/faq\/wie-kann-ich-sie-unterstutzen\/\">Read More<\/a><\/p>\n","protected":false},"author":1,"featured_media":0,"parent":18,"menu_order":0,"comment_status":"closed","ping_status":"closed","template":"","meta":{"footnotes":""},"class_list":["post-1442","page","type-page","status-publish","hentry"],"_links":{"self":[{"href":"https:\/\/www.katarinka.sk\/de\/wp-json\/wp\/v2\/pages\/1442","targetHints":{"allow":["GET"]}}],"collection":[{"href":"https:\/\/www.katarinka.sk\/de\/wp-json\/wp\/v2\/pages"}],"about":[{"href":"https:\/\/www.katarinka.sk\/de\/wp-json\/wp\/v2\/types\/page"}],"author":[{"embeddable":true,"href":"https:\/\/www.katarinka.sk\/de\/wp-json\/wp\/v2\/users\/1"}],"replies":[{"embeddable":true,"href":"https:\/\/www.katarinka.sk\/de\/wp-json\/wp\/v2\/comments?post=1442"}],"version-history":[{"count":14,"href":"https:\/\/www.katarinka.sk\/de\/wp-json\/wp\/v2\/pages\/1442\/revisions"}],"predecessor-version":[{"id":5105,"href":"https:\/\/www.katarinka.sk\/de\/wp-json\/wp\/v2\/pages\/1442\/revisions\/5105"}],"up":[{"embeddable":true,"href":"https:\/\/www.katarinka.sk\/de\/wp-json\/wp\/v2\/pages\/18"}],"wp:attachment":[{"href":"https:\/\/www.katarinka.sk\/de\/wp-json\/wp\/v2\/media?parent=1442"}],"curies":[{"name":"wp","href":"https:\/\/api.w.org\/{rel}","templated":true}]}}