{"id":1053,"date":"2017-11-13T14:32:40","date_gmt":"2017-11-13T13:32:40","guid":{"rendered":"https:\/\/www.katarinka.sk\/?page_id=1053"},"modified":"2022-12-30T20:08:42","modified_gmt":"2022-12-30T19:08:42","slug":"bielonedelna-put","status":"publish","type":"page","link":"https:\/\/www.katarinka.sk\/de\/projekt-katarinka\/offentliche-veranstaltungen\/wallfahrt-am-weiser-sonntag\/","title":{"rendered":"Wallfahrt am Wei\u00dfer Sonntag"},"content":{"rendered":"<p>Die Wallfahrt wird seit 1998 immer eine Woche nach Ostern veranstaltet.<\/p>\n<p>Es geht um Wiederbeleubng der Tradion von historischen Pilgerfahrten, die hier fr\u00fcher im 18.\u00a0 Jahrhundert unter der F\u00fchrung des Erzbischofs von Trnava realisiert wurden.\u00a0 Nach Eintr\u00e4gen haben etwa 5 000 Gl\u00e4ubige, vor Allem aus der umgebenden Gemeinden und aus der N\u00e4he der Stadt Trnava, an dieser Pilgerfahrt teilgenommen.<\/p>\n<p>Wei\u00dfer-Sonntag-Wallfahrt beginnt am Hauptbahnof in Bukov\u00e1 und f\u00fchrt fort mit etwa 3-st\u00fcndigem Pilgern am rot-markeirten Wanderweg durch Natur und W\u00e4lder in die Richtung Cerov\u00e1. Von dort geht man einen nichtmarkierten Waldpfad bis zu Katar\u00ednka. In den Ruinen der Kirche der heiligen Katharina\u00a0 wird dann als H\u00f6hepunkt der Pilgerung heilige Messe gefeiert.<\/p>\n<div>\n<div class=\"moduletable\"><iframe loading=\"lazy\" id=\"blockrandom\" class=\"wrapper\" src=\"https:\/\/www.arcgis.com\/home\/webmap\/presentation.html?webmap=e20151216755498b9d82118482077280&amp;extent=17.4291423582233,48.5480053909324,17.4989227079376,48.578792057078\" name=\"MapPresentBNP\" width=\"100%\" height=\"400\" frameborder=\"0\" scrolling=\"no\" data-mce-fragment=\"1\"><br \/>\nBez Iframes<\/iframe><\/div>\n<\/div>\n<p><em>Auf der Karte kann man auf einzelne Symbole klicken, um ein Bild oder eine Beschreibung zu zeigen.<\/em><\/p>\n<p>&nbsp;<\/p>\n<p>Danach steht touristische F\u00fchrung, Pr\u00e4sentation von Ergebissen der Arbeit von Freiwilligen und von n\u00e4chsten Pl\u00e4nen, Braten am Lagerfeur und Fu\u00dfballspielen am Programm.<\/p>\n<p>Die Wallfahrt wird auch beim verschlechtertem Wetter unternommen.<\/p>\n<hr \/>\n<p><style type=\"text\/css\">\n#foogallery-gallery-463_2.fg-justified .fg-item { margin-right: 1px; margin-bottom: 1px; }\n#foogallery-gallery-463_2.fg-justified .fg-image { height: 200px; }<\/style>\n\t\t\t<style type=\"text\/css\">\n#foogallery-gallery-463_1.fg-justified .fg-item { margin-right: 1px; margin-bottom: 1px; }\n#foogallery-gallery-463_1.fg-justified .fg-image { height: 200px; }<\/style>\n\t\t\t<div class=\"foogallery foogallery-container foogallery-justified foogallery-lightbox-foobox fg-justified fg-ready fg-light fg-border-thin fg-shadow-outline fg-loading-default fg-loaded-fade-in fg-caption-hover fg-hover-fade fg-hover-zoom\" id=\"foogallery-gallery-463_1\" data-foogallery=\"{&quot;item&quot;:{&quot;showCaptionTitle&quot;:true,&quot;showCaptionDescription&quot;:true},&quot;lazy&quot;:true,&quot;template&quot;:{&quot;rowHeight&quot;:200,&quot;maxRowHeight&quot;:300,&quot;margins&quot;:1,&quot;align&quot;:&quot;center&quot;,&quot;lastRow&quot;:&quot;smart&quot;}}\" style=\"--fg-title-line-clamp: 0; --fg-description-line-clamp: 0;\" >\n\t<div class=\"fg-item fg-type-image fg-idle\"><figure class=\"fg-item-inner\"><a href=\"https:\/\/www.katarinka.sk\/wp-content\/uploads\/2017\/11\/20140427_10.03_IMG_4284_Katarinka_15.Bielonedelna_put.jpg\" data-attachment-id=\"464\" data-type=\"image\" class=\"fg-thumb\"><span class=\"fg-image-wrap\"><img fetchpriority=\"high\" decoding=\"async\" height=\"300\" width=\"450\" class=\"skip-lazy fg-image\" data-src-fg=\"https:\/\/www.katarinka.sk\/wp-content\/uploads\/cache\/2017\/11\/20140427_10_03_IMG_4284_Katarinka_15_Bielonedelna_put\/3752309005.jpg\" src=\"data:image\/svg+xml,%3Csvg%20xmlns%3D%22http%3A%2F%2Fwww.w3.org%2F2000%2Fsvg%22%20width%3D%22450%22%20height%3D%22300%22%20viewBox%3D%220%200%20450%20300%22%3E%3C%2Fsvg%3E\" loading=\"eager\"><\/span><span class=\"fg-image-overlay\"><\/span><\/a><\/figure><div class=\"fg-loader\"><\/div><\/div><div class=\"fg-item fg-type-image fg-idle\"><figure class=\"fg-item-inner\"><a href=\"https:\/\/www.katarinka.sk\/wp-content\/uploads\/2017\/11\/P1180741.jpg\" data-attachment-id=\"468\" data-type=\"image\" class=\"fg-thumb\"><span class=\"fg-image-wrap\"><img decoding=\"async\" height=\"300\" width=\"400\" class=\"skip-lazy fg-image\" data-src-fg=\"https:\/\/www.katarinka.sk\/wp-content\/uploads\/cache\/2017\/11\/P1180741\/988149907.jpg\" src=\"data:image\/svg+xml,%3Csvg%20xmlns%3D%22http%3A%2F%2Fwww.w3.org%2F2000%2Fsvg%22%20width%3D%22400%22%20height%3D%22300%22%20viewBox%3D%220%200%20400%20300%22%3E%3C%2Fsvg%3E\" loading=\"eager\"><\/span><span class=\"fg-image-overlay\"><\/span><\/a><\/figure><div class=\"fg-loader\"><\/div><\/div><div class=\"fg-item fg-type-image fg-idle\"><figure class=\"fg-item-inner\"><a href=\"https:\/\/www.katarinka.sk\/wp-content\/uploads\/2017\/11\/tmpE4.jpg\" data-attachment-id=\"475\" data-type=\"image\" class=\"fg-thumb\"><span class=\"fg-image-wrap\"><img decoding=\"async\" height=\"300\" width=\"450\" class=\"skip-lazy fg-image\" data-src-fg=\"https:\/\/www.katarinka.sk\/wp-content\/uploads\/cache\/2017\/11\/tmpE4\/3068854315.jpg\" src=\"data:image\/svg+xml,%3Csvg%20xmlns%3D%22http%3A%2F%2Fwww.w3.org%2F2000%2Fsvg%22%20width%3D%22450%22%20height%3D%22300%22%20viewBox%3D%220%200%20450%20300%22%3E%3C%2Fsvg%3E\" loading=\"eager\"><\/span><span class=\"fg-image-overlay\"><\/span><\/a><\/figure><div class=\"fg-loader\"><\/div><\/div><div class=\"fg-item fg-type-image fg-idle\"><figure class=\"fg-item-inner\"><a href=\"https:\/\/www.katarinka.sk\/wp-content\/uploads\/2017\/11\/tmp108.jpg\" data-attachment-id=\"474\" data-type=\"image\" class=\"fg-thumb\"><span class=\"fg-image-wrap\"><img decoding=\"async\" height=\"300\" width=\"450\" class=\"skip-lazy fg-image\" data-src-fg=\"https:\/\/www.katarinka.sk\/wp-content\/uploads\/cache\/2017\/11\/tmp108\/427645101.jpg\" src=\"data:image\/svg+xml,%3Csvg%20xmlns%3D%22http%3A%2F%2Fwww.w3.org%2F2000%2Fsvg%22%20width%3D%22450%22%20height%3D%22300%22%20viewBox%3D%220%200%20450%20300%22%3E%3C%2Fsvg%3E\" loading=\"eager\"><\/span><span class=\"fg-image-overlay\"><\/span><\/a><\/figure><div class=\"fg-loader\"><\/div><\/div><div class=\"fg-item fg-type-image fg-idle\"><figure class=\"fg-item-inner\"><a href=\"https:\/\/www.katarinka.sk\/wp-content\/uploads\/2017\/11\/tmpE8.jpg\" data-attachment-id=\"476\" data-type=\"image\" class=\"fg-thumb\"><span class=\"fg-image-wrap\"><img decoding=\"async\" height=\"300\" width=\"1361.7391304348\" class=\"skip-lazy fg-image\" data-src-fg=\"https:\/\/www.katarinka.sk\/wp-content\/uploads\/2017\/11\/tmpE8.jpg\" src=\"data:image\/svg+xml,%3Csvg%20xmlns%3D%22http%3A%2F%2Fwww.w3.org%2F2000%2Fsvg%22%20width%3D%221361.7391304348%22%20height%3D%22300%22%20viewBox%3D%220%200%201361.7391304348%20300%22%3E%3C%2Fsvg%3E\" loading=\"eager\"><\/span><span class=\"fg-image-overlay\"><\/span><\/a><\/figure><div class=\"fg-loader\"><\/div><\/div><div class=\"fg-item fg-type-image fg-idle\"><figure class=\"fg-item-inner\"><a href=\"https:\/\/www.katarinka.sk\/wp-content\/uploads\/2017\/11\/P1180774.jpg\" data-attachment-id=\"469\" data-type=\"image\" class=\"fg-thumb\"><span class=\"fg-image-wrap\"><img decoding=\"async\" height=\"300\" width=\"400\" class=\"skip-lazy fg-image\" data-src-fg=\"https:\/\/www.katarinka.sk\/wp-content\/uploads\/cache\/2017\/11\/P1180774\/1089463222.jpg\" src=\"data:image\/svg+xml,%3Csvg%20xmlns%3D%22http%3A%2F%2Fwww.w3.org%2F2000%2Fsvg%22%20width%3D%22400%22%20height%3D%22300%22%20viewBox%3D%220%200%20400%20300%22%3E%3C%2Fsvg%3E\" loading=\"eager\"><\/span><span class=\"fg-image-overlay\"><\/span><\/a><\/figure><div class=\"fg-loader\"><\/div><\/div><div class=\"fg-item fg-type-image fg-idle\"><figure class=\"fg-item-inner\"><a href=\"https:\/\/www.katarinka.sk\/wp-content\/uploads\/2017\/11\/P1180787.jpg\" data-attachment-id=\"470\" data-type=\"image\" class=\"fg-thumb\"><span class=\"fg-image-wrap\"><img decoding=\"async\" height=\"300\" width=\"400\" class=\"skip-lazy fg-image\" data-src-fg=\"https:\/\/www.katarinka.sk\/wp-content\/uploads\/cache\/2017\/11\/P1180787\/2874764848.jpg\" src=\"data:image\/svg+xml,%3Csvg%20xmlns%3D%22http%3A%2F%2Fwww.w3.org%2F2000%2Fsvg%22%20width%3D%22400%22%20height%3D%22300%22%20viewBox%3D%220%200%20400%20300%22%3E%3C%2Fsvg%3E\" loading=\"eager\"><\/span><span class=\"fg-image-overlay\"><\/span><\/a><\/figure><div class=\"fg-loader\"><\/div><\/div><div class=\"fg-item fg-type-image fg-idle\"><figure class=\"fg-item-inner\"><a href=\"https:\/\/www.katarinka.sk\/wp-content\/uploads\/2017\/11\/20140427_14.08_IMG_4933_Katarinka_15.Bielonedelna_put.jpg\" data-attachment-id=\"465\" data-type=\"image\" class=\"fg-thumb\"><span class=\"fg-image-wrap\"><img decoding=\"async\" height=\"300\" width=\"200\" class=\"skip-lazy fg-image\" data-src-fg=\"https:\/\/www.katarinka.sk\/wp-content\/uploads\/cache\/2017\/11\/20140427_14_08_IMG_4933_Katarinka_15_Bielonedelna_put\/235810048.jpg\" src=\"data:image\/svg+xml,%3Csvg%20xmlns%3D%22http%3A%2F%2Fwww.w3.org%2F2000%2Fsvg%22%20width%3D%22200%22%20height%3D%22300%22%20viewBox%3D%220%200%20200%20300%22%3E%3C%2Fsvg%3E\" loading=\"eager\"><\/span><span class=\"fg-image-overlay\"><\/span><\/a><\/figure><div class=\"fg-loader\"><\/div><\/div><div class=\"fg-item fg-type-image fg-idle\"><figure class=\"fg-item-inner\"><a href=\"https:\/\/www.katarinka.sk\/wp-content\/uploads\/2017\/11\/20140427_15.32_IMG_5006_Katarinka_15.Bielonedelna_put.jpg\" data-attachment-id=\"466\" data-type=\"image\" class=\"fg-thumb\"><span class=\"fg-image-wrap\"><img decoding=\"async\" height=\"300\" width=\"450\" class=\"skip-lazy fg-image\" data-src-fg=\"https:\/\/www.katarinka.sk\/wp-content\/uploads\/cache\/2017\/11\/20140427_15_32_IMG_5006_Katarinka_15_Bielonedelna_put\/1882102738.jpg\" src=\"data:image\/svg+xml,%3Csvg%20xmlns%3D%22http%3A%2F%2Fwww.w3.org%2F2000%2Fsvg%22%20width%3D%22450%22%20height%3D%22300%22%20viewBox%3D%220%200%20450%20300%22%3E%3C%2Fsvg%3E\" loading=\"eager\"><\/span><span class=\"fg-image-overlay\"><\/span><\/a><\/figure><div class=\"fg-loader\"><\/div><\/div><div class=\"fg-item fg-type-image fg-idle\"><figure class=\"fg-item-inner\"><a href=\"https:\/\/www.katarinka.sk\/wp-content\/uploads\/2017\/11\/20140427_16.24_IMG_5063_Katarinka_15.Bielonedelna_put.jpg\" data-attachment-id=\"467\" data-type=\"image\" class=\"fg-thumb\"><span class=\"fg-image-wrap\"><img decoding=\"async\" height=\"300\" width=\"450\" class=\"skip-lazy fg-image\" data-src-fg=\"https:\/\/www.katarinka.sk\/wp-content\/uploads\/cache\/2017\/11\/20140427_16_24_IMG_5063_Katarinka_15_Bielonedelna_put\/2049795449.jpg\" src=\"data:image\/svg+xml,%3Csvg%20xmlns%3D%22http%3A%2F%2Fwww.w3.org%2F2000%2Fsvg%22%20width%3D%22450%22%20height%3D%22300%22%20viewBox%3D%220%200%20450%20300%22%3E%3C%2Fsvg%3E\" loading=\"eager\"><\/span><span class=\"fg-image-overlay\"><\/span><\/a><\/figure><div class=\"fg-loader\"><\/div><\/div><div class=\"fg-item fg-type-image fg-idle\"><figure class=\"fg-item-inner\"><a href=\"https:\/\/www.katarinka.sk\/wp-content\/uploads\/2017\/11\/P1180812.jpg\" data-attachment-id=\"471\" data-type=\"image\" class=\"fg-thumb\"><span class=\"fg-image-wrap\"><img decoding=\"async\" height=\"300\" width=\"400\" class=\"skip-lazy fg-image\" data-src-fg=\"https:\/\/www.katarinka.sk\/wp-content\/uploads\/cache\/2017\/11\/P1180812\/3044451334.jpg\" src=\"data:image\/svg+xml,%3Csvg%20xmlns%3D%22http%3A%2F%2Fwww.w3.org%2F2000%2Fsvg%22%20width%3D%22400%22%20height%3D%22300%22%20viewBox%3D%220%200%20400%20300%22%3E%3C%2Fsvg%3E\" loading=\"eager\"><\/span><span class=\"fg-image-overlay\"><\/span><\/a><\/figure><div class=\"fg-loader\"><\/div><\/div><div class=\"fg-item fg-type-image fg-idle\"><figure class=\"fg-item-inner\"><a href=\"https:\/\/www.katarinka.sk\/wp-content\/uploads\/2017\/11\/P1180813.jpg\" data-attachment-id=\"472\" data-type=\"image\" class=\"fg-thumb\"><span class=\"fg-image-wrap\"><img decoding=\"async\" height=\"300\" width=\"400\" class=\"skip-lazy fg-image\" data-src-fg=\"https:\/\/www.katarinka.sk\/wp-content\/uploads\/cache\/2017\/11\/P1180813\/1685446164.jpg\" src=\"data:image\/svg+xml,%3Csvg%20xmlns%3D%22http%3A%2F%2Fwww.w3.org%2F2000%2Fsvg%22%20width%3D%22400%22%20height%3D%22300%22%20viewBox%3D%220%200%20400%20300%22%3E%3C%2Fsvg%3E\" loading=\"eager\"><\/span><span class=\"fg-image-overlay\"><\/span><\/a><\/figure><div class=\"fg-loader\"><\/div><\/div><div class=\"fg-item fg-type-image fg-idle\"><figure class=\"fg-item-inner\"><a href=\"https:\/\/www.katarinka.sk\/wp-content\/uploads\/2017\/11\/P1180824.jpg\" data-attachment-id=\"473\" data-type=\"image\" class=\"fg-thumb\"><span class=\"fg-image-wrap\"><img decoding=\"async\" height=\"300\" width=\"400\" class=\"skip-lazy fg-image\" data-src-fg=\"https:\/\/www.katarinka.sk\/wp-content\/uploads\/cache\/2017\/11\/P1180824\/1549451852.jpg\" src=\"data:image\/svg+xml,%3Csvg%20xmlns%3D%22http%3A%2F%2Fwww.w3.org%2F2000%2Fsvg%22%20width%3D%22400%22%20height%3D%22300%22%20viewBox%3D%220%200%20400%20300%22%3E%3C%2Fsvg%3E\" loading=\"eager\"><\/span><span class=\"fg-image-overlay\"><\/span><\/a><\/figure><div class=\"fg-loader\"><\/div><\/div><div class=\"fg-item fg-type-image fg-idle\"><figure class=\"fg-item-inner\"><a href=\"https:\/\/www.katarinka.sk\/wp-content\/uploads\/2017\/11\/DSC_0540.jpg\" data-attachment-id=\"2773\" data-type=\"image\" class=\"fg-thumb\"><span class=\"fg-image-wrap\"><img decoding=\"async\" height=\"300\" width=\"450\" class=\"skip-lazy fg-image\" data-src-fg=\"https:\/\/www.katarinka.sk\/wp-content\/uploads\/cache\/2017\/11\/DSC_0540\/361518695.jpg\" src=\"data:image\/svg+xml,%3Csvg%20xmlns%3D%22http%3A%2F%2Fwww.w3.org%2F2000%2Fsvg%22%20width%3D%22450%22%20height%3D%22300%22%20viewBox%3D%220%200%20450%20300%22%3E%3C%2Fsvg%3E\" loading=\"eager\"><\/span><span class=\"fg-image-overlay\"><\/span><\/a><\/figure><div class=\"fg-loader\"><\/div><\/div><div class=\"fg-item fg-type-image fg-idle\"><figure class=\"fg-item-inner\"><a href=\"https:\/\/www.katarinka.sk\/wp-content\/uploads\/2017\/11\/DSC_0550.jpg\" data-attachment-id=\"2774\" data-type=\"image\" class=\"fg-thumb\"><span class=\"fg-image-wrap\"><img decoding=\"async\" height=\"300\" width=\"450\" class=\"skip-lazy fg-image\" data-src-fg=\"https:\/\/www.katarinka.sk\/wp-content\/uploads\/cache\/2017\/11\/DSC_0550\/851615416.jpg\" src=\"data:image\/svg+xml,%3Csvg%20xmlns%3D%22http%3A%2F%2Fwww.w3.org%2F2000%2Fsvg%22%20width%3D%22450%22%20height%3D%22300%22%20viewBox%3D%220%200%20450%20300%22%3E%3C%2Fsvg%3E\" loading=\"eager\"><\/span><span class=\"fg-image-overlay\"><\/span><\/a><\/figure><div class=\"fg-loader\"><\/div><\/div><div class=\"fg-item fg-type-image fg-idle\"><figure class=\"fg-item-inner\"><a href=\"https:\/\/www.katarinka.sk\/wp-content\/uploads\/2017\/11\/DSC_0556.jpg\" data-attachment-id=\"2775\" data-type=\"image\" class=\"fg-thumb\"><span class=\"fg-image-wrap\"><img decoding=\"async\" height=\"300\" width=\"450\" class=\"skip-lazy fg-image\" data-src-fg=\"https:\/\/www.katarinka.sk\/wp-content\/uploads\/cache\/2017\/11\/DSC_0556\/4291477179.jpg\" src=\"data:image\/svg+xml,%3Csvg%20xmlns%3D%22http%3A%2F%2Fwww.w3.org%2F2000%2Fsvg%22%20width%3D%22450%22%20height%3D%22300%22%20viewBox%3D%220%200%20450%20300%22%3E%3C%2Fsvg%3E\" loading=\"eager\"><\/span><span class=\"fg-image-overlay\"><\/span><\/a><\/figure><div class=\"fg-loader\"><\/div><\/div><div class=\"fg-item fg-type-image fg-idle\"><figure class=\"fg-item-inner\"><a href=\"https:\/\/www.katarinka.sk\/wp-content\/uploads\/2017\/11\/DSC_0558.jpg\" data-attachment-id=\"2776\" data-type=\"image\" class=\"fg-thumb\"><span class=\"fg-image-wrap\"><img decoding=\"async\" height=\"300\" width=\"450\" class=\"skip-lazy fg-image\" data-src-fg=\"https:\/\/www.katarinka.sk\/wp-content\/uploads\/cache\/2017\/11\/DSC_0558\/4159297029.jpg\" src=\"data:image\/svg+xml,%3Csvg%20xmlns%3D%22http%3A%2F%2Fwww.w3.org%2F2000%2Fsvg%22%20width%3D%22450%22%20height%3D%22300%22%20viewBox%3D%220%200%20450%20300%22%3E%3C%2Fsvg%3E\" loading=\"eager\"><\/span><span class=\"fg-image-overlay\"><\/span><\/a><\/figure><div class=\"fg-loader\"><\/div><\/div><div class=\"fg-item fg-type-image fg-idle\"><figure class=\"fg-item-inner\"><a href=\"https:\/\/www.katarinka.sk\/wp-content\/uploads\/2017\/11\/DSC_0568-1.jpg\" data-attachment-id=\"2777\" data-type=\"image\" class=\"fg-thumb\"><span class=\"fg-image-wrap\"><img decoding=\"async\" height=\"300\" width=\"450\" class=\"skip-lazy fg-image\" data-src-fg=\"https:\/\/www.katarinka.sk\/wp-content\/uploads\/cache\/2017\/11\/DSC_0568-1\/1210356688.jpg\" src=\"data:image\/svg+xml,%3Csvg%20xmlns%3D%22http%3A%2F%2Fwww.w3.org%2F2000%2Fsvg%22%20width%3D%22450%22%20height%3D%22300%22%20viewBox%3D%220%200%20450%20300%22%3E%3C%2Fsvg%3E\" loading=\"eager\"><\/span><span class=\"fg-image-overlay\"><\/span><\/a><\/figure><div class=\"fg-loader\"><\/div><\/div><div class=\"fg-item fg-type-image fg-idle\"><figure class=\"fg-item-inner\"><a href=\"https:\/\/www.katarinka.sk\/wp-content\/uploads\/2017\/11\/DSC_0620.jpg\" data-attachment-id=\"2778\" data-type=\"image\" class=\"fg-thumb\"><span class=\"fg-image-wrap\"><img decoding=\"async\" height=\"300\" width=\"450\" class=\"skip-lazy fg-image\" data-src-fg=\"https:\/\/www.katarinka.sk\/wp-content\/uploads\/cache\/2017\/11\/DSC_0620\/3409027650.jpg\" src=\"data:image\/svg+xml,%3Csvg%20xmlns%3D%22http%3A%2F%2Fwww.w3.org%2F2000%2Fsvg%22%20width%3D%22450%22%20height%3D%22300%22%20viewBox%3D%220%200%20450%20300%22%3E%3C%2Fsvg%3E\" loading=\"eager\"><\/span><span class=\"fg-image-overlay\"><\/span><\/a><\/figure><div class=\"fg-loader\"><\/div><\/div><div class=\"fg-item fg-type-image fg-idle\"><figure class=\"fg-item-inner\"><a href=\"https:\/\/www.katarinka.sk\/wp-content\/uploads\/2017\/11\/DSC_0624.jpg\" data-attachment-id=\"2779\" data-type=\"image\" class=\"fg-thumb\"><span class=\"fg-image-wrap\"><img decoding=\"async\" height=\"300\" width=\"450\" class=\"skip-lazy fg-image\" data-src-fg=\"https:\/\/www.katarinka.sk\/wp-content\/uploads\/cache\/2017\/11\/DSC_0624\/1142719804.jpg\" src=\"data:image\/svg+xml,%3Csvg%20xmlns%3D%22http%3A%2F%2Fwww.w3.org%2F2000%2Fsvg%22%20width%3D%22450%22%20height%3D%22300%22%20viewBox%3D%220%200%20450%20300%22%3E%3C%2Fsvg%3E\" loading=\"eager\"><\/span><span class=\"fg-image-overlay\"><\/span><\/a><\/figure><div class=\"fg-loader\"><\/div><\/div><div class=\"fg-item fg-type-image fg-idle\"><figure class=\"fg-item-inner\"><a href=\"https:\/\/www.katarinka.sk\/wp-content\/uploads\/2017\/11\/DSC_0658.jpg\" data-attachment-id=\"2780\" data-type=\"image\" class=\"fg-thumb\"><span class=\"fg-image-wrap\"><img decoding=\"async\" height=\"300\" width=\"450\" class=\"skip-lazy fg-image\" data-src-fg=\"https:\/\/www.katarinka.sk\/wp-content\/uploads\/cache\/2017\/11\/DSC_0658\/3845155625.jpg\" src=\"data:image\/svg+xml,%3Csvg%20xmlns%3D%22http%3A%2F%2Fwww.w3.org%2F2000%2Fsvg%22%20width%3D%22450%22%20height%3D%22300%22%20viewBox%3D%220%200%20450%20300%22%3E%3C%2Fsvg%3E\" loading=\"eager\"><\/span><span class=\"fg-image-overlay\"><\/span><\/a><\/figure><div class=\"fg-loader\"><\/div><\/div><div class=\"fg-item fg-type-image fg-idle\"><figure class=\"fg-item-inner\"><a href=\"https:\/\/www.katarinka.sk\/wp-content\/uploads\/2017\/11\/DSC_0689.jpg\" data-attachment-id=\"2781\" data-type=\"image\" class=\"fg-thumb\"><span class=\"fg-image-wrap\"><img decoding=\"async\" height=\"300\" width=\"450\" class=\"skip-lazy fg-image\" data-src-fg=\"https:\/\/www.katarinka.sk\/wp-content\/uploads\/cache\/2017\/11\/DSC_0689\/3551700324.jpg\" src=\"data:image\/svg+xml,%3Csvg%20xmlns%3D%22http%3A%2F%2Fwww.w3.org%2F2000%2Fsvg%22%20width%3D%22450%22%20height%3D%22300%22%20viewBox%3D%220%200%20450%20300%22%3E%3C%2Fsvg%3E\" loading=\"eager\"><\/span><span class=\"fg-image-overlay\"><\/span><\/a><\/figure><div class=\"fg-loader\"><\/div><\/div><div class=\"fg-item fg-type-image fg-idle\"><figure class=\"fg-item-inner\"><a href=\"https:\/\/www.katarinka.sk\/wp-content\/uploads\/2017\/11\/DSC_0781.jpg\" data-attachment-id=\"2782\" data-type=\"image\" class=\"fg-thumb\"><span class=\"fg-image-wrap\"><img decoding=\"async\" height=\"300\" width=\"450\" class=\"skip-lazy fg-image\" data-src-fg=\"https:\/\/www.katarinka.sk\/wp-content\/uploads\/cache\/2017\/11\/DSC_0781\/4064063331.jpg\" src=\"data:image\/svg+xml,%3Csvg%20xmlns%3D%22http%3A%2F%2Fwww.w3.org%2F2000%2Fsvg%22%20width%3D%22450%22%20height%3D%22300%22%20viewBox%3D%220%200%20450%20300%22%3E%3C%2Fsvg%3E\" loading=\"eager\"><\/span><span class=\"fg-image-overlay\"><\/span><\/a><\/figure><div class=\"fg-loader\"><\/div><\/div><div class=\"fg-item fg-type-image fg-idle\"><figure class=\"fg-item-inner\"><a href=\"https:\/\/www.katarinka.sk\/wp-content\/uploads\/2017\/11\/DSC_0793.jpg\" data-attachment-id=\"2783\" data-type=\"image\" class=\"fg-thumb\"><span class=\"fg-image-wrap\"><img decoding=\"async\" height=\"300\" width=\"450\" class=\"skip-lazy fg-image\" data-src-fg=\"https:\/\/www.katarinka.sk\/wp-content\/uploads\/cache\/2017\/11\/DSC_0793\/2886047193.jpg\" src=\"data:image\/svg+xml,%3Csvg%20xmlns%3D%22http%3A%2F%2Fwww.w3.org%2F2000%2Fsvg%22%20width%3D%22450%22%20height%3D%22300%22%20viewBox%3D%220%200%20450%20300%22%3E%3C%2Fsvg%3E\" loading=\"eager\"><\/span><span class=\"fg-image-overlay\"><\/span><\/a><\/figure><div class=\"fg-loader\"><\/div><\/div><div class=\"fg-item fg-type-image fg-idle\"><figure class=\"fg-item-inner\"><a href=\"https:\/\/www.katarinka.sk\/wp-content\/uploads\/2017\/11\/DSC_0796.jpg\" data-attachment-id=\"2784\" data-type=\"image\" class=\"fg-thumb\"><span class=\"fg-image-wrap\"><img decoding=\"async\" height=\"300\" width=\"450\" class=\"skip-lazy fg-image\" data-src-fg=\"https:\/\/www.katarinka.sk\/wp-content\/uploads\/cache\/2017\/11\/DSC_0796\/3570419489.jpg\" src=\"data:image\/svg+xml,%3Csvg%20xmlns%3D%22http%3A%2F%2Fwww.w3.org%2F2000%2Fsvg%22%20width%3D%22450%22%20height%3D%22300%22%20viewBox%3D%220%200%20450%20300%22%3E%3C%2Fsvg%3E\" loading=\"eager\"><\/span><span class=\"fg-image-overlay\"><\/span><\/a><\/figure><div class=\"fg-loader\"><\/div><\/div><div class=\"fg-item fg-type-image fg-idle\"><figure class=\"fg-item-inner\"><a href=\"https:\/\/www.katarinka.sk\/wp-content\/uploads\/2017\/11\/DSC_0797.jpg\" data-attachment-id=\"2785\" data-type=\"image\" class=\"fg-thumb\"><span class=\"fg-image-wrap\"><img decoding=\"async\" height=\"300\" width=\"450\" class=\"skip-lazy fg-image\" data-src-fg=\"https:\/\/www.katarinka.sk\/wp-content\/uploads\/cache\/2017\/11\/DSC_0797\/320695867.jpg\" src=\"data:image\/svg+xml,%3Csvg%20xmlns%3D%22http%3A%2F%2Fwww.w3.org%2F2000%2Fsvg%22%20width%3D%22450%22%20height%3D%22300%22%20viewBox%3D%220%200%20450%20300%22%3E%3C%2Fsvg%3E\" loading=\"eager\"><\/span><span class=\"fg-image-overlay\"><\/span><\/a><\/figure><div class=\"fg-loader\"><\/div><\/div><div class=\"fg-item fg-type-image fg-idle\"><figure class=\"fg-item-inner\"><a href=\"https:\/\/www.katarinka.sk\/wp-content\/uploads\/2017\/11\/DSC_0802.jpg\" data-attachment-id=\"2786\" data-type=\"image\" class=\"fg-thumb\"><span class=\"fg-image-wrap\"><img decoding=\"async\" height=\"300\" width=\"450\" class=\"skip-lazy fg-image\" data-src-fg=\"https:\/\/www.katarinka.sk\/wp-content\/uploads\/cache\/2017\/11\/DSC_0802\/469563141.jpg\" src=\"data:image\/svg+xml,%3Csvg%20xmlns%3D%22http%3A%2F%2Fwww.w3.org%2F2000%2Fsvg%22%20width%3D%22450%22%20height%3D%22300%22%20viewBox%3D%220%200%20450%20300%22%3E%3C%2Fsvg%3E\" loading=\"eager\"><\/span><span class=\"fg-image-overlay\"><\/span><\/a><\/figure><div class=\"fg-loader\"><\/div><\/div><div class=\"fg-item fg-type-image fg-idle\"><figure class=\"fg-item-inner\"><a href=\"https:\/\/www.katarinka.sk\/wp-content\/uploads\/2017\/11\/DSC_0840.jpg\" data-attachment-id=\"2787\" data-type=\"image\" class=\"fg-thumb\"><span class=\"fg-image-wrap\"><img decoding=\"async\" height=\"300\" width=\"450\" class=\"skip-lazy fg-image\" data-src-fg=\"https:\/\/www.katarinka.sk\/wp-content\/uploads\/cache\/2017\/11\/DSC_0840\/257067248.jpg\" src=\"data:image\/svg+xml,%3Csvg%20xmlns%3D%22http%3A%2F%2Fwww.w3.org%2F2000%2Fsvg%22%20width%3D%22450%22%20height%3D%22300%22%20viewBox%3D%220%200%20450%20300%22%3E%3C%2Fsvg%3E\" loading=\"eager\"><\/span><span class=\"fg-image-overlay\"><\/span><\/a><\/figure><div class=\"fg-loader\"><\/div><\/div><div class=\"fg-item fg-type-image fg-idle\"><figure class=\"fg-item-inner\"><a href=\"https:\/\/www.katarinka.sk\/wp-content\/uploads\/2017\/11\/DSC_0848.jpg\" data-attachment-id=\"2788\" data-type=\"image\" class=\"fg-thumb\"><span class=\"fg-image-wrap\"><img decoding=\"async\" height=\"300\" width=\"450\" class=\"skip-lazy fg-image\" data-src-fg=\"https:\/\/www.katarinka.sk\/wp-content\/uploads\/cache\/2017\/11\/DSC_0848\/3082486777.jpg\" src=\"data:image\/svg+xml,%3Csvg%20xmlns%3D%22http%3A%2F%2Fwww.w3.org%2F2000%2Fsvg%22%20width%3D%22450%22%20height%3D%22300%22%20viewBox%3D%220%200%20450%20300%22%3E%3C%2Fsvg%3E\" loading=\"eager\"><\/span><span class=\"fg-image-overlay\"><\/span><\/a><\/figure><div class=\"fg-loader\"><\/div><\/div><\/div>\n<\/p>","protected":false},"excerpt":{"rendered":"<p>Die Wallfahrt wird seit 1998 immer eine Woche nach Ostern veranstaltet. Es geht um Wiederbeleubng der Tradion von historischen Pilgerfahrten, die hier fr\u00fcher im 18.\u00a0 Jahrhundert unter der F\u00fchrung des Erzbischofs von Trnava realisiert wurden.\u00a0 Nach Eintr\u00e4gen haben etwa 5 000 Gl\u00e4ubige, vor Allem aus der umgebenden Gemeinden und aus der N\u00e4he der Stadt Trnava, <a class=\"read-more\" href=\"https:\/\/www.katarinka.sk\/de\/projekt-katarinka\/offentliche-veranstaltungen\/wallfahrt-am-weiser-sonntag\/\">Read More<\/a><\/p>\n","protected":false},"author":1,"featured_media":0,"parent":88,"menu_order":0,"comment_status":"closed","ping_status":"closed","template":"","meta":{"footnotes":""},"class_list":["post-1053","page","type-page","status-publish","hentry"],"_links":{"self":[{"href":"https:\/\/www.katarinka.sk\/de\/wp-json\/wp\/v2\/pages\/1053","targetHints":{"allow":["GET"]}}],"collection":[{"href":"https:\/\/www.katarinka.sk\/de\/wp-json\/wp\/v2\/pages"}],"about":[{"href":"https:\/\/www.katarinka.sk\/de\/wp-json\/wp\/v2\/types\/page"}],"author":[{"embeddable":true,"href":"https:\/\/www.katarinka.sk\/de\/wp-json\/wp\/v2\/users\/1"}],"replies":[{"embeddable":true,"href":"https:\/\/www.katarinka.sk\/de\/wp-json\/wp\/v2\/comments?post=1053"}],"version-history":[{"count":4,"href":"https:\/\/www.katarinka.sk\/de\/wp-json\/wp\/v2\/pages\/1053\/revisions"}],"predecessor-version":[{"id":5086,"href":"https:\/\/www.katarinka.sk\/de\/wp-json\/wp\/v2\/pages\/1053\/revisions\/5086"}],"up":[{"embeddable":true,"href":"https:\/\/www.katarinka.sk\/de\/wp-json\/wp\/v2\/pages\/88"}],"wp:attachment":[{"href":"https:\/\/www.katarinka.sk\/de\/wp-json\/wp\/v2\/media?parent=1053"}],"curies":[{"name":"wp","href":"https:\/\/api.w.org\/{rel}","templated":true}]}}